{"id":853,"date":"2017-04-23T16:39:44","date_gmt":"2017-04-23T13:39:44","guid":{"rendered":"http:\/\/www.emeks.biz.tr\/cozumlerimiz-kopya\/"},"modified":"2025-03-28T00:53:18","modified_gmt":"2025-03-27T21:53:18","slug":"tiger-3-enterprise","status":"publish","type":"page","link":"https:\/\/www.emeks.biz.tr\/index.php\/tiger-3-enterprise\/","title":{"rendered":"Tiger 3 Enterprise"},"content":{"rendered":"<p><img loading=\"lazy\" decoding=\"async\" width=\"1\" height=\"1\" src=\"http:\/\/www.emeks.biz.tr\/wp-content\/uploads\/2017\/04\/t3enterprise.png\" \/>\t\t\t\t\t\t\t\t\t\t\t\t\t\t\t\t\t\t\t\t\t\t\t<\/p>\n<p>Tiger 3 EnterpriseTiger 3 Enterprise, orta ve b\u00fcy\u00fck \u00f6l\u00e7ekli i\u015fletmelerin s\u00fcrd\u00fcr\u00fclebilir verimlili\u011fini destekleyen, farkl\u0131 fonksiyonlara gerekti\u011fi zamanda eri\u015fimi sa\u011flayan ve \u00f6l\u00e7eklenebilir ERP yaz\u0131l\u0131m\u0131d\u0131r.<\/p>\n<p><img decoding=\"async\" src=\"\/wp-content\/uploads\/2017\/04\/21_37.png\">H\u0131zl\u0131 Adaptasyon \u0130mkan\u0131Sa\u011flad\u0131\u011f\u0131 kolay kullan\u0131c\u0131 aray\u00fcz\u00fc sayesinde, \u00f6\u011frenim s\u00fcrecini minimuma indirerek, uygulaman\u0131n i\u015fletmeniz i\u00e7erisinde h\u0131zl\u0131 bir \u015fekilde kullan\u0131ma ge\u00e7mesini sa\u011flar.<img decoding=\"async\" src=\"http:\/\/www.emeks.biz.tr\/wp-content\/uploads\/2017\/04\/Setofbusinessicons-38.png\">App in AppTiger 3 Enterprise app in app yakla\u015f\u0131m\u0131 ile i\u015f uygulamalar\u0131n\u0131z\u0131 b\u00fcy\u00fct\u00fcp geli\u015ftirerek yeni \u00f6zelliklerin tek t\u0131kla app ya da widget olarak eklenmesine olanak sa\u011flar. Platform ba\u011f\u0131ms\u0131z geli\u015ftirilen bu uygulamalar ile zaman ve mekan ba\u011f\u0131ms\u0131z istedi\u011finiz bilgiye an\u0131nda ula\u015fabilirsiniz.<img decoding=\"async\" src=\"http:\/\/www.emeks.biz.tr\/wp-content\/uploads\/2017\/04\/11_21.png\">Kullan\u0131\u015fl\u0131 ve Pratik Aray\u00fczYeni nesil teknoloji ile geli\u015ftirilen Tiger 3 Enterprise&#8217; \u0131n g\u00f6z yormayan estetik tasar\u0131m\u0131 ve \u00fcr\u00fcn i\u00e7i arama motoru sayesinde istedi\u011finiz t\u00fcm bilgilere ve en s\u0131k kulland\u0131\u011f\u0131n\u0131z i\u015flemlere kolayl\u0131kla ula\u015fabilirsiniz.<img decoding=\"async\" src=\"http:\/\/www.emeks.biz.tr\/wp-content\/uploads\/2017\/04\/25_34.png\">Birden \u00c7ok Lokasyonda Kullan\u0131mBirden fazla lokasyonda i\u015f yapan \u015firketler i\u00e7in \u00e7ok y\u00f6nl\u00fc planlama ve kontrol\u00fc destekler.<img decoding=\"async\" src=\"http:\/\/www.emeks.biz.tr\/wp-content\/uploads\/2017\/04\/2_38.png\">G\u00fc\u00e7l\u00fc \u00dcretim ve Planlama Deste\u011fi\u00dcretim ve sat\u0131\u015f lojisti\u011fi \u00f6zellikleri ve bu temel faaliyetleri destekleyen planlama ve finans y\u00f6netimi gibi sistemleri ile t\u00fcm \u015firket i\u00e7i s\u00fcre\u00e7lerinizi kolayl\u0131kla y\u00f6netmenizi sa\u011flar.<img decoding=\"async\" src=\"http:\/\/www.emeks.biz.tr\/wp-content\/uploads\/2017\/04\/13_13_5.png\">Ki\u015fiselle\u015ftirilebilen Aray\u00fcz \u0130mkan\u0131H\u0131zl\u0131, ak\u0131c\u0131 ve kullan\u0131c\u0131 rol\u00fcne g\u00f6re ki\u015fiselle\u015ftirilebilen aray\u00fcz tasar\u0131m\u0131 sayesinde, tek tu\u015fla yeni masa\u00fcst\u00fc ekleyebilir, diledi\u011finiz fonksiyonlar\u0131 k\u0131sayol olarak tan\u0131mlayabilirsiniz.<img decoding=\"async\" src=\"http:\/\/www.emeks.biz.tr\/wp-content\/uploads\/2017\/04\/11_19.png\">Di\u011fer \u015eirket \u0130\u00e7i Yaz\u0131l\u0131mlarla Entegrasyon\u015eirketlerin kendi b\u00fcnyelerinde geli\u015ftirmi\u015f olduklar\u0131 di\u011fer yaz\u0131l\u0131mlar ile kolayca entegre edilebilir.<img decoding=\"async\" src=\"http:\/\/www.emeks.biz.tr\/wp-content\/uploads\/2017\/04\/setofbusinessicons-09.png\">Esnek RaporlamaEsnek raporlama \u00f6zellikleri ile ihtiya\u00e7 duyaca\u011f\u0131n\u0131z farkl\u0131 raporlar\u0131n kolayl\u0131kla tasarlanabilmesini sa\u011flar.<img decoding=\"async\" src=\"http:\/\/www.emeks.biz.tr\/wp-content\/uploads\/2017\/04\/8_10.png\">Yabanc\u0131 Dil Deste\u011fiUluslararas\u0131 firmalar veya ithalat\/ihracat yapan firmalar i\u00e7in yabanc\u0131 dil deste\u011fi sa\u011flar.<img decoding=\"async\" src=\"http:\/\/www.emeks.biz.tr\/wp-content\/uploads\/2017\/04\/16_13.png\">Y\u00fcksek PerformansERP \u00e7\u00f6z\u00fcm\u00fc Tiger 3 Enterprise, i\u015fletmenizin artan i\u015flem ve veri y\u00fck\u00fcnden ba\u011f\u0131ms\u0131z olarak, her zaman ve her ko\u015fulda y\u00fcksek performans sa\u011flar.<img decoding=\"async\" src=\"http:\/\/www.emeks.biz.tr\/wp-content\/uploads\/2017\/04\/12_30.png\">G\u00fcncel Mevzuatlara UygunlukG\u00fcncel mevzuata ve i\u015f kurallar\u0131na uygun olarak tasarlanm\u0131\u015f yap\u0131s\u0131 sayesinde, i\u015fletmenizdeki her biriminin mevzuata uygun olarak \u00e7al\u0131\u015fmas\u0131n\u0131 sa\u011flar.<\/p>\n<p><a href=\"\/wp-content\/uploads\/2017\/04\/Tiger3ERPBrosuru6.9.2016.pdf\" target=\"_blank\">&nbsp; BRO\u015e\u00dcR\u00dc \u0130ND\u0130R\u0130N &nbsp;<\/a> | &nbsp; &nbsp;<a href=\"\/index.php\/demo-talep-formu\" target=\"_blank\">&nbsp; DEMO TALEP ET &nbsp;<\/a><\/p>\n<p><!-- \/row --><\/p>\n","protected":false},"excerpt":{"rendered":"<p class=\"excerpt\">Tiger 3 EnterpriseTiger 3 Enterprise, orta ve b\u00fcy\u00fck \u00f6l\u00e7ekli i\u015fletmelerin s\u00fcrd\u00fcr\u00fclebilir verimlili\u011fini destekleyen, farkl\u0131 fonksiyonlara gerekti\u011fi zamanda eri\u015fimi sa\u011flayan ve \u00f6l\u00e7eklenebilir ERP yaz\u0131l\u0131m\u0131d\u0131r. H\u0131zl\u0131 Adaptasyon \u0130mkan\u0131Sa\u011flad\u0131\u011f\u0131 kolay kullan\u0131c\u0131 aray\u00fcz\u00fc sayesinde, \u00f6\u011frenim s\u00fcrecini minimuma indirerek, uygulaman\u0131n i\u015fletmeniz i\u00e7erisinde h\u0131zl\u0131 bir \u015fekilde kullan\u0131ma ge\u00e7mesini sa\u011flar.App in AppTiger 3 Enterprise app in app yakla\u015f\u0131m\u0131 ile i\u015f uygulamalar\u0131n\u0131z\u0131 b\u00fcy\u00fct\u00fcp [&hellip;]<\/p>\n","protected":false},"author":1,"featured_media":0,"parent":0,"menu_order":0,"comment_status":"closed","ping_status":"closed","template":"builder.php","meta":{"footnotes":""},"class_list":["post-853","page","type-page","status-publish","hentry"],"aioseo_notices":[],"_links":{"self":[{"href":"https:\/\/www.emeks.biz.tr\/index.php\/wp-json\/wp\/v2\/pages\/853","targetHints":{"allow":["GET"]}}],"collection":[{"href":"https:\/\/www.emeks.biz.tr\/index.php\/wp-json\/wp\/v2\/pages"}],"about":[{"href":"https:\/\/www.emeks.biz.tr\/index.php\/wp-json\/wp\/v2\/types\/page"}],"author":[{"embeddable":true,"href":"https:\/\/www.emeks.biz.tr\/index.php\/wp-json\/wp\/v2\/users\/1"}],"replies":[{"embeddable":true,"href":"https:\/\/www.emeks.biz.tr\/index.php\/wp-json\/wp\/v2\/comments?post=853"}],"version-history":[{"count":2,"href":"https:\/\/www.emeks.biz.tr\/index.php\/wp-json\/wp\/v2\/pages\/853\/revisions"}],"predecessor-version":[{"id":4661,"href":"https:\/\/www.emeks.biz.tr\/index.php\/wp-json\/wp\/v2\/pages\/853\/revisions\/4661"}],"wp:attachment":[{"href":"https:\/\/www.emeks.biz.tr\/index.php\/wp-json\/wp\/v2\/media?parent=853"}],"curies":[{"name":"wp","href":"https:\/\/api.w.org\/{rel}","templated":true}]}}