{"id":699,"date":"2017-04-21T11:50:19","date_gmt":"2017-04-21T08:50:19","guid":{"rendered":"http:\/\/www.emeks.biz.tr\/hakkimizda-kopya\/"},"modified":"2025-03-28T00:53:18","modified_gmt":"2025-03-27T21:53:18","slug":"erp-cozumlerimiz","status":"publish","type":"page","link":"https:\/\/www.emeks.biz.tr\/index.php\/erp-cozumlerimiz\/","title":{"rendered":"ERP \u00c7\u00f6z\u00fcmlerimiz"},"content":{"rendered":"<p>ERP \u00c7\u00d6Z\u00dcMLER\u0130M\u0130Z\t\t\t\t\t\t\t\t\t\t\t\t\t\t\t\t\t\t\t\t\t\t\t\t\t\t\t<\/p>\n<p>\u0130\u015fletmelere \u00a0\u00e7al\u0131\u015fanlar\u0131 baz\u0131nda ve t\u00fcm i\u015f s\u00fcre\u00e7lerinde u\u00e7tan uca verimlilik ve etkin bir maliyet y\u00f6netimi ger\u00e7ekle\u015ftirme f\u0131rsat\u0131 sunan Logo ERP \u00e7\u00f6z\u00fcmleri, rekabet odakl\u0131 kurumlar\u0131n yerel ve uluslararas\u0131 standartlara uyum sa\u011flamas\u0131n\u0131 kolayla\u015ft\u0131r\u0131rken, g\u00fcncel mevzuatlar ile g\u00fcndeme gelen de\u011fi\u015fiklikler i\u00e7in de haz\u0131r bir altyap\u0131 sunmaktad\u0131r. Muhasebe ve Finans Y\u00f6netimi, \u00dcretim Y\u00f6netimi, Malzeme Y\u00f6netimi, B\u00fct\u00e7e Y\u00f6netimi, Proje Y\u00f6netimi, Bak\u0131m Y\u00f6netimi, Varl\u0131k Y\u00f6netimi, Sat\u0131nalma Y\u00f6netimi, Talep Y\u00f6netimi, Tedarik Zinciri Y\u00f6netimi, M\u00fc\u015fteri \u0130li\u015fkileri Y\u00f6netimi, D\u0131\u015f Ticaret, \u0130\u015f Zekas\u0131 ve \u0130nsan Kaynaklar\u0131 gibi bir i\u015fletmenin sahip olabilece\u011fi t\u00fcm fonksiyonlar\u0131 ve m\u00fc\u015fterilerden tedarik\u00e7ilere \u00a0t\u00fcm ekosistemi ba\u015far\u0131yla y\u00f6netme becerisine ve geli\u015fmi\u015f entegrasyon \u00f6zelliklerine sahip Logo ERP \u00e7\u00f6z\u00fcmleri, kalite standartlar\u0131 \u00e7er\u00e7evesinde s\u00fcrekli geli\u015ftirilmekte; t\u00fcm kurumsal bilgi, i\u015flem ve s\u00fcre\u00e7lerin \u00f6nceden tan\u0131mlanm\u0131\u015f standartlar \u00e7er\u00e7evesinde, g\u00fcvenli bir platforma ta\u015f\u0131nmas\u0131n\u0131, y\u00f6netilmesini ve denetlenmesini sa\u011flamaktad\u0131r.\u00a0Orta ve b\u00fcy\u00fck \u00f6l\u00e7ekli, ticaret, hizmet gibi alanlarda faaliyet g\u00f6steren i\u015fletmelerin ihtiya\u00e7lar\u0131 esas al\u0131narak geli\u015ftirilen Tiger 3 \u00fcr\u00fcn\u00fc firma s\u00fcre\u00e7lerinin en etkin \u015fekilde y\u00f6netilmesini sa\u011flarken; \u00fcretim planlama, \u00fcretim, kalite kontrol s\u00fcre\u00e7leri olan daha b\u00fcy\u00fck \u00f6l\u00e7ekteki i\u015fletmeler Tiger 3 Enterprise ile b\u00fct\u00fcnle\u015fik \u015fekilde tedarik zinciri, kalite kontrol, maliyet y\u00f6netimi s\u00fcre\u00e7lerini y\u00f6netebilmektedir. \u00c7\u00f6z\u00fcmlerimiz ile ilgili detayl\u0131 bilgiler i\u00e7in a\u015fa\u011f\u0131daki logolar\u0131n \u00fczerine t\u0131klayabilirsiniz.<\/p>\n<p><a href=\"\/T%C4%B0GER-3\"><img decoding=\"async\" src=\"\/wp-content\/uploads\/2017\/05\/tiger3.png\"><\/a><\/p>\n<p><a href=\"\/tiger-3-enterprise\"><img decoding=\"async\" src=\"\/wp-content\/uploads\/2017\/05\/t3enterprise.png\"><\/a><\/p>\n<p><a href=\"\/tiger-wings\"><img decoding=\"async\" src=\"\/wp-content\/uploads\/2017\/05\/TW_logotype-01.png\"><\/a><\/p>\n<p><!-- \/row --><\/p>\n","protected":false},"excerpt":{"rendered":"<p class=\"excerpt\">ERP \u00c7\u00d6Z\u00dcMLER\u0130M\u0130Z \u0130\u015fletmelere \u00a0\u00e7al\u0131\u015fanlar\u0131 baz\u0131nda ve t\u00fcm i\u015f s\u00fcre\u00e7lerinde u\u00e7tan uca verimlilik ve etkin bir maliyet y\u00f6netimi ger\u00e7ekle\u015ftirme f\u0131rsat\u0131 sunan Logo ERP \u00e7\u00f6z\u00fcmleri, rekabet odakl\u0131 kurumlar\u0131n yerel ve uluslararas\u0131 standartlara uyum sa\u011flamas\u0131n\u0131 kolayla\u015ft\u0131r\u0131rken, g\u00fcncel mevzuatlar ile g\u00fcndeme gelen de\u011fi\u015fiklikler i\u00e7in de haz\u0131r bir altyap\u0131 sunmaktad\u0131r. Muhasebe ve Finans Y\u00f6netimi, \u00dcretim Y\u00f6netimi, Malzeme Y\u00f6netimi, B\u00fct\u00e7e Y\u00f6netimi, [&hellip;]<\/p>\n","protected":false},"author":1,"featured_media":0,"parent":0,"menu_order":0,"comment_status":"closed","ping_status":"closed","template":"builder.php","meta":{"footnotes":""},"class_list":["post-699","page","type-page","status-publish","hentry"],"aioseo_notices":[],"_links":{"self":[{"href":"https:\/\/www.emeks.biz.tr\/index.php\/wp-json\/wp\/v2\/pages\/699","targetHints":{"allow":["GET"]}}],"collection":[{"href":"https:\/\/www.emeks.biz.tr\/index.php\/wp-json\/wp\/v2\/pages"}],"about":[{"href":"https:\/\/www.emeks.biz.tr\/index.php\/wp-json\/wp\/v2\/types\/page"}],"author":[{"embeddable":true,"href":"https:\/\/www.emeks.biz.tr\/index.php\/wp-json\/wp\/v2\/users\/1"}],"replies":[{"embeddable":true,"href":"https:\/\/www.emeks.biz.tr\/index.php\/wp-json\/wp\/v2\/comments?post=699"}],"version-history":[{"count":1,"href":"https:\/\/www.emeks.biz.tr\/index.php\/wp-json\/wp\/v2\/pages\/699\/revisions"}],"predecessor-version":[{"id":4379,"href":"https:\/\/www.emeks.biz.tr\/index.php\/wp-json\/wp\/v2\/pages\/699\/revisions\/4379"}],"wp:attachment":[{"href":"https:\/\/www.emeks.biz.tr\/index.php\/wp-json\/wp\/v2\/media?parent=699"}],"curies":[{"name":"wp","href":"https:\/\/api.w.org\/{rel}","templated":true}]}}