{"id":5002,"date":"2017-11-29T08:02:47","date_gmt":"2017-11-29T06:02:47","guid":{"rendered":"http:\/\/www.emeks.biz.tr\/index.php\/e-fatura-kopya\/"},"modified":"2025-03-28T00:53:17","modified_gmt":"2025-03-27T21:53:17","slug":"e-irsaliye","status":"publish","type":"page","link":"https:\/\/www.emeks.biz.tr\/index.php\/e-irsaliye\/","title":{"rendered":"e-\u0130rsaliye"},"content":{"rendered":"<p><img decoding=\"async\" src=\"\/wp-content\/uploads\/2017\/11\/eirsaliye_243x255px.png\"><br \/>\n\t\t\t\t\t\t\t\t\t\t\t\t\t\t\t\t\t\t\t\t\t\t\t\t\t\t\t\t\t\t\t\t\t\t\t\t\tLogo e-\u0130rsaliye ile Dijital D\u00f6n\u00fc\u015f\u00fcm Devam Ediyor!Operasyonel s\u00fcre\u00e7lerinizin b\u00fcy\u00fck k\u0131sm\u0131n\u0131 olu\u015fturan ve sayfalarca bas\u0131lan ka\u011f\u0131t irsaliye d\u00f6nemi bitiyor.e-Fatura, e-Ar\u015fiv ve e-Defter ile dijital ortama ge\u00e7en ticari i\u015f s\u00fcre\u00e7lerinize \u015fimdi de e-\u0130rsaliye kat\u0131l\u0131yor.<\/p>\n<p><img decoding=\"async\" src=\"\/wp-content\/uploads\/2017\/11\/1_13.png\">e-\u0130rsaliye Nedir?Gelir \u0130daresi Ba\u015fkanl\u0131\u011f\u0131 taraf\u0131ndan 01.01.2018 itibar\u0131yla iste\u011fe ba\u011fl\u0131, 01.07.2018 itibar\u0131yla ise e-Fatura uygulamas\u0131na kay\u0131tl\u0131 kullan\u0131c\u0131lar i\u00e7in zorunlu olarak uygulamaya ge\u00e7irilecek olan e-\u0130rsaliye, ka\u011f\u0131t ortamdaki \u201cSevk \u0130rsaliyesi\u201d ile ayn\u0131 hukuki niteliklere sahip dijital irsaliye belgesidir. Ticari hayat\u0131m\u0131zda \u201cSevk \u0130rsaliyesi\u201d ve \u201cTa\u015f\u0131ma \u0130rsaliyesi\u201d en yayg\u0131n kullan\u0131lan irsaliye t\u00fcrleridir. \u0130lk etapta sadece \u201cSevk \u0130rsaliye\u201d belgesi e-\u0130rsaliye kapsam\u0131na dahil edilmi\u015ftir.<img decoding=\"async\" src=\"\/wp-content\/uploads\/2017\/11\/2_47.png\">e-\u0130rsaliye Uygulamas\u0131na Kimler Ge\u00e7ebilir?01\/01\/2018 tarihinden itibaren, iste\u011fe ba\u011fl\u0131 olarak \u015fah\u0131s ve sermaye \u015firketleri e-\u0130rsaliye uygulamas\u0131na ge\u00e7i\u015f yapabilir.<img decoding=\"async\" src=\"\/wp-content\/uploads\/2017\/11\/3_26.png\">e-\u0130rsaliye Uygulamas\u0131 Kimler i\u00e7in Zorunludur?01\/07\/2018 tarihinden itibaren, e-Fatura uygulamas\u0131na kay\u0131tl\u0131 kullan\u0131c\u0131lar\u0131n e-\u0130rsaliye Uygulamas\u0131na dahil olmas\u0131 ve sevk irsaliyesi belgelerini ilgili Tebli\u011fde belirtilen usul ve esaslara g\u00f6re e-\u0130rsaliye olarak d\u00fczenlemeleri zorunludur. Bu tarihe kadar sisteme d\u00e2hil olunmam\u0131\u015f ise bu i\u015fletmelerin e-\u0130rsaliye hesaplar\u0131 otomatik olarak a\u00e7\u0131lacakt\u0131r.<img decoding=\"async\" src=\"\/wp-content\/uploads\/2017\/11\/4_20.png\">Maliyet TasarrufuKa\u011f\u0131t, bask\u0131, ar\u015fivleme, i\u015f g\u00fcc\u00fc ve da\u011f\u0131t\u0131m maliyetlerinde tasarruf sa\u011flay\u0131n.<img decoding=\"async\" src=\"\/wp-content\/uploads\/2017\/11\/5_16.png\">Kolay EntegrasyonFirman\u0131z\u0131n s\u00fcre\u00e7lerine ve mevcut yaz\u0131l\u0131mlar\u0131na kolayca entegre edin.<img decoding=\"async\" src=\"\/wp-content\/uploads\/2017\/11\/6_38.png\">Daha G\u00fcvenli Verie-\u0130rsaliyelerinizi dijital ortama ta\u015f\u0131y\u0131n, kay\u0131tlar\u0131n\u0131z\u0131n g\u00fcvenli\u011fini sa\u011flay\u0131n.<img decoding=\"async\" src=\"\/wp-content\/uploads\/2017\/11\/7_30.png\">Kolay Ula\u015f\u0131mDijital ortamda olu\u015fturdu\u011funuz e-\u0130rsaliyelerinize tek t\u0131kla ula\u015f\u0131n operasyonel verimlili\u011finizi artt\u0131r\u0131n.<img decoding=\"async\" src=\"\/wp-content\/uploads\/2017\/11\/8_20.png\">\u00c7evre DostuKa\u011f\u0131t kullan\u0131m\u0131n\u0131 ortadan kald\u0131ran e-\u0130rsaliye ile her y\u0131l y\u00fczbinlerce a\u011fac\u0131 kurtar\u0131n.<img decoding=\"async\" src=\"\/wp-content\/uploads\/2017\/11\/9_23.png\">Yasal UyumlulukGelir \u0130daresi Ba\u015fkanl\u0131\u011f\u0131&#8217;n\u0131n mevcut standartlar\u0131na uyumlu ve de\u011fi\u015fen mevzuata g\u00f6re g\u00fcncellenen yap\u0131s\u0131yla i\u015flemlerinizi g\u00fcvenle takip edi<\/p>\n<p><a href=\"\/wp-content\/uploads\/2017\/04\/e-Logo_Hizmet_Fiyat_Listesi_2017_8.pdf\" target=\"_blank\">\u00a0 F\u0130YAT L\u0130STES\u0130 \u00a0<\/a>\u00a0 | \u00a0 <a href=\"\/index.php\/demo-talep-formu\" target=\"_blank\">\u00a0 DEMO TALEP ET \u00a0<\/a><\/p>\n<p><!-- \/row --><\/p>\n","protected":false},"excerpt":{"rendered":"<p class=\"excerpt\">Logo e-\u0130rsaliye ile Dijital D\u00f6n\u00fc\u015f\u00fcm Devam Ediyor!Operasyonel s\u00fcre\u00e7lerinizin b\u00fcy\u00fck k\u0131sm\u0131n\u0131 olu\u015fturan ve sayfalarca bas\u0131lan ka\u011f\u0131t irsaliye d\u00f6nemi bitiyor.e-Fatura, e-Ar\u015fiv ve e-Defter ile dijital ortama ge\u00e7en ticari i\u015f s\u00fcre\u00e7lerinize \u015fimdi de e-\u0130rsaliye kat\u0131l\u0131yor. e-\u0130rsaliye Nedir?Gelir \u0130daresi Ba\u015fkanl\u0131\u011f\u0131 taraf\u0131ndan 01.01.2018 itibar\u0131yla iste\u011fe ba\u011fl\u0131, 01.07.2018 itibar\u0131yla ise e-Fatura uygulamas\u0131na kay\u0131tl\u0131 kullan\u0131c\u0131lar i\u00e7in zorunlu olarak uygulamaya ge\u00e7irilecek olan e-\u0130rsaliye, [&hellip;]<\/p>\n","protected":false},"author":1,"featured_media":0,"parent":0,"menu_order":0,"comment_status":"closed","ping_status":"closed","template":"builder.php","meta":{"footnotes":""},"class_list":["post-5002","page","type-page","status-publish","hentry"],"aioseo_notices":[],"_links":{"self":[{"href":"https:\/\/www.emeks.biz.tr\/index.php\/wp-json\/wp\/v2\/pages\/5002","targetHints":{"allow":["GET"]}}],"collection":[{"href":"https:\/\/www.emeks.biz.tr\/index.php\/wp-json\/wp\/v2\/pages"}],"about":[{"href":"https:\/\/www.emeks.biz.tr\/index.php\/wp-json\/wp\/v2\/types\/page"}],"author":[{"embeddable":true,"href":"https:\/\/www.emeks.biz.tr\/index.php\/wp-json\/wp\/v2\/users\/1"}],"replies":[{"embeddable":true,"href":"https:\/\/www.emeks.biz.tr\/index.php\/wp-json\/wp\/v2\/comments?post=5002"}],"version-history":[{"count":11,"href":"https:\/\/www.emeks.biz.tr\/index.php\/wp-json\/wp\/v2\/pages\/5002\/revisions"}],"predecessor-version":[{"id":5139,"href":"https:\/\/www.emeks.biz.tr\/index.php\/wp-json\/wp\/v2\/pages\/5002\/revisions\/5139"}],"wp:attachment":[{"href":"https:\/\/www.emeks.biz.tr\/index.php\/wp-json\/wp\/v2\/media?parent=5002"}],"curies":[{"name":"wp","href":"https:\/\/api.w.org\/{rel}","templated":true}]}}