{"id":3499,"date":"2017-05-04T09:49:27","date_gmt":"2017-05-04T06:49:27","guid":{"rendered":"http:\/\/www.emeks.biz.tr\/e-arsiv-kopya\/"},"modified":"2025-03-28T00:53:17","modified_gmt":"2025-03-27T21:53:17","slug":"bankaekstreaktarimi","status":"publish","type":"page","link":"https:\/\/www.emeks.biz.tr\/index.php\/bankaekstreaktarimi\/","title":{"rendered":"Banka Ekstre Aktar\u0131m\u0131"},"content":{"rendered":"<p>\u201cBanka Ekstre Aktar\u0131m\u0131 \u0130\u015finizi H\u0131zl\u0131 ve Hatas\u0131z Yapman\u0131z\u0131 Sa\u011flar\u201dBankalardan al\u0131nan excel format\u0131ndaki banka ekstrelerinin ve kredi kart\u0131 pos ekstrelerinin LOGO\u2019ya aktar\u0131m\u0131n\u0131 sa\u011flamak amac\u0131yla geli\u015ftirilmi\u015f \u00f6zel bir \u00fcr\u00fcnd\u00fcr.\u0130nternet bankac\u0131l\u0131\u011f\u0131ndan al\u0131nan excel formatlar\u0131 ve \u00fcye i\u015f yeri numaras\u0131na g\u00f6re bankalardan al\u0131nan kredi kart\u0131 pos ekstrelerinin LOGO\u2019ya banka i\u015flem fi\u015fi ve banka fi\u015fi olarak aktar\u0131lmas\u0131n\u0131 sa\u011flar. Merkezi y\u00f6netim ile aktar\u0131m parametreleri tan\u0131mlanabilir. Birden fazla \u015fablon tan\u0131mlanarak, farkl\u0131 parametrelere g\u00f6re farkl\u0131 aktar\u0131m se\u00e7enekleri sa\u011flanabilir. LOGO\u2019nun GO3,GO3, Tiger3 ,Tiger Enterprise \u00a0ve Mali M\u00fc\u015favir3 \u00fcr\u00fcnleri ile anl\u0131k ve tam entegrasyonludur.\u00dcR\u00dcN \u00d6ZELL\u0130K SET\u0130Kredi Kart\u0131 Pos Ekstrelerinin Aktar\u0131m\u0131:\u0130nternet bankac\u0131l\u0131\u011f\u0131ndan al\u0131nan excel formatlar\u0131 veya \u00fcye i\u015fyeri numaras\u0131na g\u00f6re bankalardan al\u0131nan kredi kart\u0131 pos ekstreleri banka baz\u0131nda farkl\u0131l\u0131k g\u00f6stermektedir. Bu uygulama her bankan\u0131n pos ekstresini otomatik olarak yorumlayacak bi\u00e7imde geli\u015ftirilmi\u015ftir. Bankalardan al\u0131nan bu ekstrelerinin LOGO\u2019ya banka i\u015flem fi\u015fi olarak aktar\u0131lmas\u0131n\u0131 sa\u011flar. \u00dcye i\u015fyeri numaralar\u0131na g\u00f6re hangi banka hesab\u0131na, i\u015fyeri, b\u00f6l\u00fcm ve masraf merkezlerine aktar\u0131lmas\u0131 parametrelerle ayarlan\u0131r.Banka Ekstrelerinin Aktar\u0131m\u0131:\u0130nternet bankac\u0131l\u0131\u011f\u0131ndan al\u0131nan veya bankalardan al\u0131nan banka ekstreleri banka baz\u0131nda farkl\u0131l\u0131k g\u00f6stermektedir. \u00dcr\u00fcn i\u00e7indeki parametre ekranlar\u0131yla her bir bankan\u0131n ekstra format\u0131n\u0131n yorumlanabilmesi sa\u011flanm\u0131\u015ft\u0131r. Bankalardan gelen bu ekstrelerinin LOGO\u2019ya gelen havale, g\u00f6nderilen havale, banka i\u015flem, banka virman fi\u015fleri olarak aktar\u0131lmas\u0131n\u0131 sa\u011flar.\u00dcR\u00dcN\u00dcN D\u0130\u011eER \u00dcR\u00dcNLERDEN FARKLILIKLARI\u00b7 Bankalardan al\u0131nan pos ekstrelerinin otomatik olarak yorumlanmas\u0131 sa\u011flan\u0131r. Pos ekstrelerinin banka baz\u0131nda de\u011fi\u015fen br\u00fct veya net tutarlar\u0131n\u0131n aktar\u0131lmas\u0131 sa\u011flan\u0131r.\u00b7 Komisyon tutarlar\u0131n\u0131n ve hesaba ge\u00e7en tutarlar\u0131n otomatik yorumlanmas\u0131 yap\u0131l\u0131r.\u00b7 Parametre tan\u0131m ekranlar\u0131yla banka ekstrelerinin t\u00fcm\u00fcn\u00fcn yorumlanmas\u0131 sa\u011flan\u0131r.\u00dcR\u00dcN DETAYI\u00b7 Banka ekstrelerinin \u00e7ok az manuel i\u015flem ile hatas\u0131z olarak LOGO\u2019ya aktar\u0131lmas\u0131 sa\u011flanmaktad\u0131r.\u00b7 Her bankadan al\u0131nan excel ekstresi farkl\u0131l\u0131k g\u00f6stermektedir. Parametre ekranlar\u0131yla ekstrelerdeki kay\u0131tlar\u0131n hangi sat\u0131rdan ba\u015flayarak al\u0131naca\u011f\u0131 tarih, a\u00e7\u0131klama, bor\u00e7, alacak, i\u015flem tip kodu, bor\u00e7lu IBAN, alacakl\u0131 IBAN, fon miktar\u0131, s\u00fctun numaralar\u0131 belirtilebilmektedir.\u00b7 Banka tip kod tan\u0131mlamas\u0131 ekran\u0131nda ekstre a\u00e7\u0131klamalar\u0131 veya ekstrelerden gelen i\u015flem tip kodlar\u0131 tan\u0131mlanarak bu a\u00e7\u0131klamaya veya koda g\u00f6re aktar\u0131lacak fi\u015f tipi, banka kodu, cari hesap kodu, muhasebe hesap kodu tan\u0131mlanabilir. Bu sayede ayn\u0131 a\u00e7\u0131klama ve ayn\u0131 i\u015flem tip kodu ile birlikte gelen ekstre sat\u0131rlar\u0131n\u0131n otomatik yorumlanmas\u0131 sa\u011flanm\u0131\u015f olur.\u00b7 Ekstrelerde gelen bor\u00e7lu IBAN, alacakl\u0131 IBAN numaralar\u0131 mevcut ise LOGO\u2019dan bu IBAN numaralar\u0131na ait banka ve cari hesap kartlar\u0131 otomatik sorgulanarak ilgili banka hesap kodu, cari hesap kodunun bulunabilmesi sa\u011flanm\u0131\u015ft\u0131r.\u00b7 \u0130stenir ise ekstre sat\u0131rlar\u0131ndaki fi\u015f tipi banka, hesap kodu, cari hesap kodu ve muhasebe hesap kodu kullan\u0131c\u0131 taraf\u0131ndan belirlenebilmektedir. Yorumlanan ekstre kay\u0131tlar\u0131 LOGO\u2019ya gelen havale fi\u015fi, g\u00f6nderilen havale fi\u015fi, banka i\u015flem fi\u015fi ve banka virman fi\u015fi olarak aktar\u0131labilmektedir. Banka Kredi Kart\u0131 Pos Ekstrelerinin Aktar\u0131m\u0131:\u00b7 Banka kredi kart\u0131 pos ekstrelerinin \u00e7ok az manuel i\u015flem ile hatas\u0131z olarak LOGO\u2019ya aktar\u0131lmas\u0131 sa\u011flanmaktad\u0131r.\u00b7 Baz\u0131 bankalar kredi kart\u0131 pos ekstrelerini ayr\u0131 excel dosyas\u0131 format\u0131nda g\u00f6ndermektedirler.\u00b7 Baz\u0131 bankalar ise pos ekstrelerini di\u011fer ekstre kay\u0131tlar\u0131 ile ayn\u0131 excel sayfas\u0131nda g\u00f6ndermektedirler. Her banka i\u00e7in ayr\u0131 ayr\u0131 geli\u015ftirme ile ister kredi kart\u0131 pos ekstre format\u0131 olsun, ister t\u00fcm kay\u0131tlar\u0131n oldu\u011fu format olsun, bu excel sayfalar\u0131ndan sadece kredi kart\u0131 i\u015flemlerini ilgilendiren kay\u0131tlar otomatik olarak se\u00e7ilmektedir.\u00b7 Bankadan \u00e7ekilen tutarlar ve kesilen komisyonlar otomatik olarak se\u00e7ilmektedir. Bu kay\u0131tlar LOGO\u2019ya banka i\u015flem fi\u015fi olarak aktar\u0131lmakta ve ilgili muhasebe kodlar\u0131n\u0131n atanmas\u0131 yine otomatik olarak yap\u0131lmaktad\u0131r.\u00b7 Baz\u0131 bankalar net, baz\u0131 bankalar br\u00fct \u00e7al\u0131\u015ft\u0131\u011f\u0131ndan bunun ayr\u0131m\u0131da banka baz\u0131nda otomatik olarak yap\u0131lmaktad\u0131r.Denge SMMM A.\u015e. Mazars\/Denge olarak m\u00fc\u015fterilerimize muhasebe hizmeti sunarken kulland\u0131\u011f\u0131m\u0131z \u201cBanka Ekstresi Aktar\u0131mlar\u0131\u201d \u00fcr\u00fcn\u00fc sayesinde cari \u00f6demeleri ve POS hesaplar\u0131na ait kay\u0131tlar\u0131 herhangi bir sorun olmadan ve ilave bir i\u015f y\u00fck\u00fc ile kar\u015f\u0131la\u015fmadan tek tu\u015fla otomatik olarak ayr\u0131 ayr\u0131 cari hesaplara i\u015fleyebiliyoruz. Muhasebe kay\u0131tlar\u0131ndaki zaman kayb\u0131n\u0131n ve hatalar\u0131n \u00f6nlenmesi a\u00e7\u0131s\u0131ndan bizim i\u00e7in \u00e7ok kullan\u0131\u015fl\u0131 bir \u00fcr\u00fcn oldu\u011funu s\u00f6yleyebiliriz.\u201d Emel \u00d6zmen SMMM (CPA Turkey) Outsourcing Accounting ManagerLOGO\u2019nun GO3,GO3, Tiger3, Tiger Enterprise ve MMPLUS \u00fcr\u00fcnleri ile anl\u0131k ve tam entegrasyonTek merkezden aktar\u0131mlar\u0131n y\u00f6netimiAyr\u0131nt\u0131l\u0131 genel parametre yap\u0131land\u0131r\u0131lmas\u0131.Banka \u0130\u015flem Fi\u015fiHer banka i\u00e7in ayr\u0131 ayr\u0131 yap\u0131lan geli\u015ftirme ile, ister kredi kart\u0131 pos ekstre format\u0131 olsun, ister t\u00fcm kay\u0131tlar\u0131n oldu\u011fu format olsun, bu excel sayfalar\u0131ndan sadece kredi kart\u0131 i\u015flemlerini ilgilendiren kay\u0131tlar otomatik olarak ay\u0131klanmaktad\u0131r.Bankadan \u00e7ekilen tutarlar ve kesilen komisyonlar yine otomatik olarak bu ekstrelerden \u00e7ekilmektedir.Logoya banka i\u015flem fi\u015fi olarak aktar\u0131lmak da ve ilgili muhasebe kodlar\u0131n\u0131n atanmas\u0131 yine otomatik olarak yap\u0131lmaktad\u0131r.Baz\u0131 bankalar net, baz\u0131 bankalar br\u00fct \u00e7al\u0131\u015ft\u0131\u011f\u0131ndan bunun da ayr\u0131m\u0131 otomatik olarak yap\u0131lmaktad\u0131r.<\/p>\n<p><!-- \/row --><\/p>\n","protected":false},"excerpt":{"rendered":"<p class=\"excerpt\">\u201cBanka Ekstre Aktar\u0131m\u0131 \u0130\u015finizi H\u0131zl\u0131 ve Hatas\u0131z Yapman\u0131z\u0131 Sa\u011flar\u201dBankalardan al\u0131nan excel format\u0131ndaki banka ekstrelerinin ve kredi kart\u0131 pos ekstrelerinin LOGO\u2019ya aktar\u0131m\u0131n\u0131 sa\u011flamak amac\u0131yla geli\u015ftirilmi\u015f \u00f6zel bir \u00fcr\u00fcnd\u00fcr.\u0130nternet bankac\u0131l\u0131\u011f\u0131ndan al\u0131nan excel formatlar\u0131 ve \u00fcye i\u015f yeri numaras\u0131na g\u00f6re bankalardan al\u0131nan kredi kart\u0131 pos ekstrelerinin LOGO\u2019ya banka i\u015flem fi\u015fi ve banka fi\u015fi olarak aktar\u0131lmas\u0131n\u0131 sa\u011flar. Merkezi y\u00f6netim [&hellip;]<\/p>\n","protected":false},"author":1,"featured_media":0,"parent":0,"menu_order":0,"comment_status":"closed","ping_status":"closed","template":"builder.php","meta":{"footnotes":""},"class_list":["post-3499","page","type-page","status-publish","hentry"],"aioseo_notices":[],"_links":{"self":[{"href":"https:\/\/www.emeks.biz.tr\/index.php\/wp-json\/wp\/v2\/pages\/3499","targetHints":{"allow":["GET"]}}],"collection":[{"href":"https:\/\/www.emeks.biz.tr\/index.php\/wp-json\/wp\/v2\/pages"}],"about":[{"href":"https:\/\/www.emeks.biz.tr\/index.php\/wp-json\/wp\/v2\/types\/page"}],"author":[{"embeddable":true,"href":"https:\/\/www.emeks.biz.tr\/index.php\/wp-json\/wp\/v2\/users\/1"}],"replies":[{"embeddable":true,"href":"https:\/\/www.emeks.biz.tr\/index.php\/wp-json\/wp\/v2\/comments?post=3499"}],"version-history":[{"count":3,"href":"https:\/\/www.emeks.biz.tr\/index.php\/wp-json\/wp\/v2\/pages\/3499\/revisions"}],"predecessor-version":[{"id":4641,"href":"https:\/\/www.emeks.biz.tr\/index.php\/wp-json\/wp\/v2\/pages\/3499\/revisions\/4641"}],"wp:attachment":[{"href":"https:\/\/www.emeks.biz.tr\/index.php\/wp-json\/wp\/v2\/media?parent=3499"}],"curies":[{"name":"wp","href":"https:\/\/api.w.org\/{rel}","templated":true}]}}