{"id":2680,"date":"2017-04-27T11:19:03","date_gmt":"2017-04-27T08:19:03","guid":{"rendered":"http:\/\/www.emeks.biz.tr\/referanslar-kopya\/"},"modified":"2025-03-28T00:53:17","modified_gmt":"2025-03-27T21:53:17","slug":"insan-kaynaklari","status":"publish","type":"page","link":"https:\/\/www.emeks.biz.tr\/index.php\/insan-kaynaklari\/","title":{"rendered":"\u0130nsan Kaynaklar\u0131"},"content":{"rendered":"<p>\u0130NSAN KAYNAKLARI\t\t\t\t\t\t\t\t\t\t\t\t\t\t\t\t\t\t\t\t\t\t\t\t\t\t\t<\/p>\n<p>Firmam\u0131z, uzun y\u0131llar yaz\u0131l\u0131m sekt\u00f6r\u00fcnde \u00e7al\u0131\u015fm\u0131\u015f ve ba\u015far\u0131l\u0131 projelere imza atm\u0131\u015f uzman kadrosu ile m\u00fc\u015fterilerimize hizmet vermeye devam etmektedir.Uzmanl\u0131klar\u0131 yetkili kurulu\u015flar taraf\u0131ndan verilen sertifikalarla belgelendirilmi\u015f olan kadromuz h\u0131zl\u0131, etkin, ger\u00e7ek\u00e7i ve uygulanabilir \u00e7\u00f6z\u00fcmler sunarak, her zaman m\u00fc\u015fterimizin yan\u0131nda oldu\u011funu hissettirir \u00fcretti\u011fi \u00e7\u00f6z\u00fcmler ile i\u015f s\u00fcre\u00e7lerini h\u0131zland\u0131r\u0131r, vakit kay\u0131plar\u0131n\u0131n \u00f6n\u00fcne ge\u00e7mek \u00fczere \u00e7al\u0131\u015f\u0131r.M\u00fc\u015fteri mutlulu\u011funu ilke edinmi\u015f, sorumluluk bilincine sahip, analitik d\u00fc\u015f\u00fcnen, s\u00fcrekli \u00f6\u011frenmek ve kendini geli\u015ftirmek isteyen, dinamik, insiyatif sahibi, yarat\u0131c\u0131\/yenilik\u00e7i \u00f6nerileri ile i\u015f s\u00fcre\u00e7lerimize katk\u0131da bulunabilecek \u00f6zellikleri ta\u015f\u0131d\u0131\u011f\u0131n\u0131z\u0131 d\u00fc\u015f\u00fcn\u00fcyorsan\u0131z <a href=\"mailto:info@emeks.biz.tr?subject=%C4%B0nsan%20Kaynaklar%C4%B1\">info@emeks.biz.tr<\/a> mail adresine CV&#8217; nizi g\u00f6nderebilirsiniz.<\/p>\n<p><!-- \/row --><\/p>\n","protected":false},"excerpt":{"rendered":"<p class=\"excerpt\">\u0130NSAN KAYNAKLARI Firmam\u0131z, uzun y\u0131llar yaz\u0131l\u0131m sekt\u00f6r\u00fcnde \u00e7al\u0131\u015fm\u0131\u015f ve ba\u015far\u0131l\u0131 projelere imza atm\u0131\u015f uzman kadrosu ile m\u00fc\u015fterilerimize hizmet vermeye devam etmektedir.Uzmanl\u0131klar\u0131 yetkili kurulu\u015flar taraf\u0131ndan verilen sertifikalarla belgelendirilmi\u015f olan kadromuz h\u0131zl\u0131, etkin, ger\u00e7ek\u00e7i ve uygulanabilir \u00e7\u00f6z\u00fcmler sunarak, her zaman m\u00fc\u015fterimizin yan\u0131nda oldu\u011funu hissettirir \u00fcretti\u011fi \u00e7\u00f6z\u00fcmler ile i\u015f s\u00fcre\u00e7lerini h\u0131zland\u0131r\u0131r, vakit kay\u0131plar\u0131n\u0131n \u00f6n\u00fcne ge\u00e7mek \u00fczere \u00e7al\u0131\u015f\u0131r.M\u00fc\u015fteri mutlulu\u011funu [&hellip;]<\/p>\n","protected":false},"author":1,"featured_media":0,"parent":0,"menu_order":0,"comment_status":"closed","ping_status":"closed","template":"builder.php","meta":{"footnotes":""},"class_list":["post-2680","page","type-page","status-publish","hentry"],"aioseo_notices":[],"_links":{"self":[{"href":"https:\/\/www.emeks.biz.tr\/index.php\/wp-json\/wp\/v2\/pages\/2680","targetHints":{"allow":["GET"]}}],"collection":[{"href":"https:\/\/www.emeks.biz.tr\/index.php\/wp-json\/wp\/v2\/pages"}],"about":[{"href":"https:\/\/www.emeks.biz.tr\/index.php\/wp-json\/wp\/v2\/types\/page"}],"author":[{"embeddable":true,"href":"https:\/\/www.emeks.biz.tr\/index.php\/wp-json\/wp\/v2\/users\/1"}],"replies":[{"embeddable":true,"href":"https:\/\/www.emeks.biz.tr\/index.php\/wp-json\/wp\/v2\/comments?post=2680"}],"version-history":[{"count":3,"href":"https:\/\/www.emeks.biz.tr\/index.php\/wp-json\/wp\/v2\/pages\/2680\/revisions"}],"predecessor-version":[{"id":4643,"href":"https:\/\/www.emeks.biz.tr\/index.php\/wp-json\/wp\/v2\/pages\/2680\/revisions\/4643"}],"wp:attachment":[{"href":"https:\/\/www.emeks.biz.tr\/index.php\/wp-json\/wp\/v2\/media?parent=2680"}],"curies":[{"name":"wp","href":"https:\/\/api.w.org\/{rel}","templated":true}]}}