{"id":2667,"date":"2017-04-27T11:16:11","date_gmt":"2017-04-27T08:16:11","guid":{"rendered":"http:\/\/www.emeks.biz.tr\/hakkimizda-kopya\/"},"modified":"2025-03-28T00:53:17","modified_gmt":"2025-03-27T21:53:17","slug":"referanslar","status":"publish","type":"page","link":"https:\/\/www.emeks.biz.tr\/index.php\/referanslar\/","title":{"rendered":"Referanslar"},"content":{"rendered":"<p>REFERANSLAR\t\t\t\t\t\t\t\t\t\t\t\t\t\t\t\t\t\t\t\t\t\t\t\t\t\t\t<\/p>\n<p>G\u00fcncel referanslar\u0131m\u0131z i\u00e7in l\u00fctfen <a href=\"mailto:info@emeks.biz.tr?subject=Referanslar\">info@emeks.biz.tr<\/a> mail adresinden bilgi isteyiniz.<\/p>\n<p><!-- \/row --><\/p>\n","protected":false},"excerpt":{"rendered":"<p class=\"excerpt\">REFERANSLAR G\u00fcncel referanslar\u0131m\u0131z i\u00e7in l\u00fctfen info@emeks.biz.tr mail adresinden bilgi isteyiniz.<\/p>\n","protected":false},"author":1,"featured_media":0,"parent":0,"menu_order":0,"comment_status":"closed","ping_status":"closed","template":"builder.php","meta":{"footnotes":""},"class_list":["post-2667","page","type-page","status-publish","hentry"],"aioseo_notices":[],"_links":{"self":[{"href":"https:\/\/www.emeks.biz.tr\/index.php\/wp-json\/wp\/v2\/pages\/2667","targetHints":{"allow":["GET"]}}],"collection":[{"href":"https:\/\/www.emeks.biz.tr\/index.php\/wp-json\/wp\/v2\/pages"}],"about":[{"href":"https:\/\/www.emeks.biz.tr\/index.php\/wp-json\/wp\/v2\/types\/page"}],"author":[{"embeddable":true,"href":"https:\/\/www.emeks.biz.tr\/index.php\/wp-json\/wp\/v2\/users\/1"}],"replies":[{"embeddable":true,"href":"https:\/\/www.emeks.biz.tr\/index.php\/wp-json\/wp\/v2\/comments?post=2667"}],"version-history":[{"count":3,"href":"https:\/\/www.emeks.biz.tr\/index.php\/wp-json\/wp\/v2\/pages\/2667\/revisions"}],"predecessor-version":[{"id":4644,"href":"https:\/\/www.emeks.biz.tr\/index.php\/wp-json\/wp\/v2\/pages\/2667\/revisions\/4644"}],"wp:attachment":[{"href":"https:\/\/www.emeks.biz.tr\/index.php\/wp-json\/wp\/v2\/media?parent=2667"}],"curies":[{"name":"wp","href":"https:\/\/api.w.org\/{rel}","templated":true}]}}