{"id":212,"date":"2017-04-19T09:53:23","date_gmt":"2017-04-19T06:53:23","guid":{"rendered":"http:\/\/www.emeks.biz.tr\/bize-ulasin\/"},"modified":"2025-03-28T01:24:17","modified_gmt":"2025-03-27T22:24:17","slug":"bize-ulasin","status":"publish","type":"page","link":"https:\/\/www.emeks.biz.tr\/index.php\/bize-ulasin\/","title":{"rendered":"Bize Ula\u015f\u0131n"},"content":{"rendered":"<p>EMEKS B\u0130LG\u0130 TEKNOLOJ\u0130LER\u0130 LTD.\u015eT\u0130. Ziya G\u00f6kalp Mah. S\u00fcleyman Demirel Bulvar\u0131 Mall Of \u0130stanbul Residence B Blok No:7B K:3 D:34 Ba\u015fak\u015fehir\/\u0130stanbul Tel \u00a0 \u00a0 \u00a0: 0212 220 0093Faks \u00a0 : 0212 220 0092 E-Mail : <a href=\"mailto:info@emeks.biz.tr?subject=%C4%B0leti%C5%9Fim\">info@emeks.biz.tr<\/a><\/p>\n<p>\u0130leti\u015fim Formu<p class=\"wpcf7-contact-form-not-found\"><strong>Hata:<\/strong> \u0130leti\u015fim formu bulunamad\u0131.<\/p><\/p>\n<p><!-- \/row --><\/p>\n\n\n<p><\/p>\n","protected":false},"excerpt":{"rendered":"<p class=\"excerpt\">EMEKS B\u0130LG\u0130 TEKNOLOJ\u0130LER\u0130 LTD.\u015eT\u0130. Ziya G\u00f6kalp Mah. S\u00fcleyman Demirel Bulvar\u0131 Mall Of \u0130stanbul Residence B Blok No:7B K:3 D:34 Ba\u015fak\u015fehir\/\u0130stanbul Tel \u00a0 \u00a0 \u00a0: 0212 220 0093Faks \u00a0 : 0212 220 0092 E-Mail : info@emeks.biz.tr \u0130leti\u015fim Formu<\/p>\n","protected":false},"author":1,"featured_media":0,"parent":0,"menu_order":0,"comment_status":"closed","ping_status":"closed","template":"builder.php","meta":{"footnotes":""},"class_list":["post-212","page","type-page","status-publish","hentry"],"aioseo_notices":[],"_links":{"self":[{"href":"https:\/\/www.emeks.biz.tr\/index.php\/wp-json\/wp\/v2\/pages\/212","targetHints":{"allow":["GET"]}}],"collection":[{"href":"https:\/\/www.emeks.biz.tr\/index.php\/wp-json\/wp\/v2\/pages"}],"about":[{"href":"https:\/\/www.emeks.biz.tr\/index.php\/wp-json\/wp\/v2\/types\/page"}],"author":[{"embeddable":true,"href":"https:\/\/www.emeks.biz.tr\/index.php\/wp-json\/wp\/v2\/users\/1"}],"replies":[{"embeddable":true,"href":"https:\/\/www.emeks.biz.tr\/index.php\/wp-json\/wp\/v2\/comments?post=212"}],"version-history":[{"count":146,"href":"https:\/\/www.emeks.biz.tr\/index.php\/wp-json\/wp\/v2\/pages\/212\/revisions"}],"predecessor-version":[{"id":5168,"href":"https:\/\/www.emeks.biz.tr\/index.php\/wp-json\/wp\/v2\/pages\/212\/revisions\/5168"}],"wp:attachment":[{"href":"https:\/\/www.emeks.biz.tr\/index.php\/wp-json\/wp\/v2\/media?parent=212"}],"curies":[{"name":"wp","href":"https:\/\/api.w.org\/{rel}","templated":true}]}}