{"id":2,"date":"2017-04-13T11:03:55","date_gmt":"2017-04-13T08:03:55","guid":{"rendered":"http:\/\/www.emeks.biz.tr\/?page_id=2"},"modified":"2025-03-28T00:53:18","modified_gmt":"2025-03-27T21:53:18","slug":"hakkimizda","status":"publish","type":"page","link":"https:\/\/www.emeks.biz.tr\/index.php\/hakkimizda\/","title":{"rendered":"Hakk\u0131m\u0131zda"},"content":{"rendered":"<p>HAKKIMIZDA\t\t\t\t\t\t\t\t\t\t\t\t\t\t\t\t\t\t\t\t\t\t\t\t\t\t\t<\/p>\n<p><img loading=\"lazy\" decoding=\"async\" src=\"\/wp-content\/uploads\/2017\/04\/hakkimizda.png\" height=\"200\" width=\"200\">Emeks Bilgi Teknolojileri Ltd \u015eti., firmalar\u0131n yaz\u0131l\u0131m ihtiya\u00e7lar\u0131na uygun \u00e7\u00f6z\u00fcmler geli\u015ftiren bir proje \u015firketidir. 20 y\u0131l\u0131 a\u015fk\u0131n s\u00fcredir \u00e7e\u015fitli sekt\u00f6rlerde ba\u015far\u0131l\u0131 projelere imza atan deneyimli ve se\u00e7kin kadrosu ile m\u00fc\u015fteri odakl\u0131 hizmet anlay\u0131\u015f\u0131n\u0131 ilke edinmi\u015ftir.\u015eirketimiz, Logo yaz\u0131l\u0131m \u00fcr\u00fcnlerinin yetkili sat\u0131c\u0131s\u0131d\u0131r. Logo\u2019nun geni\u015f \u00fcr\u00fcn yelpazesi ile m\u00fc\u015fterilerine en uygun \u00e7\u00f6z\u00fcm\u00fc sunmakta ve bu alanda dan\u0131\u015fmanl\u0131k hizmetlerini devam ettirmektedir. \u0130lkelerimiz;<img loading=\"lazy\" decoding=\"async\" src=\"http:\/\/www.emeks.biz.tr\/wp-content\/uploads\/2017\/04\/computer01.jpg\" height=\"150\" width=\"150\">G\u00fcncel ve Modern TeknolojiTeknolojik geli\u015fmelere paralel olarak, portf\u00f6y\u00fcm\u00fczdeki \u00fcr\u00fcnler de g\u00fcncellenmekte, firma ihtiyac\u0131na g\u00f6re belirlenen yeni teknolojiler ile m\u00fc\u015fteri sistemi modern ve g\u00fcncel hale getirilmektedir.<img loading=\"lazy\" decoding=\"async\" src=\"\/wp-content\/uploads\/2017\/04\/memnuniyet.jpg\" height=\"200\" width=\"300\">M\u00fc\u015fteri Memnuniyeti ve G\u00fcven\u0130\u015f ahlak\u0131 ve kar\u015f\u0131l\u0131kl\u0131 g\u00fcven en temel prensibimiz olup s\u00fcrekli m\u00fc\u015fteri memnuniyetini esas alan hizmet anlay\u0131\u015f\u0131m\u0131z ile sekt\u00f6r\u00fcm\u00fczde farkl\u0131l\u0131k yarat\u0131yoruz. Eri\u015fim i\u00e7in t\u00fcm ileti\u015fim kanallar\u0131m\u0131zda \u015feffafl\u0131k sa\u011flayarak bize ula\u015fan m\u00fc\u015fterilerimize h\u0131zl\u0131, etkin, ger\u00e7ek\u00e7i ve uygulanabilir \u00e7\u00f6z\u00fcmler sunar\u0131z. Uzman kadromuz ile her zaman m\u00fc\u015fterimizin yan\u0131nda oldu\u011fumuzu hissetirir \u00fcretti\u011fimiz \u00e7\u00f6z\u00fcmlerle i\u015f s\u00fcre\u00e7lerini h\u0131zland\u0131r\u0131r, vakit kay\u0131plar\u0131n\u0131n \u00f6n\u00fcne ge\u00e7eriz.&nbsp;<img loading=\"lazy\" decoding=\"async\" src=\"http:\/\/www.emeks.biz.tr\/wp-content\/uploads\/2017\/04\/verimlilik.png\" height=\"200\" width=\"400\">VerimlilikVerdi\u011fimiz dan\u0131\u015fmanl\u0131k ve hizmetler ile m\u00fc\u015fteri i\u015fletmelerinde verimlilik art\u0131\u015f\u0131na katk\u0131da bulunacak \u00e7\u00f6z\u00fcmler geli\u015ftiririz. M\u00fc\u015fterimizin yer ald\u0131\u011f\u0131 sekt\u00f6r ve kendine \u00f6zg\u00fc i\u015fletme yap\u0131s\u0131n\u0131 da g\u00f6z \u00f6n\u00fcnde bulundurarak \u00e7a\u011fda\u015f y\u00f6netim tekniklerine katk\u0131da bulunmak, insan kaynaklar\u0131n\u0131 daha \u00fcretken hale getirmek, gerekli bili\u015fim ara\u00e7, gere\u00e7 ve hizmetleri sunmak bu alandaki yol haritam\u0131zd\u0131r.&nbsp;<img loading=\"lazy\" decoding=\"async\" src=\"http:\/\/www.emeks.biz.tr\/wp-content\/uploads\/2017\/04\/firma-entegrasyon.jpg\" height=\"200\" width=\"300\">Firma \u0130\u00e7i Entegrasyon&nbsp;\u0130\u015fletmelerdeki en b\u00fcy\u00fck sorun ve zaman kay\u0131plar\u0131 birbirinden kopuk ve ba\u011flant\u0131s\u0131z \u00e7al\u0131\u015fan departmanlar sebebiyle ortaya \u00e7\u0131kmaktad\u0131r. Departmanlar\u0131n y\u00fcr\u00fctt\u00fc\u011f\u00fc i\u015flerle ilgili i\u015flem ve kay\u0131tlar genellikle birbirinden ba\u011f\u0131ms\u0131z yaz\u0131l\u0131m platformlar\u0131nda takip edilmekte veya bir \u00e7ok i\u015flemde kay\u0131t alt\u0131na al\u0131namamaktad\u0131r.\u0130\u015fletmeye en uygun teknolojik alt yap\u0131 belirlendikten sonra departmanlar aras\u0131 entegrasyon ve tek veritaban\u0131 \u00fczerinden bilgi ak\u0131\u015f\u0131 sa\u011flayacak bir alt yap\u0131 kurulmas\u0131 hedeflenmektedir.&nbsp;<\/p>\n<p><img loading=\"lazy\" decoding=\"async\" width=\"1\" height=\"1\" src=\"http:\/\/www.emeks.biz.tr\/wp-content\/uploads\/2017\/04\/tel_ico.png\" \/>\t\t\t\t\t\t\t\t\t\t\t\t\t\t\t\t\t\t\t\t\t\t\t<\/p>\n<p>Bizi Aray\u0131n\u0131z : 0212 220 00 93<\/p>\n<p><img loading=\"lazy\" decoding=\"async\" width=\"1\" height=\"1\" src=\"http:\/\/www.emeks.biz.tr\/wp-content\/uploads\/2017\/04\/mail_ico-1.png\" \/>\t\t\t\t\t\t\t\t\t\t\t\t\t\t\t\t\t\t\t\t\t\t\t<\/p>\n<p>E-Posta G\u00f6nderiniz : <a href=\"mailto:info@emeks.biz.tr\">info@emeks.biz.tr<\/a><\/p>\n<p><!-- \/row --><\/p>\n","protected":false},"excerpt":{"rendered":"<p class=\"excerpt\">HAKKIMIZDA Emeks Bilgi Teknolojileri Ltd \u015eti., firmalar\u0131n yaz\u0131l\u0131m ihtiya\u00e7lar\u0131na uygun \u00e7\u00f6z\u00fcmler geli\u015ftiren bir proje \u015firketidir. 20 y\u0131l\u0131 a\u015fk\u0131n s\u00fcredir \u00e7e\u015fitli sekt\u00f6rlerde ba\u015far\u0131l\u0131 projelere imza atan deneyimli ve se\u00e7kin kadrosu ile m\u00fc\u015fteri odakl\u0131 hizmet anlay\u0131\u015f\u0131n\u0131 ilke edinmi\u015ftir.\u015eirketimiz, Logo yaz\u0131l\u0131m \u00fcr\u00fcnlerinin yetkili sat\u0131c\u0131s\u0131d\u0131r. Logo\u2019nun geni\u015f \u00fcr\u00fcn yelpazesi ile m\u00fc\u015fterilerine en uygun \u00e7\u00f6z\u00fcm\u00fc sunmakta ve bu alanda dan\u0131\u015fmanl\u0131k [&hellip;]<\/p>\n","protected":false},"author":1,"featured_media":0,"parent":0,"menu_order":0,"comment_status":"closed","ping_status":"open","template":"builder.php","meta":{"footnotes":""},"class_list":["post-2","page","type-page","status-publish","hentry"],"aioseo_notices":[],"_links":{"self":[{"href":"https:\/\/www.emeks.biz.tr\/index.php\/wp-json\/wp\/v2\/pages\/2","targetHints":{"allow":["GET"]}}],"collection":[{"href":"https:\/\/www.emeks.biz.tr\/index.php\/wp-json\/wp\/v2\/pages"}],"about":[{"href":"https:\/\/www.emeks.biz.tr\/index.php\/wp-json\/wp\/v2\/types\/page"}],"author":[{"embeddable":true,"href":"https:\/\/www.emeks.biz.tr\/index.php\/wp-json\/wp\/v2\/users\/1"}],"replies":[{"embeddable":true,"href":"https:\/\/www.emeks.biz.tr\/index.php\/wp-json\/wp\/v2\/comments?post=2"}],"version-history":[{"count":5,"href":"https:\/\/www.emeks.biz.tr\/index.php\/wp-json\/wp\/v2\/pages\/2\/revisions"}],"predecessor-version":[{"id":4980,"href":"https:\/\/www.emeks.biz.tr\/index.php\/wp-json\/wp\/v2\/pages\/2\/revisions\/4980"}],"wp:attachment":[{"href":"https:\/\/www.emeks.biz.tr\/index.php\/wp-json\/wp\/v2\/media?parent=2"}],"curies":[{"name":"wp","href":"https:\/\/api.w.org\/{rel}","templated":true}]}}