{"id":1684,"date":"2017-04-25T09:55:25","date_gmt":"2017-04-25T06:55:25","guid":{"rendered":"http:\/\/www.emeks.biz.tr\/destek-kopya\/"},"modified":"2025-03-28T00:53:17","modified_gmt":"2025-03-27T21:53:17","slug":"projeler","status":"publish","type":"page","link":"https:\/\/www.emeks.biz.tr\/index.php\/projeler\/","title":{"rendered":"Projeler"},"content":{"rendered":"<p>PROJELEREmeks Bilgi Teknolojileri Ltd \u015eti., firmalar\u0131n yaz\u0131l\u0131m ihtiya\u00e7lar\u0131na uygun \u00e7\u00f6z\u00fcmler geli\u015ftiren bir proje \u015firketidir. 20 y\u0131l\u0131 a\u015fk\u0131n s\u00fcredir \u00e7e\u015fitli sekt\u00f6rlerde ba\u015far\u0131l\u0131 projelere imza atan deneyimli ve se\u00e7kin kadrosu ile m\u00fc\u015fteri odakl\u0131 hizmet anlay\u0131\u015f\u0131n\u0131 ilke edinmi\u015ftir. \u015eirketimiz, Logo yaz\u0131l\u0131m \u00fcr\u00fcnlerinin yetkili sat\u0131c\u0131s\u0131 olup, Logo\u2019nun geni\u015f \u00fcr\u00fcn yelpazesi ile m\u00fc\u015fterilerine en uygun \u00e7\u00f6z\u00fcm\u00fc sunmakta ve bu alanda dan\u0131\u015fmanl\u0131k hizmetlerini devam ettirmektedir. \u00dcr\u00fcn ve Hizmetlerimizle ilgili bilgi almak i\u00e7in <a href=\"http:\/\/info@emeks.biz.tr\">info@emeks.biz.tr<\/a> mail adresinden bize ula\u015fabilirsiniz .<\/p>\n<p><!-- \/row --><\/p>\n","protected":false},"excerpt":{"rendered":"<p class=\"excerpt\">PROJELEREmeks Bilgi Teknolojileri Ltd \u015eti., firmalar\u0131n yaz\u0131l\u0131m ihtiya\u00e7lar\u0131na uygun \u00e7\u00f6z\u00fcmler geli\u015ftiren bir proje \u015firketidir. 20 y\u0131l\u0131 a\u015fk\u0131n s\u00fcredir \u00e7e\u015fitli sekt\u00f6rlerde ba\u015far\u0131l\u0131 projelere imza atan deneyimli ve se\u00e7kin kadrosu ile m\u00fc\u015fteri odakl\u0131 hizmet anlay\u0131\u015f\u0131n\u0131 ilke edinmi\u015ftir. \u015eirketimiz, Logo yaz\u0131l\u0131m \u00fcr\u00fcnlerinin yetkili sat\u0131c\u0131s\u0131 olup, Logo\u2019nun geni\u015f \u00fcr\u00fcn yelpazesi ile m\u00fc\u015fterilerine en uygun \u00e7\u00f6z\u00fcm\u00fc sunmakta ve bu alanda [&hellip;]<\/p>\n","protected":false},"author":1,"featured_media":0,"parent":0,"menu_order":0,"comment_status":"closed","ping_status":"closed","template":"builder.php","meta":{"footnotes":""},"class_list":["post-1684","page","type-page","status-publish","hentry"],"aioseo_notices":[],"_links":{"self":[{"href":"https:\/\/www.emeks.biz.tr\/index.php\/wp-json\/wp\/v2\/pages\/1684","targetHints":{"allow":["GET"]}}],"collection":[{"href":"https:\/\/www.emeks.biz.tr\/index.php\/wp-json\/wp\/v2\/pages"}],"about":[{"href":"https:\/\/www.emeks.biz.tr\/index.php\/wp-json\/wp\/v2\/types\/page"}],"author":[{"embeddable":true,"href":"https:\/\/www.emeks.biz.tr\/index.php\/wp-json\/wp\/v2\/users\/1"}],"replies":[{"embeddable":true,"href":"https:\/\/www.emeks.biz.tr\/index.php\/wp-json\/wp\/v2\/comments?post=1684"}],"version-history":[{"count":4,"href":"https:\/\/www.emeks.biz.tr\/index.php\/wp-json\/wp\/v2\/pages\/1684\/revisions"}],"predecessor-version":[{"id":4645,"href":"https:\/\/www.emeks.biz.tr\/index.php\/wp-json\/wp\/v2\/pages\/1684\/revisions\/4645"}],"wp:attachment":[{"href":"https:\/\/www.emeks.biz.tr\/index.php\/wp-json\/wp\/v2\/media?parent=1684"}],"curies":[{"name":"wp","href":"https:\/\/api.w.org\/{rel}","templated":true}]}}