{"id":1639,"date":"2017-04-25T09:37:24","date_gmt":"2017-04-25T06:37:24","guid":{"rendered":"http:\/\/www.emeks.biz.tr\/e-defter-kopya\/"},"modified":"2025-03-28T00:53:17","modified_gmt":"2025-03-27T21:53:17","slug":"destek","status":"publish","type":"page","link":"https:\/\/www.emeks.biz.tr\/index.php\/destek\/","title":{"rendered":"Destek"},"content":{"rendered":"<p>Dan\u0131\u015fmanl\u0131k ve Destek HizmetleriFirmam\u0131z Logo yaz\u0131l\u0131m yetkili e\u011fitim ve destek merkezi olup, kullan\u0131c\u0131lar\u0131n bilgi altyap\u0131lar\u0131nda meydana gelen sorun ve ihtiya\u00e7lara an\u0131nda \u00e7\u00f6z\u00fcm geli\u015ftirmeyi ve kesintisiz \u00e7al\u0131\u015fma ortam\u0131 sa\u011flamay\u0131 ilke edinmi\u015ftir. Hizmetler yerinde ve tele-destek \u015feklinde iki kanaldan verilmektedir. Destek s\u00f6zle\u015fmesi detaylar\u0131 i\u00e7in<a href=\"http:\/\/info@emeks.biz.tr\"> info@emeks.biz.tr<\/a> adresinden bilgi alabilirsiniz.<\/p>\n<p><!-- \/row --><\/p>\n","protected":false},"excerpt":{"rendered":"<p class=\"excerpt\">Dan\u0131\u015fmanl\u0131k ve Destek HizmetleriFirmam\u0131z Logo yaz\u0131l\u0131m yetkili e\u011fitim ve destek merkezi olup, kullan\u0131c\u0131lar\u0131n bilgi altyap\u0131lar\u0131nda meydana gelen sorun ve ihtiya\u00e7lara an\u0131nda \u00e7\u00f6z\u00fcm geli\u015ftirmeyi ve kesintisiz \u00e7al\u0131\u015fma ortam\u0131 sa\u011flamay\u0131 ilke edinmi\u015ftir. Hizmetler yerinde ve tele-destek \u015feklinde iki kanaldan verilmektedir. Destek s\u00f6zle\u015fmesi detaylar\u0131 i\u00e7in info@emeks.biz.tr adresinden bilgi alabilirsiniz.<\/p>\n","protected":false},"author":1,"featured_media":0,"parent":0,"menu_order":0,"comment_status":"closed","ping_status":"closed","template":"builder.php","meta":{"footnotes":""},"class_list":["post-1639","page","type-page","status-publish","hentry"],"aioseo_notices":[],"_links":{"self":[{"href":"https:\/\/www.emeks.biz.tr\/index.php\/wp-json\/wp\/v2\/pages\/1639","targetHints":{"allow":["GET"]}}],"collection":[{"href":"https:\/\/www.emeks.biz.tr\/index.php\/wp-json\/wp\/v2\/pages"}],"about":[{"href":"https:\/\/www.emeks.biz.tr\/index.php\/wp-json\/wp\/v2\/types\/page"}],"author":[{"embeddable":true,"href":"https:\/\/www.emeks.biz.tr\/index.php\/wp-json\/wp\/v2\/users\/1"}],"replies":[{"embeddable":true,"href":"https:\/\/www.emeks.biz.tr\/index.php\/wp-json\/wp\/v2\/comments?post=1639"}],"version-history":[{"count":5,"href":"https:\/\/www.emeks.biz.tr\/index.php\/wp-json\/wp\/v2\/pages\/1639\/revisions"}],"predecessor-version":[{"id":4647,"href":"https:\/\/www.emeks.biz.tr\/index.php\/wp-json\/wp\/v2\/pages\/1639\/revisions\/4647"}],"wp:attachment":[{"href":"https:\/\/www.emeks.biz.tr\/index.php\/wp-json\/wp\/v2\/media?parent=1639"}],"curies":[{"name":"wp","href":"https:\/\/api.w.org\/{rel}","templated":true}]}}