{"id":1624,"date":"2017-04-25T09:28:51","date_gmt":"2017-04-25T06:28:51","guid":{"rendered":"http:\/\/www.emeks.biz.tr\/cozumlerimiz-kopya\/"},"modified":"2025-03-28T00:53:17","modified_gmt":"2025-03-27T21:53:17","slug":"hizmetlerimiz","status":"publish","type":"page","link":"https:\/\/www.emeks.biz.tr\/index.php\/hizmetlerimiz\/","title":{"rendered":"Hizmetlerimiz"},"content":{"rendered":"<p>H\u0130ZMETLER\u0130M\u0130Z\t\t\t\t\t\t\t\t\t\t\t\t\t\t\t\t\t\t\t\t\t\t\t\t\t\t\t<\/p>\n<p>Emeks Bilgi Teknolojileri, ge\u00e7mi\u015f tecr\u00fcbeleri ve konusunda deneyimli e\u011fitim, destek ve dan\u0131\u015fman ekipleri ile kullan\u0131c\u0131lar\u0131n\u0131n her t\u00fcrl\u00fc ihtiyac\u0131na yan\u0131t verebilen geni\u015f bir hizmet a\u011f\u0131 sunmaktad\u0131r.Emeks Bilgi Teknolojileri, e\u011fitim hizmetleri kapsam\u0131ndaki \u00e7al\u0131\u015fmalar\u0131yla, bili\u015fim sekt\u00f6r\u00fcne nitelikli insan kayna\u011f\u0131 kayna\u011f\u0131 kazand\u0131rmay\u0131, \u00e7\u00f6z\u00fcmleri konusunda uzmanlar yeti\u015ftirmeyi ve kullan\u0131c\u0131lar\u0131n\u0131n \u00fcr\u00fcnlere dair yetkinli\u011fini art\u0131rmakta yard\u0131mc\u0131 rol oynamay\u0131 hedeflemektedir. Bu ama\u00e7la; kendini bu konularda geli\u015ftirmek isteyen t\u00fcm Logo kullan\u0131c\u0131lar\u0131na y\u00f6nelik haz\u0131rlanan, deneyimli ve uzman kadrolar taraf\u0131ndan verilen e\u011fitimlerle, Logo \u00c7\u00f6z\u00fcmleri ve ki\u015fisel geli\u015fim konular\u0131nda detayl\u0131 e\u011fitim alma \u015fans\u0131n\u0131 sunmaktad\u0131r.&nbsp;<\/p>\n<p><!-- \/row --><\/p>\n","protected":false},"excerpt":{"rendered":"<p class=\"excerpt\">H\u0130ZMETLER\u0130M\u0130Z Emeks Bilgi Teknolojileri, ge\u00e7mi\u015f tecr\u00fcbeleri ve konusunda deneyimli e\u011fitim, destek ve dan\u0131\u015fman ekipleri ile kullan\u0131c\u0131lar\u0131n\u0131n her t\u00fcrl\u00fc ihtiyac\u0131na yan\u0131t verebilen geni\u015f bir hizmet a\u011f\u0131 sunmaktad\u0131r.Emeks Bilgi Teknolojileri, e\u011fitim hizmetleri kapsam\u0131ndaki \u00e7al\u0131\u015fmalar\u0131yla, bili\u015fim sekt\u00f6r\u00fcne nitelikli insan kayna\u011f\u0131 kayna\u011f\u0131 kazand\u0131rmay\u0131, \u00e7\u00f6z\u00fcmleri konusunda uzmanlar yeti\u015ftirmeyi ve kullan\u0131c\u0131lar\u0131n\u0131n \u00fcr\u00fcnlere dair yetkinli\u011fini art\u0131rmakta yard\u0131mc\u0131 rol oynamay\u0131 hedeflemektedir. Bu ama\u00e7la; [&hellip;]<\/p>\n","protected":false},"author":1,"featured_media":0,"parent":0,"menu_order":0,"comment_status":"closed","ping_status":"closed","template":"builder.php","meta":{"footnotes":""},"class_list":["post-1624","page","type-page","status-publish","hentry"],"aioseo_notices":[],"_links":{"self":[{"href":"https:\/\/www.emeks.biz.tr\/index.php\/wp-json\/wp\/v2\/pages\/1624","targetHints":{"allow":["GET"]}}],"collection":[{"href":"https:\/\/www.emeks.biz.tr\/index.php\/wp-json\/wp\/v2\/pages"}],"about":[{"href":"https:\/\/www.emeks.biz.tr\/index.php\/wp-json\/wp\/v2\/types\/page"}],"author":[{"embeddable":true,"href":"https:\/\/www.emeks.biz.tr\/index.php\/wp-json\/wp\/v2\/users\/1"}],"replies":[{"embeddable":true,"href":"https:\/\/www.emeks.biz.tr\/index.php\/wp-json\/wp\/v2\/comments?post=1624"}],"version-history":[{"count":1,"href":"https:\/\/www.emeks.biz.tr\/index.php\/wp-json\/wp\/v2\/pages\/1624\/revisions"}],"predecessor-version":[{"id":4357,"href":"https:\/\/www.emeks.biz.tr\/index.php\/wp-json\/wp\/v2\/pages\/1624\/revisions\/4357"}],"wp:attachment":[{"href":"https:\/\/www.emeks.biz.tr\/index.php\/wp-json\/wp\/v2\/media?parent=1624"}],"curies":[{"name":"wp","href":"https:\/\/api.w.org\/{rel}","templated":true}]}}