{"id":1590,"date":"2017-04-24T17:55:29","date_gmt":"2017-04-24T14:55:29","guid":{"rendered":"http:\/\/www.emeks.biz.tr\/logo-mind-navigator-kopya\/"},"modified":"2025-03-28T00:53:17","modified_gmt":"2025-03-27T21:53:17","slug":"logo-flow","status":"publish","type":"page","link":"https:\/\/www.emeks.biz.tr\/index.php\/logo-flow\/","title":{"rendered":"Logo Flow"},"content":{"rendered":"<p><img decoding=\"async\" src=\"\/wp-content\/uploads\/2017\/04\/logoFlow-01.png\"><br \/>\n\t\t\t\t\t\t\t\t\t\t\t\t\t\t\t\t\t\t\t\t\t\t\t\t\t\t\t\t\t\t\t\t\t\t\t\t\t\u0130\u015f Ak\u0131\u015f\u0131 Y\u00f6netiminde H\u0131zl\u0131 ve Kesintisiz \u00c7\u00f6z\u00fcmGeli\u015fmi\u015f aray\u00fcz\u00fc ile i\u015f ak\u0131\u015f tasar\u0131m\u0131n\u0131 kodlama zorunlulu\u011fu olmadan ger\u00e7ekle\u015ftirmenizi sa\u011flayan Logo Flow ile i\u015f s\u00fcre\u00e7lerinizi iyile\u015ftirerek verimlili\u011finizi artt\u0131r\u0131n!\u00a0<\/p>\n<p>\u00a0 \u00a0 <a href=\"https:\/\/youtu.be\/om4pbtUrxH0\">Tan\u0131t\u0131m Videosu \u0130\u00e7in T\u0131klay\u0131n\u0131z&#8230;<\/a>\u00a0\u00a0<\/p>\n<p><img decoding=\"async\" src=\"\/wp-content\/uploads\/2017\/04\/16_19.png\">H\u0131zl\u0131 Kullan\u0131m<a href=\"http:\/\/www.logo.com.tr\/cozumler\/is-akis-yonetimi-cozumleri\"><\/a>\u0130\u015f ak\u0131\u015f\u0131nda yer alacak formlar\u0131, kullan\u0131c\u0131\/yetki tan\u0131mlamalar\u0131n\u0131 ve s\u00fcrece ait t\u00fcm d\u00fczenlemeleri tek bir ekrandan h\u0131zla yapabilirsiniz.\u00a0<img decoding=\"async\" src=\"\/wp-content\/uploads\/2017\/04\/Setofbusinessicons-16.png\">Mobil UyumluMobil uyumlu aray\u00fczleri sayesinde zaman ve mekandan ba\u011f\u0131ms\u0131z olarak kullanabilece\u011finiz Logo Flow, i\u015f ak\u0131\u015f\u0131n\u0131z\u0131 her yerden y\u00f6netebilmenizi sa\u011flar.\u00a0<img decoding=\"async\" src=\"\/wp-content\/uploads\/2017\/04\/SetofmodernflatdesignShoppingandcommerceicons-25.png\">S\u00fcre\u00e7 Verimlili\u011fiLogo Flow&#8216; da yer alan atanm\u0131\u015f i\u015fleri g\u00f6r\u00fcnt\u00fcleme, mevcut i\u015fler i\u00e7erisinde arama yapabilme ve e-posta ile bildirim \u00f6zellikleri sayesinde s\u00fcre\u00e7 verimlili\u011finizi art\u0131rabilirsiniz.\u00a0<img decoding=\"async\" src=\"\/wp-content\/uploads\/2017\/04\/Businessandfinancesicon-07.png\">Anl\u0131k Kontrol \u0130mkan\u0131Logo Flow&#8216; un ayr\u0131nt\u0131l\u0131 y\u00f6netim ekran\u0131 ile \u015firketinizdeki i\u015f ak\u0131\u015flar\u0131n\u0131n durumunu anl\u0131k olarak izleyebilir ve y\u00f6netebilirsiniz.<img decoding=\"async\" src=\"\/wp-content\/uploads\/2017\/04\/Setofbusinessicons-38.png\">Entegre Yap\u0131Logo \u00c7\u00f6z\u00fcmleri ile entegre \u00e7al\u0131\u015fan\u00a0Logo Flow\u00a0sayesinde hedeflenen verimlili\u011fi yakalayarak i\u015f s\u00fcre\u00e7lerinizin performans\u0131n\u0131 art\u0131rabilirsiniz.\u00a0<\/p>\n<p>&nbsp;<a href=\"\/wp-content\/uploads\/2017\/04\/logoflowweb.pdf\" target=\"_blank\">&nbsp; BRO\u015e\u00dcR\u00dc \u0130ND\u0130R\u0130N &nbsp;<\/a> &nbsp;<\/p>\n<p><!-- \/row --><\/p>\n","protected":false},"excerpt":{"rendered":"<p class=\"excerpt\">\u0130\u015f Ak\u0131\u015f\u0131 Y\u00f6netiminde H\u0131zl\u0131 ve Kesintisiz \u00c7\u00f6z\u00fcmGeli\u015fmi\u015f aray\u00fcz\u00fc ile i\u015f ak\u0131\u015f tasar\u0131m\u0131n\u0131 kodlama zorunlulu\u011fu olmadan ger\u00e7ekle\u015ftirmenizi sa\u011flayan Logo Flow ile i\u015f s\u00fcre\u00e7lerinizi iyile\u015ftirerek verimlili\u011finizi artt\u0131r\u0131n!\u00a0 \u00a0 \u00a0 Tan\u0131t\u0131m Videosu \u0130\u00e7in T\u0131klay\u0131n\u0131z&#8230;\u00a0\u00a0 H\u0131zl\u0131 Kullan\u0131m\u0130\u015f ak\u0131\u015f\u0131nda yer alacak formlar\u0131, kullan\u0131c\u0131\/yetki tan\u0131mlamalar\u0131n\u0131 ve s\u00fcrece ait t\u00fcm d\u00fczenlemeleri tek bir ekrandan h\u0131zla yapabilirsiniz.\u00a0Mobil UyumluMobil uyumlu aray\u00fczleri sayesinde zaman ve [&hellip;]<\/p>\n","protected":false},"author":1,"featured_media":0,"parent":0,"menu_order":0,"comment_status":"closed","ping_status":"closed","template":"builder.php","meta":{"footnotes":""},"class_list":["post-1590","page","type-page","status-publish","hentry"],"aioseo_notices":[],"_links":{"self":[{"href":"https:\/\/www.emeks.biz.tr\/index.php\/wp-json\/wp\/v2\/pages\/1590","targetHints":{"allow":["GET"]}}],"collection":[{"href":"https:\/\/www.emeks.biz.tr\/index.php\/wp-json\/wp\/v2\/pages"}],"about":[{"href":"https:\/\/www.emeks.biz.tr\/index.php\/wp-json\/wp\/v2\/types\/page"}],"author":[{"embeddable":true,"href":"https:\/\/www.emeks.biz.tr\/index.php\/wp-json\/wp\/v2\/users\/1"}],"replies":[{"embeddable":true,"href":"https:\/\/www.emeks.biz.tr\/index.php\/wp-json\/wp\/v2\/comments?post=1590"}],"version-history":[{"count":2,"href":"https:\/\/www.emeks.biz.tr\/index.php\/wp-json\/wp\/v2\/pages\/1590\/revisions"}],"predecessor-version":[{"id":5141,"href":"https:\/\/www.emeks.biz.tr\/index.php\/wp-json\/wp\/v2\/pages\/1590\/revisions\/5141"}],"wp:attachment":[{"href":"https:\/\/www.emeks.biz.tr\/index.php\/wp-json\/wp\/v2\/media?parent=1590"}],"curies":[{"name":"wp","href":"https:\/\/api.w.org\/{rel}","templated":true}]}}