{"id":1583,"date":"2017-04-24T17:53:11","date_gmt":"2017-04-24T14:53:11","guid":{"rendered":"http:\/\/www.emeks.biz.tr\/kobi-cozumlerimiz-kopya\/"},"modified":"2025-03-28T00:53:17","modified_gmt":"2025-03-27T21:53:17","slug":"is-akis-yonetimi-cozumleri","status":"publish","type":"page","link":"https:\/\/www.emeks.biz.tr\/index.php\/is-akis-yonetimi-cozumleri\/","title":{"rendered":"\u0130\u015f Ak\u0131\u015f Y\u00f6netimi \u00c7\u00f6z\u00fcmleri"},"content":{"rendered":"<p>\u0130\u015e AKI\u015e Y\u00d6NET\u0130M\u0130 \u00c7\u00d6Z\u00dcMLER\u0130\t\t\t\t\t\t\t\t\t\t\t\t\t\t\t\t\t\t\t\t\t\t\t\t\t\t\t<\/p>\n<p>T\u00fcrkiye uygulama yaz\u0131l\u0131mlar\u0131 pazar\u0131 lideri Logo, i\u015f s\u00fcre\u00e7lerini iyile\u015ftirmek yeniden yap\u0131land\u0131rmak ve kurum genelinde y\u00f6netimi belirli standartlar do\u011frultusunda ger\u00e7ekle\u015ftirmek isteyen \u015firketler i\u00e7in kolay kullan\u0131ml\u0131 \u0130\u015f Ak\u0131\u015f Y\u00f6netimi \u00c7\u00f6z\u00fcmleri\u00a0sunmaktad\u0131r.\u015eirketlerin i\u015f s\u00fcre\u00e7lerinin olu\u015fturulmas\u0131, takip edilmesi ve sonu\u00e7land\u0131r\u0131lmas\u0131n\u0131 sa\u011flayan \u0130\u015f Ak\u0131\u015f Y\u00f6netimi; i\u015f s\u00fcre\u00e7lerini h\u0131zland\u0131rarak, bu s\u00fcre\u00e7lerin daha iyi y\u00f6netilmesine yard\u0131mc\u0131 olur.\u00a0Logo Flow, i\u015f s\u00fcre\u00e7lerini daha yal\u0131n ve sistematik bir yap\u0131da organize etmek isteyen, \u015firket i\u00e7i\/ d\u0131\u015f\u0131 bilginin do\u011fru, g\u00fcvenli, h\u0131zl\u0131 bir \u015fekilde ta\u015f\u0131nmas\u0131n\u0131 ama\u00e7layan t\u00fcm KOB\u0130 ve kurumsal i\u015fletmeler i\u00e7in en uygun \u0130\u015f Ak\u0131\u015f Y\u00f6netimi \u00e7\u00f6z\u00fcm\u00fcn\u00fc sunar.M\u00fc\u015fteri ili\u015fkileri y\u00f6netiminden tedarik zinciri s\u00fcrecine, finans y\u00f6netiminden d\u0131\u015f ticarete kadar farkl\u0131 mod\u00fcller i\u00e7eren Logo Flow, farkl\u0131 departmanlar aras\u0131ndaki ileti\u015fimi h\u0131zland\u0131r\u0131yor. B\u00f6ylece \u00fcretim, planlama, lojistik, finans ve idari alanlardaki farkl\u0131 s\u00fcre\u00e7leri k\u0131sa s\u00fcrede elektronik ortama ta\u015f\u0131yor.\u0130\u015f Ak\u0131\u015f Y\u00f6netimi \u00c7\u00f6z\u00fcm\u00fc Logo Flow \u0130\u015fletmenizin Hangi \u0130htiya\u00e7lar\u0131na \u00c7\u00f6z\u00fcm Sa\u011fl\u0131yor?\u2022 Standart \u0130\u015f Operasyonlar\u0131 ve S\u00fcre\u00e7 Y\u00f6netimi\u2022 Kaliteli ve H\u0131zl\u0131 Bilgi Payla\u015f\u0131m\u0131\u2022 Form Ak\u0131\u015f Onay ve Takip Sistemi\u2022 Zamanlanm\u0131\u015f G\u00f6rev Y\u00f6netimi\u2022 Web Tabanl\u0131 Kullan\u0131m\u2022 \u0130\u015f Yapma H\u0131z\u0131nda Art\u0131\u015f\u2022 Tak\u0131m \u00c7al\u0131\u015fmas\u0131 Etkinli\u011finde Art\u0131\u015f\u2022 Zaman ve Plan Y\u00f6netimi Verimini Art\u0131rma\u2022 Logo ERP Yaz\u0131l\u0131mlar\u0131 ile Entegrasyon\u00c7\u00f6z\u00fcmlerimiz ile ilgili detayl\u0131 bilgiler i\u00e7in a\u015fa\u011f\u0131daki logolar\u0131n \u00fczerine t\u0131klayabilirsiniz.<\/p>\n<p><a href=\"\/logo-flow\"><img decoding=\"async\" src=\"\/wp-content\/uploads\/2017\/05\/logoFlow-01.png\"><\/a><\/p>\n<p><!-- \/row --><\/p>\n","protected":false},"excerpt":{"rendered":"<p class=\"excerpt\">\u0130\u015e AKI\u015e Y\u00d6NET\u0130M\u0130 \u00c7\u00d6Z\u00dcMLER\u0130 T\u00fcrkiye uygulama yaz\u0131l\u0131mlar\u0131 pazar\u0131 lideri Logo, i\u015f s\u00fcre\u00e7lerini iyile\u015ftirmek yeniden yap\u0131land\u0131rmak ve kurum genelinde y\u00f6netimi belirli standartlar do\u011frultusunda ger\u00e7ekle\u015ftirmek isteyen \u015firketler i\u00e7in kolay kullan\u0131ml\u0131 \u0130\u015f Ak\u0131\u015f Y\u00f6netimi \u00c7\u00f6z\u00fcmleri\u00a0sunmaktad\u0131r.\u015eirketlerin i\u015f s\u00fcre\u00e7lerinin olu\u015fturulmas\u0131, takip edilmesi ve sonu\u00e7land\u0131r\u0131lmas\u0131n\u0131 sa\u011flayan \u0130\u015f Ak\u0131\u015f Y\u00f6netimi; i\u015f s\u00fcre\u00e7lerini h\u0131zland\u0131rarak, bu s\u00fcre\u00e7lerin daha iyi y\u00f6netilmesine yard\u0131mc\u0131 olur.\u00a0Logo Flow, i\u015f [&hellip;]<\/p>\n","protected":false},"author":1,"featured_media":0,"parent":0,"menu_order":0,"comment_status":"closed","ping_status":"closed","template":"builder.php","meta":{"footnotes":""},"class_list":["post-1583","page","type-page","status-publish","hentry"],"aioseo_notices":[],"_links":{"self":[{"href":"https:\/\/www.emeks.biz.tr\/index.php\/wp-json\/wp\/v2\/pages\/1583","targetHints":{"allow":["GET"]}}],"collection":[{"href":"https:\/\/www.emeks.biz.tr\/index.php\/wp-json\/wp\/v2\/pages"}],"about":[{"href":"https:\/\/www.emeks.biz.tr\/index.php\/wp-json\/wp\/v2\/types\/page"}],"author":[{"embeddable":true,"href":"https:\/\/www.emeks.biz.tr\/index.php\/wp-json\/wp\/v2\/users\/1"}],"replies":[{"embeddable":true,"href":"https:\/\/www.emeks.biz.tr\/index.php\/wp-json\/wp\/v2\/comments?post=1583"}],"version-history":[{"count":1,"href":"https:\/\/www.emeks.biz.tr\/index.php\/wp-json\/wp\/v2\/pages\/1583\/revisions"}],"predecessor-version":[{"id":4359,"href":"https:\/\/www.emeks.biz.tr\/index.php\/wp-json\/wp\/v2\/pages\/1583\/revisions\/4359"}],"wp:attachment":[{"href":"https:\/\/www.emeks.biz.tr\/index.php\/wp-json\/wp\/v2\/media?parent=1583"}],"curies":[{"name":"wp","href":"https:\/\/api.w.org\/{rel}","templated":true}]}}