{"id":1568,"date":"2017-04-24T17:33:57","date_gmt":"2017-04-24T14:33:57","guid":{"rendered":"http:\/\/www.emeks.biz.tr\/e-defter-kopya\/"},"modified":"2025-03-28T00:53:17","modified_gmt":"2025-03-27T21:53:17","slug":"logo-mind-navigator","status":"publish","type":"page","link":"https:\/\/www.emeks.biz.tr\/index.php\/logo-mind-navigator\/","title":{"rendered":"Logo Mind Navigator"},"content":{"rendered":"<p><img decoding=\"async\" src=\"\/wp-content\/uploads\/2017\/04\/logo_mind_navigator-01.png\"><br \/>\n\t\t\t\t\t\t\t\t\t\t\t\t\t\t\t\t\t\t\t\t\t\t\t\t\t\t\t\t\t\t\t\t\t\t\t\t\tLogo Mind NavigatorLogo Mind Navigator, verilerinizi \u00e7ok boyutlu analiz ederek en karma\u015f\u0131k verileri s\u00fcz\u00fcp stratejik a\u00e7\u0131dan \u00f6nemli bilgileri kolayl\u0131kla elde edebilmenize yard\u0131mc\u0131 olarak Logo ERP \u00c7\u00f6z\u00fcmleriyle b\u00fct\u00fcnsel bir entegrasyon yap\u0131s\u0131 sunan bir raporlama \u00e7\u00f6z\u00fcm\u00fcd\u00fcr.<\/p>\n<p>&nbsp;&nbsp; <a href=\"https:\/\/youtu.be\/v4lLgdVEshg\">Tan\u0131t\u0131m Videosu \u0130\u00e7in T\u0131klay\u0131n\u0131z&#8230;<\/a>&nbsp;&nbsp;<\/p>\n<p><img decoding=\"async\" src=\"\/wp-content\/uploads\/2017\/04\/2_16.png\">Logo ERP \u00c7\u00f6z\u00fcmleriyle Entegre Yap\u0131Logo Mind Navigator&#8217;\u0131n Logo ERP program\u0131 ile MS Excel aras\u0131nda kurdu\u011fu dinamik ba\u011flant\u0131 ile sistemdeki bilgilere online ula\u015fabilmenize, istedi\u011finiz rapor ve grafikleri g\u00fcncel olarak alabilmenize, prog\u00adram\u00addan al\u00add\u0131\u00ad\u011f\u0131\u00adn\u0131z t\u00fcm ra\u00adpor\u00adla\u00adr\u0131n hemen hepsini Ex\u00adcel&#8217;de de olu\u015fturabilmenize olanak sa\u011flar.<img decoding=\"async\" src=\"\/wp-content\/uploads\/2017\/04\/25_16.png\">Detayl\u0131 Rapor ve Kar\u015f\u0131la\u015ft\u0131rmal\u0131 Tablo \u00d6zellikleriHer mo\u00add\u00fc\u00adle ili\u015f\u00adkin o an\u00adda\u00adki ger\u00ad\u00e7ek du\u00adru\u00admu iz\u00adle\u00adme\u00adni\u00adzi sa\u011f\u00adla\u00adyan \u00f6zet ve ay\u00adr\u0131n\u00adt\u0131\u00adl\u0131 da\u00ad\u011f\u0131\u00adl\u0131m, du\u00adrum ve kar\u015f\u0131la\u015ft\u0131rma tab\u00adlo\u00adla\u00adr\u0131 ile gra\u00adfik\u00adle\u00adri ha\u00adz\u0131r\u00adla\u00adya\u00adbi\u00adlir\u00adsi\u00adniz. (\u00d6r\u00adne\u00ad\u011fin; sa\u00adt\u0131\u015f\u00adla\u00adr\u0131n da\u00ad\u011f\u0131\u00adl\u0131\u00adm\u0131, mal da\u00ad\u011f\u0131\u00adl\u0131\u00adm\u0131 si\u00adpa\u00adri\u015f\u00adle\u00adrin da\u00ad\u011f\u0131\u00adl\u0131\u00adm\u0131, tah\u00adsi\u00adlat\u00adla\u00adr\u0131n ve \u00f6de\u00adme\u00adle\u00adrin da\u00ad\u011f\u0131\u00adl\u0131\u00adm\u0131, malzeme du\u00adru\u00admu, ca\u00adri he\u00adsap\u00adla\u00adr\u0131n du\u00adru\u00admu, na\u00adkit du\u00adru\u00admu)<img decoding=\"async\" src=\"\/wp-content\/uploads\/2017\/04\/16_4.png\">Senaryo KurgulamaHa\u00adz\u0131r\u00adla\u00adm\u0131\u015f ol\u00addu\u00ad\u011fu\u00adnuz kar\u00ad\u015f\u0131\u00adla\u015f\u00adt\u0131r\u00adma\u00adl\u0131 tab\u00adlo\u00adla\u00adra is\u00adte\u00addi\u00ad\u011fi\u00adniz de\u00ad\u011fer\u00adle\u00adri gi\u00adre\u00adrek se\u00adnar\u00adyo\u00adlar olu\u015f\u00adtu\u00adra\u00adbi\u00adlir, fir\u00adma\u00adn\u0131\u00adz\u0131n de\u00ad\u011fi\u00ad\u015fik ko\u00ad\u015ful\u00adlar\u00addan na\u00ads\u0131l et\u00adki\u00adle\u00adne\u00adce\u00ad\u011fi\u00adni g\u00f6\u00adre\u00adbi\u00adlir\u00adsi\u00adniz.<img decoding=\"async\" src=\"\/wp-content\/uploads\/2017\/04\/19_3.png\">Haz\u0131r Rapor \u00d6zellikleriHaz\u0131r sorgu modelleri, haz\u0131r rapor \u015fablonlar\u0131 ve haz\u0131r sakl\u0131 yordamlar (Stored Procedure) sayesinde, \u00f6zelle\u015ftirilmi\u015f raporlama y\u00f6ntemlerine ihtiyac\u0131n\u0131z olmadan, i\u015fletmeniz i\u00e7in detayl\u0131 raporlamalar yapabilmenize yard\u0131mc\u0131 olur.<img decoding=\"async\" src=\"\/wp-content\/uploads\/2017\/04\/10_8.png\">\u00d6zelle\u015ftirebilir Raporlama Se\u00e7enekleri\u00d6zel yaz\u0131lacak sakl\u0131 yordamlar\u0131, kullan\u0131c\u0131 tan\u0131ml\u0131 modeller ve tablolar olu\u015fturabilme \u00f6zelli\u011fi ve farkl\u0131 veri kaynaklar\u0131ndan veri alma \u00f6zellikleri sayesinde, raporlar\u0131n\u0131z\u0131 i\u015fletmenizin ihtiya\u00e7lar\u0131na g\u00f6re rahatl\u0131kla \u00f6zelle\u015ftirebilirsiniz.<img decoding=\"async\" src=\"\/wp-content\/uploads\/2017\/04\/102.png\">Geli\u015fmi\u015f Filtrelendirme ve Rapor Yetkilendirme \u0130mkan\u0131Geli\u015fmi\u015f filtre yap\u0131s\u0131 sayesinde, ihtiyac\u0131n\u0131z olan verilere ihtiyac\u0131n\u0131z olan anda ula\u015farak, raporlar\u0131n\u0131z\u0131 bu veriler etraf\u0131nda olu\u015fturman\u0131za olanak sa\u011flar.<img decoding=\"async\" src=\"\/wp-content\/uploads\/2017\/04\/11_8.png\">Veri i\u015fleme \u00d6zellikleri\u0130\u00e7eri Al \/ D\u0131\u015far\u0131 At (Import\/Export) ve veri ambar\u0131 olu\u015fturabilme \u00f6zellikleri sayesinde, verilerinizi diledi\u011finiz gibi kullanman\u0131za olanak sa\u011flar.<\/p>\n<p><a href=\"\/wp-content\/uploads\/2017\/04\/Logo_Is_Analitigi_Fiyat_Listesi_2017.pdf\" target=\"_blank\">&nbsp; F\u0130YAT L\u0130STES\u0130 &nbsp;<\/a>&nbsp; | &nbsp; <a href=\"\/wp-content\/uploads\/2017\/04\/Logo_Mind_Navigator.pdf\" target=\"_blank\">&nbsp; BRO\u015e\u00dcR\u00dc \u0130ND\u0130R\u0130N &nbsp;<\/a>&nbsp; &nbsp;| &nbsp; &nbsp;<a href=\"\/index.php\/demo-talep-formu\" target=\"_blank\">&nbsp; DEMO TALEP ET &nbsp;<\/a><\/p>\n<p><!-- \/row --><\/p>\n","protected":false},"excerpt":{"rendered":"<p class=\"excerpt\">Logo Mind NavigatorLogo Mind Navigator, verilerinizi \u00e7ok boyutlu analiz ederek en karma\u015f\u0131k verileri s\u00fcz\u00fcp stratejik a\u00e7\u0131dan \u00f6nemli bilgileri kolayl\u0131kla elde edebilmenize yard\u0131mc\u0131 olarak Logo ERP \u00c7\u00f6z\u00fcmleriyle b\u00fct\u00fcnsel bir entegrasyon yap\u0131s\u0131 sunan bir raporlama \u00e7\u00f6z\u00fcm\u00fcd\u00fcr. &nbsp;&nbsp; Tan\u0131t\u0131m Videosu \u0130\u00e7in T\u0131klay\u0131n\u0131z&#8230;&nbsp;&nbsp; Logo ERP \u00c7\u00f6z\u00fcmleriyle Entegre Yap\u0131Logo Mind Navigator&#8217;\u0131n Logo ERP program\u0131 ile MS Excel aras\u0131nda kurdu\u011fu dinamik [&hellip;]<\/p>\n","protected":false},"author":1,"featured_media":0,"parent":0,"menu_order":0,"comment_status":"closed","ping_status":"closed","template":"builder.php","meta":{"footnotes":""},"class_list":["post-1568","page","type-page","status-publish","hentry"],"aioseo_notices":[],"_links":{"self":[{"href":"https:\/\/www.emeks.biz.tr\/index.php\/wp-json\/wp\/v2\/pages\/1568","targetHints":{"allow":["GET"]}}],"collection":[{"href":"https:\/\/www.emeks.biz.tr\/index.php\/wp-json\/wp\/v2\/pages"}],"about":[{"href":"https:\/\/www.emeks.biz.tr\/index.php\/wp-json\/wp\/v2\/types\/page"}],"author":[{"embeddable":true,"href":"https:\/\/www.emeks.biz.tr\/index.php\/wp-json\/wp\/v2\/users\/1"}],"replies":[{"embeddable":true,"href":"https:\/\/www.emeks.biz.tr\/index.php\/wp-json\/wp\/v2\/comments?post=1568"}],"version-history":[{"count":3,"href":"https:\/\/www.emeks.biz.tr\/index.php\/wp-json\/wp\/v2\/pages\/1568\/revisions"}],"predecessor-version":[{"id":5142,"href":"https:\/\/www.emeks.biz.tr\/index.php\/wp-json\/wp\/v2\/pages\/1568\/revisions\/5142"}],"wp:attachment":[{"href":"https:\/\/www.emeks.biz.tr\/index.php\/wp-json\/wp\/v2\/media?parent=1568"}],"curies":[{"name":"wp","href":"https:\/\/api.w.org\/{rel}","templated":true}]}}