{"id":1538,"date":"2017-04-24T17:22:41","date_gmt":"2017-04-24T14:22:41","guid":{"rendered":"http:\/\/www.emeks.biz.tr\/e-devlet-kopya\/"},"modified":"2025-03-28T00:53:17","modified_gmt":"2025-03-27T21:53:17","slug":"logo-mind-insight","status":"publish","type":"page","link":"https:\/\/www.emeks.biz.tr\/index.php\/logo-mind-insight\/","title":{"rendered":"Logo Mind Insight"},"content":{"rendered":"<p><img decoding=\"async\" src=\"\/wp-content\/uploads\/2017\/04\/logo_mind_insight-01.png\"><br \/>\n\t\t\t\t\t\t\t\t\t\t\t\t\t\t\t\t\t\t\t\t\t\t\t\t\t\t\t\t\t\t\t\t\t\t\t\t\tLogo Mind InsightEsnek mimarisi, kolay kullan\u0131m\u0131 ve interaktif g\u00f6rsel \u00f6geleri ile kullan\u0131c\u0131lara ger\u00e7ek zamanl\u0131 veri analizi imkan\u0131 sunan Logo Mind Insight, h\u0131zl\u0131, etkin ve kolay tasar\u0131m\u0131 sayesinde da\u011f\u0131n\u0131k yap\u0131daki verilerin, grafik, harita ve tablo gibi \u00e7e\u015fitli \u015fekillerde g\u00f6r\u00fcnt\u00fclenmesini sa\u011flar.<\/p>\n<p><a href=\"https:\/\/youtu.be\/mN3mVZ8LkPg\">Tan\u0131t\u0131m Videosu \u0130\u00e7in T\u0131klay\u0131n\u0131z&#8230;<\/a>&nbsp;<\/p>\n<p><img decoding=\"async\" src=\"\/wp-content\/uploads\/2017\/04\/Businessandfinancesicon-10.png\">Dashboard \u00d6zelli\u011fiBasit ve kullan\u0131c\u0131 dostu &#8220;dashboard&#8221; lar sayesinde, i\u015fletmenizin h\u0131zl\u0131 bir \u015fekilde veri analizi ger\u00e7ekle\u015ftirebilmesini sa\u011flar.<img decoding=\"async\" src=\"\/wp-content\/uploads\/2017\/04\/Setofbusinessicons-03.png\">S\u00fcr\u00fckle-B\u0131rak \u00d6zelli\u011fi ile \u0130\u015flem Kolayl\u0131\u011f\u0131Logo Mind Insight veri indeksleme motoru ve ak\u0131ll\u0131 g\u00f6rsellerin kombinasyonu ile veri boyutlar\u0131 aras\u0131ndaki t\u00fcm ili\u015fkileri analiz eder. Geleneksel yakla\u015f\u0131mlarda ve klasik sorgu bazl\u0131 veri modellerinde gizli kalm\u0131\u015f noktalar\u0131 ke\u015ffetmenizi sa\u011flar.&nbsp;<img decoding=\"async\" src=\"\/wp-content\/uploads\/2017\/04\/12_35.png\">\u00c7oklu Veri Kaynaklar\u0131na H\u0131zl\u0131 Eri\u015fimLogo Mind Insight \u00e7oklu veri kaynaklar\u0131na performanstan \u00f6d\u00fcn vermeden geni\u015f kapsaml\u0131 bak\u0131\u015f a\u00e7\u0131s\u0131 kazand\u0131r\u0131r.&nbsp;<img decoding=\"async\" src=\"\/wp-content\/uploads\/2017\/04\/Setofbusinessicons-15.png\">\u0130stenilen Cihazdan ve Yerden Eri\u015fim \u0130mkan\u0131Logo Mind Insight herhangi bir ek geli\u015ftirme yapmadan istenilen cihaza adapte olurken; masa\u00fcst\u00fc bilgisayardan ba\u015flan\u0131lan analizlere tabletlerden ve ak\u0131ll\u0131 telefonlardan devam etme imkan\u0131 sa\u011flar.&nbsp;<img decoding=\"async\" src=\"\/wp-content\/uploads\/2017\/04\/9_20.png\">Storytelling \u00d6zelli\u011fiLogo Mind Insight Storytelling \u00f6zelli\u011fi ile analiz sonu\u00e7lar\u0131n\u0131 g\u00f6rsel bile\u015fenlerle payla\u015fabilir, tak\u0131m arkada\u015flar\u0131n\u0131zla ileti\u015fiminizi ve i\u015f birli\u011finizi geli\u015ftirebilirsiniz.<img decoding=\"async\" src=\"\/wp-content\/uploads\/2017\/04\/12_32.png\">\u0130nteraktif Raporlama\u0130nteraktif raporlama sayesinde, farkl\u0131 birimlerden \u00e7al\u0131\u015fanlar ayn\u0131 anda ayn\u0131 rapor \u00fczerinde \u00e7al\u0131\u015farak; i\u015fletmenizin h\u0131zl\u0131 bir \u015fekilde rapor \u00fcretmesini sa\u011flar.<img decoding=\"async\" src=\"\/wp-content\/uploads\/2017\/04\/8_12.png\">Veri EntegrasyonuSahip oldu\u011fu kolay veri entegrasyonu sayesinde, i\u015fletmenizin her biriminden gelen farkl\u0131 veriyi bir \u00e7at\u0131 alt\u0131nda analiz edebilmenizi sa\u011flar.&nbsp;<\/p>\n<p><a href=\"\/wp-content\/uploads\/2017\/04\/Logo_Is_Analitigi_Fiyat_Listesi_2017.pdf\" target=\"_blank\">&nbsp; F\u0130YAT L\u0130STES\u0130 &nbsp;<\/a>&nbsp; | &nbsp;<a href=\"\/wp-content\/uploads\/2017\/04\/Logo_Mind_Insight.pdf\" target=\"_blank\">&nbsp; BRO\u015e\u00dcR\u00dc \u0130ND\u0130R\u0130N &nbsp; &nbsp;| &nbsp; &nbsp; &nbsp;<a href=\"\/index.php\/demo-talep-formu\" target=\"_blank\">&nbsp; DEMO TALEP ET &nbsp;<\/a><\/a><\/p>\n<p><!-- \/row --><\/p>\n","protected":false},"excerpt":{"rendered":"<p class=\"excerpt\">Logo Mind InsightEsnek mimarisi, kolay kullan\u0131m\u0131 ve interaktif g\u00f6rsel \u00f6geleri ile kullan\u0131c\u0131lara ger\u00e7ek zamanl\u0131 veri analizi imkan\u0131 sunan Logo Mind Insight, h\u0131zl\u0131, etkin ve kolay tasar\u0131m\u0131 sayesinde da\u011f\u0131n\u0131k yap\u0131daki verilerin, grafik, harita ve tablo gibi \u00e7e\u015fitli \u015fekillerde g\u00f6r\u00fcnt\u00fclenmesini sa\u011flar. Tan\u0131t\u0131m Videosu \u0130\u00e7in T\u0131klay\u0131n\u0131z&#8230;&nbsp; Dashboard \u00d6zelli\u011fiBasit ve kullan\u0131c\u0131 dostu &#8220;dashboard&#8221; lar sayesinde, i\u015fletmenizin h\u0131zl\u0131 bir \u015fekilde [&hellip;]<\/p>\n","protected":false},"author":1,"featured_media":0,"parent":0,"menu_order":0,"comment_status":"closed","ping_status":"closed","template":"builder.php","meta":{"footnotes":""},"class_list":["post-1538","page","type-page","status-publish","hentry"],"aioseo_notices":[],"_links":{"self":[{"href":"https:\/\/www.emeks.biz.tr\/index.php\/wp-json\/wp\/v2\/pages\/1538","targetHints":{"allow":["GET"]}}],"collection":[{"href":"https:\/\/www.emeks.biz.tr\/index.php\/wp-json\/wp\/v2\/pages"}],"about":[{"href":"https:\/\/www.emeks.biz.tr\/index.php\/wp-json\/wp\/v2\/types\/page"}],"author":[{"embeddable":true,"href":"https:\/\/www.emeks.biz.tr\/index.php\/wp-json\/wp\/v2\/users\/1"}],"replies":[{"embeddable":true,"href":"https:\/\/www.emeks.biz.tr\/index.php\/wp-json\/wp\/v2\/comments?post=1538"}],"version-history":[{"count":3,"href":"https:\/\/www.emeks.biz.tr\/index.php\/wp-json\/wp\/v2\/pages\/1538\/revisions"}],"predecessor-version":[{"id":5143,"href":"https:\/\/www.emeks.biz.tr\/index.php\/wp-json\/wp\/v2\/pages\/1538\/revisions\/5143"}],"wp:attachment":[{"href":"https:\/\/www.emeks.biz.tr\/index.php\/wp-json\/wp\/v2\/media?parent=1538"}],"curies":[{"name":"wp","href":"https:\/\/api.w.org\/{rel}","templated":true}]}}