{"id":1509,"date":"2017-04-24T17:03:47","date_gmt":"2017-04-24T14:03:47","guid":{"rendered":"http:\/\/www.emeks.biz.tr\/cozumlerimiz-kopya\/"},"modified":"2025-03-28T00:53:17","modified_gmt":"2025-03-27T21:53:17","slug":"is-analitigi-cozumleri","status":"publish","type":"page","link":"https:\/\/www.emeks.biz.tr\/index.php\/is-analitigi-cozumleri\/","title":{"rendered":"\u0130\u015f Analiti\u011fi \u00c7\u00f6z\u00fcmleri"},"content":{"rendered":"<p>\u0130\u015e ANAL\u0130T\u0130\u011e\u0130 \u00c7\u00d6Z\u00dcMLER\u0130\t\t\t\t\t\t\t\t\t\t\t\t\t\t\t\t\t\t\t\t\t\t\t\t\t\t\t<\/p>\n<p>Standartlar\u0131n Bir Ad\u0131m \u00d6tesinde\u015eirketler ve sekt\u00f6rler i\u00e7in veri ak\u0131\u015f\u0131n\u0131n say\u0131larla \u00f6l\u00e7\u00fclebilir d\u00fczeyde oldu\u011fu g\u00fcnler bir hayli eskide kald\u0131. Bilgi \u00e7a\u011f\u0131 ile birlikte i\u015f d\u00fcnyas\u0131 h\u0131zl\u0131 bir d\u00f6n\u00fc\u015f\u00fcm ya\u015f\u0131yor. Bug\u00fcn sadece bilgi niteli\u011fi ta\u015f\u0131yan veriler de\u011fil, verilerin sa\u011fland\u0131\u011f\u0131 kaynaklar bile hem \u00e7e\u015fit hem say\u0131 olarak takibi g\u00fc\u00e7 bir yelpazeye ula\u015ft\u0131.Yap\u0131land\u0131r\u0131lm\u0131\u015f verinin \u00fcretildi\u011fi kaynaklar\u0131n yan\u0131 s\u0131ra, sosyal medya gibi yap\u0131land\u0131r\u0131lmam\u0131\u015f veri kaynaklar\u0131n\u0131n da anl\u0131k takibi gerekiyor. Zaman ve nitelikli bilgi ekseninde ya\u015fanan yo\u011fun rekabetin galibi olmak isteyen \u015firketler, do\u011fru ad\u0131mlar\u0131 atabilmek i\u00e7in yenilik\u00e7i i\u015f \u00e7\u00f6z\u00fcmlerine ihtiya\u00e7 duyuyor.\u0130\u015f Analiti\u011fi (BA) da onlardan biri. Onlarca farkl\u0131 kaynaktan elde edilen verileri h\u0131zla ve titizlikle i\u015fleyen ideal bir i\u015f zekas\u0131 \u00e7\u00f6z\u00fcm\u00fc, \u015firketlerin karar alma mekanizmalar\u0131na kritik anlarda ihtiya\u00e7 duyduklar\u0131 anl\u0131k bilgiyi sunarak, rekabette bir ad\u0131m \u00f6ne \u00e7\u0131kma f\u0131rsat\u0131n\u0131 sunabiliyor. Ancak i\u015f zekas\u0131 yat\u0131r\u0131m\u0131 yaparken dikkatli olmak gerekiyor.Geleneksel \u0130\u015f Analiti\u011fi \u00c7\u00f6z\u00fcmleri Art\u0131k Yeterli De\u011filYeni nesil teknolojilere yat\u0131r\u0131m yapan \u00f6nc\u00fc \u015firketler, 2000\u2019li y\u0131llardan bu yana i\u015f zekas\u0131 \u00e7\u00f6z\u00fcmleriyle farkl\u0131 kaynaklardan elde ettikleri verileri kendilerine avantaj sa\u011flayacak bilgilere d\u00f6n\u00fc\u015ft\u00fcr\u00fcyor. Fakat art\u0131k bu yeterli de\u011fil. D\u00f6n\u00fc\u015f\u00fcm\u00fcn ba\u015f d\u00f6nd\u00fcr\u00fcc\u00fc bir h\u0131zla devam etti\u011fi i\u015f d\u00fcnyas\u0131nda geleneksel i\u015f zekas\u0131 \u00e7\u00f6z\u00fcmleri pek \u00e7ok noktada yetersiz kal\u0131yor.Yat\u0131r\u0131m\u0131n\u0131z\u0131n verimli geri d\u00f6n\u00fc\u015f\u00fcn\u00fc sa\u011flamay\u0131 ama\u00e7layan Logo, d\u00fcnyan\u0131n \u00f6nc\u00fc i\u015f zekas\u0131 \u00e7\u00f6z\u00fcmleri \u00fcreticilerinden TIBCO Jaspersoft altyap\u0131s\u0131yla i\u015fletmelerin t\u00fcm ihtiyac\u0131n\u0131 kar\u015f\u0131layacak, yenilik\u00e7i ve modern i\u015f zekas\u0131 \u00e7\u00f6z\u00fcm\u00fc Logo Mind\u2019\u0131 m\u00fc\u015fterilerine sunuyor.\u0130\u015f d\u00fcnyas\u0131nda ya\u015fanan ba\u015f d\u00f6nd\u00fcr\u00fcc\u00fc d\u00f6n\u00fc\u015f\u00fcmde yerinizi almaya haz\u0131r m\u0131s\u0131n\u0131z? \u0130htiya\u00e7lar\u0131n\u0131za yan\u0131t veren bir i\u015f zekas\u0131 \u00e7\u00f6z\u00fcm\u00fcyle, faaliyet g\u00f6sterdi\u011finiz sekt\u00f6rde bir ad\u0131m \u00f6ne \u00e7\u0131kacaks\u0131n\u0131z. \u00c7\u00f6z\u00fcmlerimiz ile ilgili detayl\u0131 bilgiler i\u00e7in a\u015fa\u011f\u0131daki logolar\u0131n \u00fczerine t\u0131klayabilirsiniz.<\/p>\n<p><a href=\"\/logo-mind-insight\"><img decoding=\"async\" src=\"\/wp-content\/uploads\/2017\/05\/logo_mind_insight-01.png\"><\/a><\/p>\n<p><a href=\"\/logo-mind-navigator\"><img decoding=\"async\" src=\"\/wp-content\/uploads\/2017\/05\/logo_mind_navigator-01.png\"><\/a><\/p>\n<p><!-- \/row --><\/p>\n","protected":false},"excerpt":{"rendered":"<p class=\"excerpt\">\u0130\u015e ANAL\u0130T\u0130\u011e\u0130 \u00c7\u00d6Z\u00dcMLER\u0130 Standartlar\u0131n Bir Ad\u0131m \u00d6tesinde\u015eirketler ve sekt\u00f6rler i\u00e7in veri ak\u0131\u015f\u0131n\u0131n say\u0131larla \u00f6l\u00e7\u00fclebilir d\u00fczeyde oldu\u011fu g\u00fcnler bir hayli eskide kald\u0131. Bilgi \u00e7a\u011f\u0131 ile birlikte i\u015f d\u00fcnyas\u0131 h\u0131zl\u0131 bir d\u00f6n\u00fc\u015f\u00fcm ya\u015f\u0131yor. Bug\u00fcn sadece bilgi niteli\u011fi ta\u015f\u0131yan veriler de\u011fil, verilerin sa\u011fland\u0131\u011f\u0131 kaynaklar bile hem \u00e7e\u015fit hem say\u0131 olarak takibi g\u00fc\u00e7 bir yelpazeye ula\u015ft\u0131.Yap\u0131land\u0131r\u0131lm\u0131\u015f verinin \u00fcretildi\u011fi kaynaklar\u0131n [&hellip;]<\/p>\n","protected":false},"author":1,"featured_media":0,"parent":0,"menu_order":0,"comment_status":"closed","ping_status":"closed","template":"builder.php","meta":{"footnotes":""},"class_list":["post-1509","page","type-page","status-publish","hentry"],"aioseo_notices":[],"_links":{"self":[{"href":"https:\/\/www.emeks.biz.tr\/index.php\/wp-json\/wp\/v2\/pages\/1509","targetHints":{"allow":["GET"]}}],"collection":[{"href":"https:\/\/www.emeks.biz.tr\/index.php\/wp-json\/wp\/v2\/pages"}],"about":[{"href":"https:\/\/www.emeks.biz.tr\/index.php\/wp-json\/wp\/v2\/types\/page"}],"author":[{"embeddable":true,"href":"https:\/\/www.emeks.biz.tr\/index.php\/wp-json\/wp\/v2\/users\/1"}],"replies":[{"embeddable":true,"href":"https:\/\/www.emeks.biz.tr\/index.php\/wp-json\/wp\/v2\/comments?post=1509"}],"version-history":[{"count":1,"href":"https:\/\/www.emeks.biz.tr\/index.php\/wp-json\/wp\/v2\/pages\/1509\/revisions"}],"predecessor-version":[{"id":4362,"href":"https:\/\/www.emeks.biz.tr\/index.php\/wp-json\/wp\/v2\/pages\/1509\/revisions\/4362"}],"wp:attachment":[{"href":"https:\/\/www.emeks.biz.tr\/index.php\/wp-json\/wp\/v2\/media?parent=1509"}],"curies":[{"name":"wp","href":"https:\/\/api.w.org\/{rel}","templated":true}]}}