{"id":1495,"date":"2017-04-24T16:38:49","date_gmt":"2017-04-24T13:38:49","guid":{"rendered":"http:\/\/www.emeks.biz.tr\/e-arsiv-kopya\/"},"modified":"2025-03-28T00:53:17","modified_gmt":"2025-03-27T21:53:17","slug":"e-mutabakat","status":"publish","type":"page","link":"https:\/\/www.emeks.biz.tr\/index.php\/e-mutabakat\/","title":{"rendered":"e-Mutabakat"},"content":{"rendered":"<p><img loading=\"lazy\" decoding=\"async\" width=\"1\" height=\"1\" src=\"http:\/\/www.emeks.biz.tr\/wp-content\/uploads\/2017\/04\/e-Mutabakat_logotype-01.png\" \/>\t\t\t\t\t\t\t\t\t\t\t\t\t\t\t\t\t\t\t\t\t\t\t<\/p>\n<p>Daha Pratik, Daha Kolay ve Daha H\u0131zl\u0131!Firmalar\u0131n mutabakat s\u00fcre\u00e7lerini kolayca y\u00f6netebilmelerini sa\u011flamak i\u00e7in geli\u015ftirilen Logo e-Mutabakat, BA, BS, Cari Ekstre ve Cari Bakiye mutabakatlar\u0131n\u0131n elektronik ortamda h\u0131zla ve g\u00fcvenle yap\u0131lmas\u0131n\u0131 sa\u011flar.<\/p>\n<p><img decoding=\"async\" src=\"\/wp-content\/uploads\/2017\/04\/15_15.png\">Mutabakat S\u00fcre\u00e7lerinde OptimizasyonLogo e-Mutabakat, mutabakat yapaca\u011f\u0131n\u0131z firmalar, Logo e-Mutabakat kullan\u0131c\u0131s\u0131 olsun ya da olmas\u0131n, maillerinizi otomatik olarak yollaman\u0131z\u0131; onay ve red cevaplar\u0131n\u0131z\u0131 online olarak mutabakat portal\u0131ndan takip edebilmenizi m\u00fcmk\u00fcn k\u0131lar. Tamamlanan ve onaylanan mutabakatlar\u0131n\u0131z\u0131 portal \u00fczerinden kontrol edebilme, ihtiya\u00e7 duydu\u011funuzda t\u00fcm ge\u00e7mi\u015f mutabakatlar\u0131n\u0131za ula\u015fabilme kolayl\u0131\u011f\u0131n\u0131 sunar.<img decoding=\"async\" src=\"\/wp-content\/uploads\/2017\/04\/Businessandfinancesicon-05.png\">Tasarruf , H\u0131z ve Anl\u0131k Kontrol Avantajlar\u0131Logo e-Mutabakat, mutabakat s\u00fcre\u00e7lerinizi web \u00fczerinden y\u00fcr\u00fct\u00fcp, h\u0131z kazanarak zaman tasarrufu elde etmenizi sa\u011flar. Kullan\u0131c\u0131 ad\u0131 ve \u015fifre ile giri\u015f yap\u0131lan Logo e-Mutabakat Portal\u0131, mutabakat s\u00fcre\u00e7lerinin ve hangi a\u015famada olduklar\u0131n\u0131n kontrol edilmesine imkan tan\u0131r. Logo e-Mutabakat, y\u00fczlerce sat\u0131rl\u0131k 2 ekstreyi saniyeler i\u00e7inde kar\u015f\u0131la\u015ft\u0131rarak aralar\u0131ndaki farklar\u0131 ay, g\u00fcn ve i\u015flem cinsi baz\u0131nda bulur.<img decoding=\"async\" src=\"\/wp-content\/uploads\/2017\/04\/SetofmodernflatdesignShoppingandcommerceicons-25.png\">Kolay Veri Aktar\u0131m\u0131Logo e-Mutabakat, verilerin Excel \u00fczerinden &nbsp;e-Mutabakat portal\u0131na kolayl\u0131kla aktar\u0131lmas\u0131na imkan tan\u0131r. Ayr\u0131ca, web \u00fczerinden, herhangi bir programa ihtiya\u00e7 duyulmadan, excele al\u0131nan verilerin an\u0131nda aktar\u0131lmas\u0131n\u0131 sa\u011flar.<\/p>\n<p><a href=\"\/wp-content\/uploads\/2017\/04\/e-Logo_Hizmet_Fiyat_Listesi_2017_8.pdf\" target=\"_blank\">&nbsp; F\u0130YAT L\u0130STES\u0130 &nbsp;<\/a>&nbsp; &nbsp;| &nbsp; &nbsp;<a href=\"\/index.php\/demo-talep-formu\" target=\"_blank\">&nbsp; DEMO TALEP ET &nbsp;<\/a><\/p>\n<p><!-- \/row --><\/p>\n","protected":false},"excerpt":{"rendered":"<p class=\"excerpt\">Daha Pratik, Daha Kolay ve Daha H\u0131zl\u0131!Firmalar\u0131n mutabakat s\u00fcre\u00e7lerini kolayca y\u00f6netebilmelerini sa\u011flamak i\u00e7in geli\u015ftirilen Logo e-Mutabakat, BA, BS, Cari Ekstre ve Cari Bakiye mutabakatlar\u0131n\u0131n elektronik ortamda h\u0131zla ve g\u00fcvenle yap\u0131lmas\u0131n\u0131 sa\u011flar. Mutabakat S\u00fcre\u00e7lerinde OptimizasyonLogo e-Mutabakat, mutabakat yapaca\u011f\u0131n\u0131z firmalar, Logo e-Mutabakat kullan\u0131c\u0131s\u0131 olsun ya da olmas\u0131n, maillerinizi otomatik olarak yollaman\u0131z\u0131; onay ve red cevaplar\u0131n\u0131z\u0131 online olarak [&hellip;]<\/p>\n","protected":false},"author":1,"featured_media":0,"parent":0,"menu_order":0,"comment_status":"closed","ping_status":"closed","template":"builder.php","meta":{"footnotes":""},"class_list":["post-1495","page","type-page","status-publish","hentry"],"aioseo_notices":[],"_links":{"self":[{"href":"https:\/\/www.emeks.biz.tr\/index.php\/wp-json\/wp\/v2\/pages\/1495","targetHints":{"allow":["GET"]}}],"collection":[{"href":"https:\/\/www.emeks.biz.tr\/index.php\/wp-json\/wp\/v2\/pages"}],"about":[{"href":"https:\/\/www.emeks.biz.tr\/index.php\/wp-json\/wp\/v2\/types\/page"}],"author":[{"embeddable":true,"href":"https:\/\/www.emeks.biz.tr\/index.php\/wp-json\/wp\/v2\/users\/1"}],"replies":[{"embeddable":true,"href":"https:\/\/www.emeks.biz.tr\/index.php\/wp-json\/wp\/v2\/comments?post=1495"}],"version-history":[{"count":2,"href":"https:\/\/www.emeks.biz.tr\/index.php\/wp-json\/wp\/v2\/pages\/1495\/revisions"}],"predecessor-version":[{"id":4650,"href":"https:\/\/www.emeks.biz.tr\/index.php\/wp-json\/wp\/v2\/pages\/1495\/revisions\/4650"}],"wp:attachment":[{"href":"https:\/\/www.emeks.biz.tr\/index.php\/wp-json\/wp\/v2\/media?parent=1495"}],"curies":[{"name":"wp","href":"https:\/\/api.w.org\/{rel}","templated":true}]}}