{"id":1475,"date":"2017-04-24T16:31:13","date_gmt":"2017-04-24T13:31:13","guid":{"rendered":"http:\/\/www.emeks.biz.tr\/e-defter-kopya\/"},"modified":"2025-03-28T00:53:17","modified_gmt":"2025-03-27T21:53:17","slug":"e-arsiv","status":"publish","type":"page","link":"https:\/\/www.emeks.biz.tr\/index.php\/e-arsiv\/","title":{"rendered":"e-Ar\u015fiv"},"content":{"rendered":"<p><img loading=\"lazy\" decoding=\"async\" width=\"1\" height=\"1\" src=\"http:\/\/www.emeks.biz.tr\/wp-content\/uploads\/2017\/04\/e-arsiv-logo.png\" \/>\t\t\t\t\t\t\t\t\t\t\t\t\t\t\t\t\t\t\t\t\t\t\t<\/p>\n<p>e-Ar\u015fivLogo e-Ar\u015fiv, e-Fatura kapsam\u0131ndaki ve kapsam d\u0131\u015f\u0131ndaki firmalar ile nihai t\u00fcketicilere e-Fatura d\u00fczenlenmesini, ikinci n\u00fcshas\u0131n\u0131n elektronik olarak korunmas\u0131n\u0131 ve ibraz edilmesini sa\u011flar.<\/p>\n<p><a href=\"https:\/\/youtu.be\/jrM2W7aPRPk\">Tan\u0131t\u0131m Videosu \u0130\u00e7in T\u0131klay\u0131n\u0131z&#8230;<\/a><\/p>\n<p><img decoding=\"async\" src=\"\/wp-content\/uploads\/2017\/04\/24_24.png\">e-Ar\u015fiv Nedir?e-Ar\u015fiv Faturas\u0131, Vergi Usul Kanunu uyar\u0131nca ka\u011f\u0131t ortam\u0131nda d\u00fczenlenmek, muhafaza ve ibraz edilmek zorunlulu\u011fu bulunan faturan\u0131n; 433 s\u0131ra numaral\u0131 Vergi Usul Kanunu Genel Tebli\u011finde yer alan \u015fartlara uygun olarak elektronik ortamda d\u00fczenlenmesi ve ikinci n\u00fcshas\u0131n\u0131n elektronik ortamda muhafaza ve ibraz edilmesine imkan sa\u011flayan uygulamad\u0131r. e- Fatura kapsam\u0131 d\u0131\u015f\u0131nda kalan firma ve t\u00fcketicilere kesilen faturalar\u0131n da elektronik ortamda d\u00fczenlenmelerine ve ikinci n\u00fcshas\u0131n\u0131n elektronik olarak muhafaza ve ibraz edilmesine olanak sa\u011flamaktad\u0131r.&nbsp;<img decoding=\"async\" src=\"\/wp-content\/uploads\/2017\/04\/4_9.png\">S\u00fcre\u00e7lerde H\u0131zLogo e-Ar\u015fiv, fi\u015f ve faturalar\u0131n\u0131 milyonlarca m\u00fc\u015fteriye ula\u015ft\u0131rmak zorunda olan &nbsp;firmalar\u0131n operasyonel y\u00fcklerini en aza indirmelerine yard\u0131mc\u0131 olur. Y\u00fcksek h\u0131zda fatura i\u015fleme ve g\u00f6nderme imkan\u0131 sunar.<img decoding=\"async\" src=\"\/wp-content\/uploads\/2017\/04\/Setofbusinessicons-19.png\">Veri Eri\u015fimiVerilere h\u0131zl\u0131 ve kolay bir \u015fekilde istenildi\u011fi an ula\u015f\u0131labilmesini, geriye d\u00f6n\u00fck fatura sorgulama s\u00fcre\u00e7lerinin kolayla\u015fmas\u0131n\u0131 sa\u011flarken, gelen\/giden fatura kayb\u0131n\u0131n \u00f6nlenmesini m\u00fcmk\u00fcn k\u0131lar.<img decoding=\"async\" src=\"\/wp-content\/uploads\/2017\/04\/18_5.png\">Maliyetlerde Azalma\u0130\u015f g\u00fcc\u00fc, ar\u015fivleme ve ka\u011f\u0131t fatura g\u00f6nderim maliyetlerini azaltarak ciddi oranda tasarruf edilmesini sa\u011flar.&nbsp;<img decoding=\"async\" src=\"\/wp-content\/uploads\/2017\/04\/21_18.png\">H\u0131zl\u0131 Kullan\u0131ma Al\u0131mLogo e-Ar\u015fiv uygulamas\u0131, firman\u0131z\u0131n s\u00fcre\u00e7lerine ve kulland\u0131\u011f\u0131n\u0131z ERP \u00e7\u00f6z\u00fcm\u00fcne kolay ve h\u0131zl\u0131 entegre olur.<img decoding=\"async\" src=\"\/wp-content\/uploads\/2017\/04\/25_33.png\">e-Ar\u015fiv Dan\u0131\u015fma Hatt\u0131Logo e-Ar\u015fiv uygulamas\u0131 hakk\u0131nda detayl\u0131 bilgi, destek veya teklif almak i\u00e7in 0 212 220 00 93 numaras\u0131ndan bize ula\u015fabilirsiniz.<\/p>\n<p><a href=\"\/wp-content\/uploads\/2017\/04\/e-Logo_Hizmet_Fiyat_Listesi_2017_8.pdf\" target=\"_blank\">&nbsp; F\u0130YAT L\u0130STES\u0130 &nbsp;<\/a>&nbsp; | &nbsp; <a href=\"\/wp-content\/uploads\/2017\/04\/e-arsiv_brosur.pdf\" target=\"_blank\">&nbsp; BRO\u015e\u00dcR\u00dc \u0130ND\u0130R\u0130N &nbsp;<\/a>&nbsp; | &nbsp;&nbsp; &nbsp;<a href=\"\/index.php\/demo-talep-formu\" target=\"_blank\">&nbsp; DEMO TALEP ET &nbsp;<\/a><\/p>\n<p><!-- \/row --><\/p>\n","protected":false},"excerpt":{"rendered":"<p class=\"excerpt\">e-Ar\u015fivLogo e-Ar\u015fiv, e-Fatura kapsam\u0131ndaki ve kapsam d\u0131\u015f\u0131ndaki firmalar ile nihai t\u00fcketicilere e-Fatura d\u00fczenlenmesini, ikinci n\u00fcshas\u0131n\u0131n elektronik olarak korunmas\u0131n\u0131 ve ibraz edilmesini sa\u011flar. Tan\u0131t\u0131m Videosu \u0130\u00e7in T\u0131klay\u0131n\u0131z&#8230; e-Ar\u015fiv Nedir?e-Ar\u015fiv Faturas\u0131, Vergi Usul Kanunu uyar\u0131nca ka\u011f\u0131t ortam\u0131nda d\u00fczenlenmek, muhafaza ve ibraz edilmek zorunlulu\u011fu bulunan faturan\u0131n; 433 s\u0131ra numaral\u0131 Vergi Usul Kanunu Genel Tebli\u011finde yer alan \u015fartlara uygun [&hellip;]<\/p>\n","protected":false},"author":1,"featured_media":0,"parent":0,"menu_order":0,"comment_status":"closed","ping_status":"closed","template":"builder.php","meta":{"footnotes":""},"class_list":["post-1475","page","type-page","status-publish","hentry"],"aioseo_notices":[],"_links":{"self":[{"href":"https:\/\/www.emeks.biz.tr\/index.php\/wp-json\/wp\/v2\/pages\/1475","targetHints":{"allow":["GET"]}}],"collection":[{"href":"https:\/\/www.emeks.biz.tr\/index.php\/wp-json\/wp\/v2\/pages"}],"about":[{"href":"https:\/\/www.emeks.biz.tr\/index.php\/wp-json\/wp\/v2\/types\/page"}],"author":[{"embeddable":true,"href":"https:\/\/www.emeks.biz.tr\/index.php\/wp-json\/wp\/v2\/users\/1"}],"replies":[{"embeddable":true,"href":"https:\/\/www.emeks.biz.tr\/index.php\/wp-json\/wp\/v2\/comments?post=1475"}],"version-history":[{"count":2,"href":"https:\/\/www.emeks.biz.tr\/index.php\/wp-json\/wp\/v2\/pages\/1475\/revisions"}],"predecessor-version":[{"id":4651,"href":"https:\/\/www.emeks.biz.tr\/index.php\/wp-json\/wp\/v2\/pages\/1475\/revisions\/4651"}],"wp:attachment":[{"href":"https:\/\/www.emeks.biz.tr\/index.php\/wp-json\/wp\/v2\/media?parent=1475"}],"curies":[{"name":"wp","href":"https:\/\/api.w.org\/{rel}","templated":true}]}}