{"id":1456,"date":"2017-04-24T02:52:06","date_gmt":"2017-04-23T23:52:06","guid":{"rendered":"http:\/\/www.emeks.biz.tr\/e-fatura-kopya\/"},"modified":"2025-03-28T00:53:17","modified_gmt":"2025-03-27T21:53:17","slug":"e-defter","status":"publish","type":"page","link":"https:\/\/www.emeks.biz.tr\/index.php\/e-defter\/","title":{"rendered":"e-Defter"},"content":{"rendered":"<p><img loading=\"lazy\" decoding=\"async\" width=\"1\" height=\"1\" src=\"http:\/\/www.emeks.biz.tr\/wp-content\/uploads\/2017\/04\/e-defter-logo.png\" \/>\t\t\t\t\t\t\t\t\t\t\t\t\t\t\t\t\t\t\t\t\t\t\t<\/p>\n<p>Maliyet Avantajl\u0131, \u00c7evreci \u00c7\u00f6z\u00fcmLogo e-Defter ile uygulamas\u0131 ile \u201cYevmiye Defteri\u201d\u2019 ve \u201cDefter-i Kebir\u201d\u2019 belgeleri, Gelir \u0130daresi Ba\u015fkanl\u0131\u011f\u0131\u2019 n\u0131n belirledi\u011fi standartlara uygun olarak haz\u0131rlan\u0131r ve elektronik olarak G\u0130B\u2019 e kolayca g\u00f6nderilebilir.<\/p>\n<p>\u00a0 <a href=\"https:\/\/youtu.be\/SFUCwAXNGbU\">Tan\u0131t\u0131m Videosu \u0130\u00e7in T\u0131klay\u0131n\u0131z&#8230;<\/a>\u00a0\u00a0<\/p>\n<p><img decoding=\"async\" src=\"\/wp-content\/uploads\/2017\/04\/5_4.png\">G\u00fcvenilir \u00c7\u00f6z\u00fcmLogo e-Defter \u00e7\u00f6z\u00fcm\u00fc, de\u011fi\u015fen mevzuata g\u00f6re g\u00fcncellenen ve G\u0130B standartlar\u0131yla uyumlu yap\u0131s\u0131yla i\u015flemlerinizi yasalarla uyumlu ve g\u00fcvenli bir \u015fekilde y\u00fcr\u00fctmenizi sa\u011flar.<img decoding=\"async\" src=\"\/wp-content\/uploads\/2017\/04\/21_15.png\">ERP \u00c7\u00f6z\u00fcmleriyle EntegrasyonLogo e-Defter uygulamas\u0131, sadece Logo ERP \u00e7\u00f6z\u00fcmlerini kullanan firmalar\u0131n de\u011fil, Logo kullan\u0131c\u0131s\u0131 olmayan firmalar\u0131n ihtiya\u00e7lar\u0131na da \u00e7\u00f6z\u00fcm sunar.<img decoding=\"async\" src=\"\/wp-content\/uploads\/2017\/04\/24_25.png\">Azalan Maliyetlere-Defter uygulamas\u0131yla bask\u0131, ka\u011f\u0131t, ar\u015fivleme ve kartu\u015f masraflar\u0131ndan tasarruf elde ederken i\u015fg\u00fcc\u00fc, zaman ve onay maliyetleri gibi operasyonel maliyetlerden de \u00a0tasarruf sa\u011flayabilirsiniz.<img decoding=\"async\" src=\"\/wp-content\/uploads\/2017\/04\/Setofbusinessicons-30.png\">Denetimde H\u0131z ve Kolayl\u0131kLogo e-Defter, t\u00fcm e-kay\u0131tlar\u0131n\u0131z\u0131 gelece\u011fe g\u00fcvenle ta\u015f\u0131man\u0131z\u0131 sa\u011flayarak denetim s\u00fcre\u00e7lerinde i\u015finizi kolayla\u015ft\u0131r\u0131r.\u00a0Uzaktan eri\u015fim avantaj\u0131 ile e-Defter, i\u015finizi yer ve zamandan ba\u011f\u0131ms\u0131z y\u00f6netmenizi m\u00fcmk\u00fcn k\u0131lar.<img decoding=\"async\" src=\"\/wp-content\/uploads\/2017\/04\/25_32.png\">e-Defter Dan\u0131\u015fma Hatt\u0131Logo e-Defter \u00e7\u00f6z\u00fcm\u00fc hakk\u0131nda detayl\u0131 bilgi ve teklif almak i\u00e7in 0 212 220 00 93 numaras\u0131ndan bize ula\u015fabilirsiniz.<img decoding=\"async\" src=\"\/wp-content\/uploads\/2017\/04\/6_12.png\">e-Defter Uygulamas\u0131n\u0131 Kullanmaya Ba\u015flamak \u0130\u00e7in:Gelirler \u0130daresi Ba\u015fkanl\u0131\u011f\u0131\u2019na ba\u015fvuru yapman\u0131z,Mali M\u00fch\u00fcr veya Elektronik Sertifika temin etmeniz ve ard\u0131ndan y\u00fcklemeniz,Kamu Sertifikasyon Merkezi web sayfas\u0131ndan &#8220;Zaman Damgas\u0131&#8221; program\u0131n\u0131 y\u00fcklemeniz,Java \u00fcr\u00fcn\u00fcne ait son versiyonu y\u00fcklemeniz gerekmektedir.\u00a0<\/p>\n<p><a href=\"\/wp-content\/uploads\/2017\/04\/e-Logo_Hizmet_Fiyat_Listesi_2017_8.pdf\" target=\"_blank\">&nbsp; F\u0130YAT L\u0130STES\u0130 &nbsp;<\/a>&nbsp; | &nbsp; <a href=\"\/wp-content\/uploads\/2017\/04\/e-defter_brosur.pdf\" target=\"_blank\">&nbsp; BRO\u015e\u00dcR\u00dc \u0130ND\u0130R\u0130N &nbsp;<\/a>&nbsp; &nbsp;| &nbsp; &nbsp;<a href=\"\/index.php\/demo-talep-formu\" target=\"_blank\">&nbsp; DEMO TALEP ET &nbsp;<\/a><\/p>\n<p><!-- \/row --><\/p>\n","protected":false},"excerpt":{"rendered":"<p class=\"excerpt\">Maliyet Avantajl\u0131, \u00c7evreci \u00c7\u00f6z\u00fcmLogo e-Defter ile uygulamas\u0131 ile \u201cYevmiye Defteri\u201d\u2019 ve \u201cDefter-i Kebir\u201d\u2019 belgeleri, Gelir \u0130daresi Ba\u015fkanl\u0131\u011f\u0131\u2019 n\u0131n belirledi\u011fi standartlara uygun olarak haz\u0131rlan\u0131r ve elektronik olarak G\u0130B\u2019 e kolayca g\u00f6nderilebilir. \u00a0 Tan\u0131t\u0131m Videosu \u0130\u00e7in T\u0131klay\u0131n\u0131z&#8230;\u00a0\u00a0 G\u00fcvenilir \u00c7\u00f6z\u00fcmLogo e-Defter \u00e7\u00f6z\u00fcm\u00fc, de\u011fi\u015fen mevzuata g\u00f6re g\u00fcncellenen ve G\u0130B standartlar\u0131yla uyumlu yap\u0131s\u0131yla i\u015flemlerinizi yasalarla uyumlu ve g\u00fcvenli bir \u015fekilde [&hellip;]<\/p>\n","protected":false},"author":1,"featured_media":0,"parent":0,"menu_order":0,"comment_status":"closed","ping_status":"closed","template":"builder.php","meta":{"footnotes":""},"class_list":["post-1456","page","type-page","status-publish","hentry"],"aioseo_notices":[],"_links":{"self":[{"href":"https:\/\/www.emeks.biz.tr\/index.php\/wp-json\/wp\/v2\/pages\/1456","targetHints":{"allow":["GET"]}}],"collection":[{"href":"https:\/\/www.emeks.biz.tr\/index.php\/wp-json\/wp\/v2\/pages"}],"about":[{"href":"https:\/\/www.emeks.biz.tr\/index.php\/wp-json\/wp\/v2\/types\/page"}],"author":[{"embeddable":true,"href":"https:\/\/www.emeks.biz.tr\/index.php\/wp-json\/wp\/v2\/users\/1"}],"replies":[{"embeddable":true,"href":"https:\/\/www.emeks.biz.tr\/index.php\/wp-json\/wp\/v2\/comments?post=1456"}],"version-history":[{"count":3,"href":"https:\/\/www.emeks.biz.tr\/index.php\/wp-json\/wp\/v2\/pages\/1456\/revisions"}],"predecessor-version":[{"id":4652,"href":"https:\/\/www.emeks.biz.tr\/index.php\/wp-json\/wp\/v2\/pages\/1456\/revisions\/4652"}],"wp:attachment":[{"href":"https:\/\/www.emeks.biz.tr\/index.php\/wp-json\/wp\/v2\/media?parent=1456"}],"curies":[{"name":"wp","href":"https:\/\/api.w.org\/{rel}","templated":true}]}}