{"id":1416,"date":"2017-04-24T02:42:39","date_gmt":"2017-04-23T23:42:39","guid":{"rendered":"http:\/\/www.emeks.biz.tr\/e-devlet-kopya\/"},"modified":"2025-03-28T00:53:17","modified_gmt":"2025-03-27T21:53:17","slug":"e-fatura","status":"publish","type":"page","link":"https:\/\/www.emeks.biz.tr\/index.php\/e-fatura\/","title":{"rendered":"e-Fatura"},"content":{"rendered":"<p><img decoding=\"async\" src=\"\/wp-content\/uploads\/2017\/04\/e-fatura-logo.png\"><br \/>\n\t\t\t\t\t\t\t\t\t\t\t\t\t\t\t\t\t\t\t\t\t\t\t\t\t\t\t\t\t\t\t\t\t\t\t\t\t\u0130\u015fletme Yap\u0131n\u0131za En Uygun e-Fatura \u00c7\u00f6z\u00fcmleriGelir \u0130daresi Ba\u015fkanl\u0131\u011f\u0131&#8217; n\u0131n belirledi\u011fi standartlara uygun olarak geli\u015ftirilen Logo e-Fatura \u00e7\u00f6z\u00fcmleri ile mevcut yaz\u0131l\u0131m\u0131n\u0131z ne olursa olsun, faturalar\u0131n\u0131z\u0131n dola\u015f\u0131m\u0131n\u0131 g\u00fcvenle ve h\u0131zla ger\u00e7ekle\u015fmesini sa\u011flar. Do\u011fru ihtiya\u00e7 analizi ile i\u015fletme yap\u0131n\u0131za en uygun e-Fatura \u00e7\u00f6z\u00fcm\u00fcne Logo g\u00fcvencesi ve tecr\u00fcbesi ile kavu\u015fabilirsiniz.<\/p>\n<p>\u00a0 <a href=\"https:\/\/youtu.be\/jrM2W7aPRPk\">Tan\u0131t\u0131m Videosu \u0130\u00e7in T\u0131klay\u0131n\u0131z&#8230;<\/a>\u00a0\u00a0<\/p>\n<p><img decoding=\"async\" src=\"\/wp-content\/uploads\/2017\/04\/12_16.png\">e-Fatura Nedir?e-Fatura, \u00f6nceden tan\u0131mlanm\u0131\u015f kullan\u0131c\u0131lar\u0131n UBL-TR standard\u0131nda ve elektronik belge olarak d\u00fczenledikleri faturalar\u0131n, belirlenen veri aktar\u0131m protokol\u00fc arac\u0131l\u0131\u011f\u0131 ile g\u00f6nderen taraftan al\u0131c\u0131 tarafa iletimini sa\u011flayan mesajla\u015fma alt yap\u0131s\u0131d\u0131r.<img decoding=\"async\" src=\"\/wp-content\/uploads\/2017\/04\/7_12.png\">Faturalar\u0131n Elektronik Belgelere D\u00f6n\u00fc\u015ft\u00fcr\u00fclmesiFaturalar\u0131n elektronik belge olarak d\u00fczenlenmesi, elektronik ortamda iletilmesi ve yine elektronik olarak muhafaza ve ibraz edilmesi hususunda getirilen yasal \u00e7er\u00e7eve do\u011frultusunda ve Gelir \u0130daresi Ba\u015fkanl\u0131\u011f\u0131&#8217;n\u0131n belirledi\u011fi standartlara uygun olarak geli\u015ftirilen e-Fatura \u00e7\u00f6z\u00fcmleri, ka\u011f\u0131t fatura ile ayn\u0131 hukuki niteliklere sahip elektronik faturalar\u0131 d\u00fczenleyebilmeyi ve elektronik ortamda iletilmesini olanakl\u0131 k\u0131lan bir uygulamad\u0131r. e-Fatura, faturan\u0131n taraflar aras\u0131nda g\u00fcvenli ve h\u0131zl\u0131 dola\u015f\u0131m\u0131 sa\u011flar.<img decoding=\"async\" src=\"\/wp-content\/uploads\/2017\/04\/17_15.png\">Operasyonel Maliyet Avantaj\u0131e-Fatura uygulamas\u0131na ge\u00e7mek i\u00e7in \u00e7evreye katk\u0131s\u0131ndan, sa\u011flad\u0131\u011f\u0131 maliyet avantajlar\u0131na &nbsp;kadar pek \u00e7ok neden var. E\u011fer i\u015fletmeniz 412 s\u0131ra numaral\u0131 VUK Genel Tebli\u011fi kapsam\u0131nda e-Fatura kullanmas\u0131 zorunlu m\u00fckellefler listesinde yer al\u0131yorsa ya da ka\u011f\u0131t fatura kullan\u0131m\u0131n\u0131n sebep oldu\u011fu operasyonel maliyetlerini azaltmak istiyorsan\u0131z e-Fatura uygulamas\u0131na ge\u00e7erek bu avantajlardan yararlanabilirsiniz.&nbsp;<img decoding=\"async\" src=\"\/wp-content\/uploads\/2017\/04\/16_12.png\">e-Logo \u00d6zel Entegrat\u00f6rl\u00fck Hizmetie-Logo, \u00d6zel Entegrat\u00f6rl\u00fck Hizmeti kapsam\u0131nda, 7\/24 aktif \u00e7al\u0131\u015fan, h\u0131zl\u0131 ve g\u00fcvenli bir sistemin yat\u0131r\u0131m\u0131n\u0131 sizin ad\u0131n\u0131za \u00fcstlenir. B\u00f6ylelikle, elektronik fatura g\u00f6nderme ve alma i\u015flemlerinin teknik yeterlili\u011fe sahip, Gelir \u0130daresi Ba\u015fkanl\u0131\u011f\u0131&#8217;ndan \u00f6zel entegrasyon izni alm\u0131\u015f \u00d6zel Entegrat\u00f6r Hizmet sa\u011flay\u0131c\u0131s\u0131 e-Logo&#8217;nun bilgi i\u015flem sistemi vas\u0131tas\u0131yla ger\u00e7ekle\u015ftirilebilmesine olanak sa\u011flar. e-Logo \u00d6zel Entegrat\u00f6rl\u00fck Hizmeti alan firmalar e-Faturalar\u0131n\u0131n onay s\u00fcrecini web \u00fczerinden y\u00f6netir. &nbsp;e-Logo \u00d6zel Entegrat\u00f6rl\u00fck Hizmeti, T\u00fcrk Telekom altyap\u0131s\u0131 kullan\u0131larak sunulmakta olup g\u00fcnl\u00fck 130.000.000 adet fatura i\u015fleme kapasitesine sahiptir. Ayn\u0131 zamanda, &nbsp;Superonline altyap\u0131s\u0131 kullan\u0131larak yedeklenmi\u015f olup, felaketten kurtarma merkezi 8 \u015fiddetinde depreme dayan\u0131kl\u0131d\u0131r.<img decoding=\"async\" src=\"\/wp-content\/uploads\/2017\/04\/11_18.png\">e-Fatura Portal \u00c7\u00f6z\u00fcm\u00fce-Fatura Portal \u00c7\u00f6z\u00fcm\u00fc, e-Fatura uygulamas\u0131na ait temel fonksiyonlar\u0131n internet \u00fczerinden genel kullan\u0131m\u0131n\u0131 sa\u011flar. G\u0130B\u2019in sundu\u011fu e-Fatura portali \u00fczerinden e-Faturalar\u0131n\u0131z\u0131 &nbsp;manuel olarak al\u0131p g\u00f6nderebilirsiniz.&nbsp;<img decoding=\"async\" src=\"\/wp-content\/uploads\/2017\/04\/2_15.png\">e-Fatura Entegrasyon \u00c7\u00f6z\u00fcm\u00fcBelirlenen standartlara uygun entegrasyonu sa\u011flad\u0131\u011f\u0131n\u0131z takdirde size ait bilgi i\u015flem sistemleri arac\u0131l\u0131\u011f\u0131yla, Gelir \u0130daresi Ba\u015fkanl\u0131\u011f\u0131&#8217;n\u0131n sistemine entegre olarak e-Fatura uygulamas\u0131n\u0131 kullanabilirsiniz. e-Fatura Entegrasyon \u00c7\u00f6z\u00fcm\u00fc, e-Faturalar\u0131n al\u0131m ve iletim i\u015flemlerinin otomasyona ge\u00e7irilmesini kolayla\u015ft\u0131r\u0131r.&nbsp;<img decoding=\"async\" src=\"\/wp-content\/uploads\/2017\/04\/25_31.png\">e-Fatura Dan\u0131\u015fma Hatt\u0131e-Fatura \u00e7\u00f6z\u00fcmleri hakk\u0131nda detayl\u0131 bilgi, destek veya teklif almak &nbsp;i\u00e7in 0 212 220 00 93 numaras\u0131ndan bize ula\u015fabilirsiniz.<\/p>\n<p><a href=\"\/wp-content\/uploads\/2017\/04\/e-Logo_Hizmet_Fiyat_Listesi_2017_8.pdf\" target=\"_blank\">\u00a0 F\u0130YAT L\u0130STES\u0130 \u00a0<\/a>\u00a0 | \u00a0 <a href=\"\/wp-content\/uploads\/2017\/04\/e-fatura_brosur_1.pdf\" target=\"_blank\">\u00a0 BRO\u015e\u00dcR\u00dc \u0130ND\u0130R\u0130N \u00a0<\/a>\u00a0 \u00a0| \u00a0 \u00a0<a href=\"\/index.php\/demo-talep-formu\" target=\"_blank\">\u00a0 DEMO TALEP ET \u00a0<\/a><\/p>\n<p><!-- \/row --><\/p>\n","protected":false},"excerpt":{"rendered":"<p class=\"excerpt\">\u0130\u015fletme Yap\u0131n\u0131za En Uygun e-Fatura \u00c7\u00f6z\u00fcmleriGelir \u0130daresi Ba\u015fkanl\u0131\u011f\u0131&#8217; n\u0131n belirledi\u011fi standartlara uygun olarak geli\u015ftirilen Logo e-Fatura \u00e7\u00f6z\u00fcmleri ile mevcut yaz\u0131l\u0131m\u0131n\u0131z ne olursa olsun, faturalar\u0131n\u0131z\u0131n dola\u015f\u0131m\u0131n\u0131 g\u00fcvenle ve h\u0131zla ger\u00e7ekle\u015fmesini sa\u011flar. Do\u011fru ihtiya\u00e7 analizi ile i\u015fletme yap\u0131n\u0131za en uygun e-Fatura \u00e7\u00f6z\u00fcm\u00fcne Logo g\u00fcvencesi ve tecr\u00fcbesi ile kavu\u015fabilirsiniz. \u00a0 Tan\u0131t\u0131m Videosu \u0130\u00e7in T\u0131klay\u0131n\u0131z&#8230;\u00a0\u00a0 e-Fatura Nedir?e-Fatura, \u00f6nceden tan\u0131mlanm\u0131\u015f [&hellip;]<\/p>\n","protected":false},"author":1,"featured_media":0,"parent":0,"menu_order":0,"comment_status":"closed","ping_status":"closed","template":"builder.php","meta":{"footnotes":""},"class_list":["post-1416","page","type-page","status-publish","hentry"],"aioseo_notices":[],"_links":{"self":[{"href":"https:\/\/www.emeks.biz.tr\/index.php\/wp-json\/wp\/v2\/pages\/1416","targetHints":{"allow":["GET"]}}],"collection":[{"href":"https:\/\/www.emeks.biz.tr\/index.php\/wp-json\/wp\/v2\/pages"}],"about":[{"href":"https:\/\/www.emeks.biz.tr\/index.php\/wp-json\/wp\/v2\/types\/page"}],"author":[{"embeddable":true,"href":"https:\/\/www.emeks.biz.tr\/index.php\/wp-json\/wp\/v2\/users\/1"}],"replies":[{"embeddable":true,"href":"https:\/\/www.emeks.biz.tr\/index.php\/wp-json\/wp\/v2\/comments?post=1416"}],"version-history":[{"count":6,"href":"https:\/\/www.emeks.biz.tr\/index.php\/wp-json\/wp\/v2\/pages\/1416\/revisions"}],"predecessor-version":[{"id":5144,"href":"https:\/\/www.emeks.biz.tr\/index.php\/wp-json\/wp\/v2\/pages\/1416\/revisions\/5144"}],"wp:attachment":[{"href":"https:\/\/www.emeks.biz.tr\/index.php\/wp-json\/wp\/v2\/media?parent=1416"}],"curies":[{"name":"wp","href":"https:\/\/api.w.org\/{rel}","templated":true}]}}