{"id":1397,"date":"2017-04-24T02:34:48","date_gmt":"2017-04-23T23:34:48","guid":{"rendered":"http:\/\/www.emeks.biz.tr\/go-3-kopya\/"},"modified":"2025-03-28T00:53:18","modified_gmt":"2025-03-27T21:53:18","slug":"e-devlet","status":"publish","type":"page","link":"https:\/\/www.emeks.biz.tr\/index.php\/e-devlet\/","title":{"rendered":"e-Devlet"},"content":{"rendered":"<p>e-Devlet\t\t\t\t\t\t\t\t\t\t\t\t\t\t\t\t\t\t\t\t\t\t\t\t\t\t\t<\/p>\n<p>Gelir \u0130daresi Ba\u015fkanl\u0131\u011f\u0131 taraf\u0131ndan hayata ge\u00e7irilen yasal d\u00fczenlemeler ile ba\u015flat\u0131lan e-D\u00f6n\u00fc\u015f\u00fcm s\u00fcreci ve getirilen zorunluluk kapsamlar\u0131yla elektronik faturalar\u0131n ve elektronik defterlerin i\u015f hayat\u0131na entegrasyonu her ge\u00e7en g\u00fcn daha \u00f6nemli hale geliyor.T\u00fcrkiye uygulama yaz\u0131l\u0131mlar\u0131n\u0131n \u00f6nc\u00fcs\u00fc Logo, 30 y\u0131l\u0131 a\u015fk\u0131n birikimi ve tecr\u00fcbesiyle e-D\u00f6n\u00fc\u015f\u00fcm s\u00fcrecine rehberlik ediyor. 3000&#8217;i a\u015fan \u00f6zel entegrat\u00f6rl\u00fck kullan\u0131c\u0131s\u0131, 900 lokal entegrasyon sunucusu kullan\u0131c\u0131s\u0131 ile bu alanda da liderlik ediyor. G\u0130B onayl\u0131 e-Fatura<a href=\"http:\/\/www.logo.com.tr\/e-devlet\/e-fatura\"><\/a>, e-Ar\u015fiv <a href=\"http:\/\/www.logo.com.tr\/e-devlet\/e-arsiv\"><\/a>ve<a href=\"http:\/\/www.logo.com.tr\/e-devlet\/e-defter\">\u00a0<\/a>e-Defter \u00e7\u00f6z\u00fcmleriyle Logo, e-D\u00f6n\u00fc\u015f\u00fcm s\u00fcrecini yak\u0131ndan takip ediyor ve firmalar\u0131n ihtiyac\u0131 olan g\u00fcvenilir ve h\u0131zl\u0131 \u00e7\u00f6z\u00fcmleri sunuyor.\u00b7 \u00a0 \u00a0 \u00a0 \u00a0 Logo \u00e7\u00f6z\u00fcmleriyle do\u011frudan ba\u011flant\u0131l\u0131\u00b7 \u00a0 \u00a0 \u00a0 \u00a0 Logo harici ERP yaz\u0131l\u0131mlar\u0131yla tam entegrasyon\u00b7 \u00a0 \u00a0 \u00a0 \u00a0 Birden fazla \u015firket ve maliyet merkezi ile \u00e7al\u0131\u015fma\u00b7 \u00a0 \u00a0 \u00a0 \u00a0 G\u00fcvenli veri ileti\u015fimi, h\u0131z ve tasarruf\u00b7 \u00a0 \u00a0 \u00a0 \u00a0 Yayg\u0131n i\u015f orta\u011f\u0131 a\u011f\u0131 ve kesintisiz destekLogo, e-Fatura<a href=\"http:\/\/www.logo.com.tr\/e-devlet\/e-fatura\"><\/a>, e-Ar\u015fiv <a href=\"http:\/\/www.logo.com.tr\/e-devlet\/e-arsiv\"><\/a>ve<a href=\"http:\/\/www.logo.com.tr\/e-devlet\/e-defter\">\u00a0<\/a>e-Defter \u00e7\u00f6z\u00fcmleriyle finansal s\u00fcre\u00e7leri g\u00fcvenli, pratik ve ekonomik bir \u015fekilde dijital d\u00fcnyaya ta\u015f\u0131yor. \u00c7\u00f6z\u00fcmlerimiz ile ilgili detayl\u0131 bilgiler i\u00e7in a\u015fa\u011f\u0131daki logolar\u0131n \u00fczerine t\u0131klayabilirsiniz.<\/p>\n<p><a href=\"\/e-fatura\"><img decoding=\"async\" src=\"\/wp-content\/uploads\/2017\/05\/e-fatura-logo-1.png\"><\/a><\/p>\n<p><a href=\"\/e-defter\"><img decoding=\"async\" src=\"\/wp-content\/uploads\/2017\/05\/e-defter-logo-1.png\"><\/a><\/p>\n<p><a href=\"https:\/\/www.emeks.biz.tr\/index.php\/e-arsiv\/\"><br \/>\n\t\t\t\t\t\t\t\t\t\t\t\t\t\t\t\t\t\t\t\t\t\t\t\t\t\t\t\t\t \t\t\t\t\t\t\t\t\t\t\t\t\t\t\t\t\t\t\t\t\t\t\t\t\t\t\t\t\t<\/a><\/p>\n<p><a href=\"\/e-arsiv\"><img decoding=\"async\" src=\"\/wp-content\/uploads\/2017\/05\/e-arsiv-logo-1.png\"><\/a><\/p>\n<p><a href=\"\/e-mutabakat\"><img decoding=\"async\" src=\"\/wp-content\/uploads\/2017\/05\/e-Mutabakat_logotype-01-1.png\"><\/a><\/p>\n<p><!-- \/row --><\/p>\n","protected":false},"excerpt":{"rendered":"<p class=\"excerpt\">e-Devlet Gelir \u0130daresi Ba\u015fkanl\u0131\u011f\u0131 taraf\u0131ndan hayata ge\u00e7irilen yasal d\u00fczenlemeler ile ba\u015flat\u0131lan e-D\u00f6n\u00fc\u015f\u00fcm s\u00fcreci ve getirilen zorunluluk kapsamlar\u0131yla elektronik faturalar\u0131n ve elektronik defterlerin i\u015f hayat\u0131na entegrasyonu her ge\u00e7en g\u00fcn daha \u00f6nemli hale geliyor.T\u00fcrkiye uygulama yaz\u0131l\u0131mlar\u0131n\u0131n \u00f6nc\u00fcs\u00fc Logo, 30 y\u0131l\u0131 a\u015fk\u0131n birikimi ve tecr\u00fcbesiyle e-D\u00f6n\u00fc\u015f\u00fcm s\u00fcrecine rehberlik ediyor. 3000&#8217;i a\u015fan \u00f6zel entegrat\u00f6rl\u00fck kullan\u0131c\u0131s\u0131, 900 lokal entegrasyon sunucusu [&hellip;]<\/p>\n","protected":false},"author":1,"featured_media":0,"parent":0,"menu_order":0,"comment_status":"closed","ping_status":"closed","template":"builder.php","meta":{"footnotes":""},"class_list":["post-1397","page","type-page","status-publish","hentry"],"aioseo_notices":[],"_links":{"self":[{"href":"https:\/\/www.emeks.biz.tr\/index.php\/wp-json\/wp\/v2\/pages\/1397","targetHints":{"allow":["GET"]}}],"collection":[{"href":"https:\/\/www.emeks.biz.tr\/index.php\/wp-json\/wp\/v2\/pages"}],"about":[{"href":"https:\/\/www.emeks.biz.tr\/index.php\/wp-json\/wp\/v2\/types\/page"}],"author":[{"embeddable":true,"href":"https:\/\/www.emeks.biz.tr\/index.php\/wp-json\/wp\/v2\/users\/1"}],"replies":[{"embeddable":true,"href":"https:\/\/www.emeks.biz.tr\/index.php\/wp-json\/wp\/v2\/comments?post=1397"}],"version-history":[{"count":2,"href":"https:\/\/www.emeks.biz.tr\/index.php\/wp-json\/wp\/v2\/pages\/1397\/revisions"}],"predecessor-version":[{"id":5145,"href":"https:\/\/www.emeks.biz.tr\/index.php\/wp-json\/wp\/v2\/pages\/1397\/revisions\/5145"}],"wp:attachment":[{"href":"https:\/\/www.emeks.biz.tr\/index.php\/wp-json\/wp\/v2\/media?parent=1397"}],"curies":[{"name":"wp","href":"https:\/\/api.w.org\/{rel}","templated":true}]}}