{"id":1370,"date":"2017-04-24T02:25:52","date_gmt":"2017-04-23T23:25:52","guid":{"rendered":"http:\/\/www.emeks.biz.tr\/bordro-plus-kopya\/"},"modified":"2025-03-28T00:53:18","modified_gmt":"2025-03-27T21:53:18","slug":"tiger-hr","status":"publish","type":"page","link":"https:\/\/www.emeks.biz.tr\/index.php\/tiger-hr\/","title":{"rendered":"Tiger HR"},"content":{"rendered":"<p><img decoding=\"async\" src=\"\/wp-content\/uploads\/2017\/04\/tigerhr-e1493122518533.png\"><br \/>\n\t\t\t\t\t\t\t\t\t\t\t\t\t\t\t\t\t\t\t\t\t\t\t\t\t\t\t\t\t\t\t\t\t\t\t\t\tAktif Y\u00f6netim, \u0130nteraktif \u00c7\u00f6z\u00fcmTiger HR, web tabanl\u0131 mod\u00fcler yap\u0131s\u0131 ve sundu\u011fu g\u00fc\u00e7l\u00fc entegrasyon se\u00e7enekleri ile t\u00fcm \u0130K s\u00fcre\u00e7lerinizin verimini artt\u0131r\u0131r!<\/p>\n<p><a href=\"https:\/\/youtu.be\/OEr98dsA4BM\">Tan\u0131t\u0131m Videosu \u0130\u00e7in T\u0131klay\u0131n\u0131z&#8230;<\/a><\/p>\n<p><img decoding=\"async\" src=\"\/wp-content\/uploads\/2017\/04\/22_7.png\">Daha H\u0131zl\u0131 ve Verimli \u0130K S\u00fcre\u00e7leriWeb tabanl\u0131 online mimarisi, mod\u00fcler yap\u0131s\u0131 ve g\u00fc\u00e7l\u00fc entegrasyon se\u00e7enekleri ile Tiger HR, \u0130K s\u00fcre\u00e7lerinize h\u0131z katarken, verimlili\u011finizi artt\u0131r\u0131r ve rekabet \u00fcst\u00fcnl\u00fc\u011f\u00fc sa\u011flar.<img decoding=\"async\" src=\"\/wp-content\/uploads\/2017\/04\/11_14.png\">Web Tabanl\u0131\u0130nternet\/intranet \u00fczerinden i\u015flerinizin e\u015f zamanl\u0131 olarak sisteme girilmesi ile zaman tasarrufu sa\u011flar.<img decoding=\"async\" src=\"\/wp-content\/uploads\/2017\/04\/15_11.png\">Sade ve Pratik Aray\u00fczH\u0131zl\u0131 kullan\u0131m imkan\u0131 sa\u011flayan kullan\u0131c\u0131 dostu aray\u00fcz\u00fc ile etkin zaman y\u00f6netimi sa\u011flar.<img decoding=\"async\" src=\"\/wp-content\/uploads\/2017\/04\/3_15.png\">Online \u0130\u015f Ba\u015fvuru PlatformuYenibiris.com ve Linkedin.com &nbsp;ile entegre yap\u0131s\u0131 sayesinde \u015firketinize \u00f6zel portala \u00fcye olmu\u015f adaylar\u0131n en g\u00fcncel profillerini Tiger HR \u00fczerinden g\u00f6r\u00fcnt\u00fcleyebilirsiniz. Portal \u00fczerinde online ilan yay\u0131nlayabilir ve ba\u015fvuru alabilirsiniz.&nbsp;<img decoding=\"async\" src=\"\/wp-content\/uploads\/2017\/04\/6_21.png\">Mod\u00fcler Yap\u0131Tiger HR&#8217;nin mod\u00fcler yap\u0131s\u0131 sayesinde, i\u015fletmeniz i\u00e7in sadece gerekli olan mod\u00fclleri kullanabilir, sonradan ekleyebilir, ihtiya\u00e7 duydu\u011funuz sistemin olu\u015fturulmas\u0131nda esneklik kazanabilirsiniz.&nbsp;<img decoding=\"async\" src=\"\/wp-content\/uploads\/2017\/04\/2_30.png\">U\u00e7tan Uca Y\u00f6netimTiger HR ile \u00d6zl\u00fck, \u0130\u015fe Al\u0131m, E\u011fitim, \u0130\u015f\u00e7i Sa\u011fl\u0131\u011f\u0131, \u0130zin, Performans De\u011ferlendirme, Anket ve Organizasyon Y\u00f6netimi s\u00fcre\u00e7lerinizi etkin bir \u015fekilde y\u00f6netebilirsiniz. \u0130\u015fe Al\u0131m ve \u00c7al\u0131\u015fan Portalleri sayesinde adaylar\u0131n\u0131z ve mevcut \u00e7al\u0131\u015fanlar\u0131n\u0131z ile ileti\u015fiminizi ve etkile\u015fiminizi art\u0131rabilirsiniz.<\/p>\n<p><a href=\"\/wp-content\/uploads\/2017\/04\/TigerHR_11_04_2017.pdf\" target=\"_blank\">&nbsp; F\u0130YAT L\u0130STES\u0130 &nbsp;<\/a>&nbsp; | &nbsp; <a href=\"\/wp-content\/uploads\/2017\/04\/tiger_hr.pdf\" target=\"_blank\">&nbsp; BRO\u015e\u00dcR\u00dc \u0130ND\u0130R\u0130N &nbsp;<\/a>&nbsp; | &nbsp; &nbsp;<a href=\"\/index.php\/demo-talep-formu\" target=\"_blank\">&nbsp; DEMO TALEP ET &nbsp;<\/a><\/p>\n<p><!-- \/row --><\/p>\n","protected":false},"excerpt":{"rendered":"<p class=\"excerpt\">Aktif Y\u00f6netim, \u0130nteraktif \u00c7\u00f6z\u00fcmTiger HR, web tabanl\u0131 mod\u00fcler yap\u0131s\u0131 ve sundu\u011fu g\u00fc\u00e7l\u00fc entegrasyon se\u00e7enekleri ile t\u00fcm \u0130K s\u00fcre\u00e7lerinizin verimini artt\u0131r\u0131r! Tan\u0131t\u0131m Videosu \u0130\u00e7in T\u0131klay\u0131n\u0131z&#8230; Daha H\u0131zl\u0131 ve Verimli \u0130K S\u00fcre\u00e7leriWeb tabanl\u0131 online mimarisi, mod\u00fcler yap\u0131s\u0131 ve g\u00fc\u00e7l\u00fc entegrasyon se\u00e7enekleri ile Tiger HR, \u0130K s\u00fcre\u00e7lerinize h\u0131z katarken, verimlili\u011finizi artt\u0131r\u0131r ve rekabet \u00fcst\u00fcnl\u00fc\u011f\u00fc sa\u011flar.Web Tabanl\u0131\u0130nternet\/intranet \u00fczerinden i\u015flerinizin [&hellip;]<\/p>\n","protected":false},"author":1,"featured_media":0,"parent":0,"menu_order":0,"comment_status":"closed","ping_status":"closed","template":"builder.php","meta":{"footnotes":""},"class_list":["post-1370","page","type-page","status-publish","hentry"],"aioseo_notices":[],"_links":{"self":[{"href":"https:\/\/www.emeks.biz.tr\/index.php\/wp-json\/wp\/v2\/pages\/1370","targetHints":{"allow":["GET"]}}],"collection":[{"href":"https:\/\/www.emeks.biz.tr\/index.php\/wp-json\/wp\/v2\/pages"}],"about":[{"href":"https:\/\/www.emeks.biz.tr\/index.php\/wp-json\/wp\/v2\/types\/page"}],"author":[{"embeddable":true,"href":"https:\/\/www.emeks.biz.tr\/index.php\/wp-json\/wp\/v2\/users\/1"}],"replies":[{"embeddable":true,"href":"https:\/\/www.emeks.biz.tr\/index.php\/wp-json\/wp\/v2\/comments?post=1370"}],"version-history":[{"count":3,"href":"https:\/\/www.emeks.biz.tr\/index.php\/wp-json\/wp\/v2\/pages\/1370\/revisions"}],"predecessor-version":[{"id":5146,"href":"https:\/\/www.emeks.biz.tr\/index.php\/wp-json\/wp\/v2\/pages\/1370\/revisions\/5146"}],"wp:attachment":[{"href":"https:\/\/www.emeks.biz.tr\/index.php\/wp-json\/wp\/v2\/media?parent=1370"}],"curies":[{"name":"wp","href":"https:\/\/api.w.org\/{rel}","templated":true}]}}