{"id":1324,"date":"2017-04-24T02:08:42","date_gmt":"2017-04-23T23:08:42","guid":{"rendered":"http:\/\/www.emeks.biz.tr\/go-3-kopya\/"},"modified":"2025-03-28T00:53:18","modified_gmt":"2025-03-27T21:53:18","slug":"bordro-plus","status":"publish","type":"page","link":"https:\/\/www.emeks.biz.tr\/index.php\/bordro-plus\/","title":{"rendered":"Bordro Plus"},"content":{"rendered":"<p><img decoding=\"async\" src=\"\/wp-content\/uploads\/2017\/04\/bordro.png\"><br \/>\n\t\t\t\t\t\t\t\t\t\t\t\t\t\t\t\t\t\t\t\t\t\t\t\t\t\t\t\t\t\t\t\t\t\t\t\t\tBordro \u0130\u015fleme ve Takibi Tek Bir YerdeBordro Plus; GO 3, Tiger 3 ve Tiger 3 Enterprise \u00e7\u00f6z\u00fcmleri ile entegre \u00e7al\u0131\u015fabilen eksiksiz bir bordro i\u015fleme ve takip program\u0131d\u0131r.<\/p>\n<p><img decoding=\"async\" src=\"\/wp-content\/uploads\/2017\/04\/2_5.png\">Mod\u00fcler ve Entegre Yap\u0131Temel mod\u00fcl olan, Sicil Y\u00f6netim&#8217;i \u00fczerine, istenilen zamanda, \u00dccret Simulasyonu fonksiyonu kullanarak \u00a0zenginle\u015ftirilme olana\u011f\u0131 sunar. Ayr\u0131ca Bordro Plus, Logo ERP ve Tiger HR \u00e7\u00f6z\u00fcmleri ile entegre \u00e7al\u0131\u015farak bilgi ak\u0131\u015f\u0131n\u0131 ve s\u00fcre\u00e7leri h\u0131zland\u0131r\u0131r.<img decoding=\"async\" src=\"\/wp-content\/uploads\/2017\/04\/24_3.png\">Sicil ve \u00dccret Y\u00f6netimiT\u00fcm i\u015fletmelerin ve mevsimlik i\u015f\u00e7i \u00e7al\u0131\u015ft\u0131ran firmalar\u0131n Sicil ve \u00dccret Y\u00f6netimi konusunda gereksinimlerine cevap verir.<img decoding=\"async\" src=\"\/wp-content\/uploads\/2017\/04\/23_3.png\">\u0130\u015f G\u00fcc\u00fcnde TasarrufBordro i\u015flemlerini, yasal prosed\u00fcrleri ve raporlar\u0131n otomasyonunu, mevzuat bilgisi gereklili\u011fine g\u00f6re minimize ederek i\u015f g\u00fcc\u00fc tasarrufu sa\u011flar.<img decoding=\"async\" src=\"\/wp-content\/uploads\/2017\/04\/14_4.png\">Kolay Kullan\u0131c\u0131 DeneyimiSundu\u011fu zengin \u00f6zelliklerinin yan\u0131 s\u0131ra k\u0131sa \u00f6\u011frenme s\u00fcresi, basit ve \u00e7abuk \u015fekilde uyarlanabilirli\u011fi sayesinde, i\u015fletmelerin bilgi teknolojilerine yapt\u0131klar\u0131 yat\u0131r\u0131mdan maksimum fayda elde etmelerini sa\u011flar.\u00a0<img decoding=\"async\" src=\"\/wp-content\/uploads\/2017\/04\/23_12.png\">Sosyal G\u00fcvenlik Kurumu UyumuSosyal G\u00fcvenlik Kurumu\u2019na ba\u011fl\u0131 \u00e7al\u0131\u015fanlar\u0131n (4-a) t\u00fcm mevzuat ihtiya\u00e7lar\u0131n\u0131 tam olarak kar\u015f\u0131larken esnek ve kolay bir kullan\u0131m sunar<\/p>\n<p><a href=\"\/wp-content\/uploads\/2017\/04\/TigerHR_11_04_2017_1.pdf\" target=\"_blank\">\u00a0 F\u0130YAT L\u0130STES\u0130 \u00a0<\/a>\u00a0 | \u00a0 <a href=\"\/wp-content\/uploads\/2017\/04\/BORDROPLUS_Brosur_2014.pdf\" target=\"_blank\">\u00a0 BRO\u015e\u00dcR\u00dc \u0130ND\u0130R\u0130N \u00a0<\/a>\u00a0 | \u00a0 \u00a0<a href=\"\/index.php\/demo-talep-formu\" target=\"_blank\">\u00a0 DEMO TALEP ET \u00a0<\/a><\/p>\n<p><!-- \/row --><\/p>\n","protected":false},"excerpt":{"rendered":"<p class=\"excerpt\">Bordro \u0130\u015fleme ve Takibi Tek Bir YerdeBordro Plus; GO 3, Tiger 3 ve Tiger 3 Enterprise \u00e7\u00f6z\u00fcmleri ile entegre \u00e7al\u0131\u015fabilen eksiksiz bir bordro i\u015fleme ve takip program\u0131d\u0131r. Mod\u00fcler ve Entegre Yap\u0131Temel mod\u00fcl olan, Sicil Y\u00f6netim&#8217;i \u00fczerine, istenilen zamanda, \u00dccret Simulasyonu fonksiyonu kullanarak \u00a0zenginle\u015ftirilme olana\u011f\u0131 sunar. Ayr\u0131ca Bordro Plus, Logo ERP ve Tiger HR \u00e7\u00f6z\u00fcmleri ile [&hellip;]<\/p>\n","protected":false},"author":1,"featured_media":0,"parent":0,"menu_order":0,"comment_status":"closed","ping_status":"closed","template":"builder.php","meta":{"footnotes":""},"class_list":["post-1324","page","type-page","status-publish","hentry"],"aioseo_notices":[],"_links":{"self":[{"href":"https:\/\/www.emeks.biz.tr\/index.php\/wp-json\/wp\/v2\/pages\/1324","targetHints":{"allow":["GET"]}}],"collection":[{"href":"https:\/\/www.emeks.biz.tr\/index.php\/wp-json\/wp\/v2\/pages"}],"about":[{"href":"https:\/\/www.emeks.biz.tr\/index.php\/wp-json\/wp\/v2\/types\/page"}],"author":[{"embeddable":true,"href":"https:\/\/www.emeks.biz.tr\/index.php\/wp-json\/wp\/v2\/users\/1"}],"replies":[{"embeddable":true,"href":"https:\/\/www.emeks.biz.tr\/index.php\/wp-json\/wp\/v2\/comments?post=1324"}],"version-history":[{"count":5,"href":"https:\/\/www.emeks.biz.tr\/index.php\/wp-json\/wp\/v2\/pages\/1324\/revisions"}],"predecessor-version":[{"id":5147,"href":"https:\/\/www.emeks.biz.tr\/index.php\/wp-json\/wp\/v2\/pages\/1324\/revisions\/5147"}],"wp:attachment":[{"href":"https:\/\/www.emeks.biz.tr\/index.php\/wp-json\/wp\/v2\/media?parent=1324"}],"curies":[{"name":"wp","href":"https:\/\/api.w.org\/{rel}","templated":true}]}}