{"id":1306,"date":"2017-04-24T02:02:20","date_gmt":"2017-04-23T23:02:20","guid":{"rendered":"http:\/\/www.emeks.biz.tr\/cozumlerimiz-kopya\/"},"modified":"2025-03-28T00:53:18","modified_gmt":"2025-03-27T21:53:18","slug":"ik-cozumleri","status":"publish","type":"page","link":"https:\/\/www.emeks.biz.tr\/index.php\/ik-cozumleri\/","title":{"rendered":"\u0130nsan Kaynaklar\u0131 \u00c7\u00f6z\u00fcmleri"},"content":{"rendered":"<p>\u0130NSAN KAYNAKLARI \u00c7\u00d6Z\u00dcMLER\u0130\t\t\t\t\t\t\t\t\t\t\t\t\t\t\t\t\t\t\t\t\t\t\t\t\t\t\t<\/p>\n<p>Fark\u0131 Yaratan \u0130nsand\u0131r&#8230;T\u00fcm firma ve kurumlara rekabet avantaj\u0131 sunan fakt\u00f6rlerden biri, belki de en \u00f6nemlisi insan kayna\u011f\u0131d\u0131r. Kurumun misyon ve hedefini benimsemi\u015f, iyi e\u011fitim alm\u0131\u015f, konusunda uzman ki\u015filerin do\u011fru i\u015fi yapt\u0131klar\u0131 firmalarda insan fakt\u00f6r\u00fc ba\u015far\u0131 grafi\u011fini y\u00fckseltmede belirleyici olur.Logo, sundu\u011fu \u0130nsan Kaynaklar\u0131 \u00e7\u00f6z\u00fcmleri sayesinde firmalar\u0131n verimli insan g\u00fcc\u00fc ile misyon ve hedeflerine ula\u015fmalar\u0131na yard\u0131mc\u0131 olmay\u0131, i\u015fg\u00fcc\u00fc maliyetlerini azaltmay\u0131 hedefler. \u00c7\u00f6z\u00fcmlerimiz ile ilgili detayl\u0131 bilgiler i\u00e7in a\u015fa\u011f\u0131daki logolar\u0131n \u00fczerine t\u0131klayabilirsiniz.<\/p>\n<p><a href=\"\/bordro-plus\"><img decoding=\"async\" src=\"\/wp-content\/uploads\/2017\/05\/bordro.png\"><\/a><\/p>\n<p><a href=\"\/tiger-hr\"><img decoding=\"async\" src=\"\/wp-content\/uploads\/2017\/05\/tigerhr.png\"><\/a><\/p>\n<p><!-- \/row --><\/p>\n","protected":false},"excerpt":{"rendered":"<p class=\"excerpt\">\u0130NSAN KAYNAKLARI \u00c7\u00d6Z\u00dcMLER\u0130 Fark\u0131 Yaratan \u0130nsand\u0131r&#8230;T\u00fcm firma ve kurumlara rekabet avantaj\u0131 sunan fakt\u00f6rlerden biri, belki de en \u00f6nemlisi insan kayna\u011f\u0131d\u0131r. Kurumun misyon ve hedefini benimsemi\u015f, iyi e\u011fitim alm\u0131\u015f, konusunda uzman ki\u015filerin do\u011fru i\u015fi yapt\u0131klar\u0131 firmalarda insan fakt\u00f6r\u00fc ba\u015far\u0131 grafi\u011fini y\u00fckseltmede belirleyici olur.Logo, sundu\u011fu \u0130nsan Kaynaklar\u0131 \u00e7\u00f6z\u00fcmleri sayesinde firmalar\u0131n verimli insan g\u00fcc\u00fc ile misyon ve hedeflerine [&hellip;]<\/p>\n","protected":false},"author":1,"featured_media":0,"parent":0,"menu_order":0,"comment_status":"closed","ping_status":"closed","template":"builder.php","meta":{"footnotes":""},"class_list":["post-1306","page","type-page","status-publish","hentry"],"aioseo_notices":[],"_links":{"self":[{"href":"https:\/\/www.emeks.biz.tr\/index.php\/wp-json\/wp\/v2\/pages\/1306","targetHints":{"allow":["GET"]}}],"collection":[{"href":"https:\/\/www.emeks.biz.tr\/index.php\/wp-json\/wp\/v2\/pages"}],"about":[{"href":"https:\/\/www.emeks.biz.tr\/index.php\/wp-json\/wp\/v2\/types\/page"}],"author":[{"embeddable":true,"href":"https:\/\/www.emeks.biz.tr\/index.php\/wp-json\/wp\/v2\/users\/1"}],"replies":[{"embeddable":true,"href":"https:\/\/www.emeks.biz.tr\/index.php\/wp-json\/wp\/v2\/comments?post=1306"}],"version-history":[{"count":1,"href":"https:\/\/www.emeks.biz.tr\/index.php\/wp-json\/wp\/v2\/pages\/1306\/revisions"}],"predecessor-version":[{"id":4370,"href":"https:\/\/www.emeks.biz.tr\/index.php\/wp-json\/wp\/v2\/pages\/1306\/revisions\/4370"}],"wp:attachment":[{"href":"https:\/\/www.emeks.biz.tr\/index.php\/wp-json\/wp\/v2\/media?parent=1306"}],"curies":[{"name":"wp","href":"https:\/\/api.w.org\/{rel}","templated":true}]}}