{"id":1270,"date":"2017-04-24T01:51:10","date_gmt":"2017-04-23T22:51:10","guid":{"rendered":"http:\/\/www.emeks.biz.tr\/go-3-kopya\/"},"modified":"2025-03-28T00:53:18","modified_gmt":"2025-03-27T21:53:18","slug":"logo-crm","status":"publish","type":"page","link":"https:\/\/www.emeks.biz.tr\/index.php\/logo-crm\/","title":{"rendered":"Logo CRM"},"content":{"rendered":"<p><img decoding=\"async\" src=\"\/wp-content\/uploads\/2017\/04\/LogoCRM-1-e1493118683829.png\"><br \/>\n\t\t\t\t\t\t\t\t\t\t\t\t\t\t\t\t\t\t\t\t\t\t\t\t\t\t\t\t\t\t\t\t\t\t\t\t\tM\u00fc\u015fterilerinizle Etkile\u015fiminizi Art\u0131r\u0131n!Logo CRM, \u00fcr\u00fcn ya da hizmet satan, sat\u0131\u015f \u00f6ncesi, sat\u0131\u015f esnas\u0131 ve sonras\u0131ndaki s\u00fcre\u00e7lerinizi kontrol alt\u0131na alarak Logo ERP \u00e7\u00f6z\u00fcmleriyle entegre y\u00f6netmenizi sa\u011flayan bir CRM \u00e7\u00f6z\u00fcm\u00fcd\u00fcr.<\/p>\n<p><a href=\"https:\/\/youtu.be\/cvyhM6Z-8bI\">Tan\u0131t\u0131m Videosu \u0130\u00e7in T\u0131klay\u0131n\u0131z&#8230;<\/a><\/p>\n<p><img decoding=\"async\" src=\"\/wp-content\/uploads\/2017\/04\/10_1.png\">Kurumsal HFFaf\u0131za Olu\u015fturmaPotansiyel ve sizle \u00e7al\u0131\u015fan m\u00fc\u015fterilerinizi, bayilerinizi, tedarik\u00e7ilerinizi vb. kolayca tan\u0131mlaman\u0131za, gruplaman\u0131za ve se\u00e7ili firma\/ki\u015fi ile ilgili g\u00f6r\u00fc\u015fmelerin tekliflerini haz\u0131rlaman\u0131za olanak sa\u011flar.<img decoding=\"async\" src=\"\/wp-content\/uploads\/2017\/04\/Setofbusinessicons-16.png\">Mobil Add-inEtkili ve sade tasar\u0131m\u0131 ile hi\u00e7bir i\u015finizi atlamadan yapaca\u011f\u0131n\u0131z Logo CRM Mobile, rol ve g\u00fcvenlik katmanlar\u0131n\u0131 t\u00fcm \u00f6zellikleriyle kapsar. Nerede olursan\u0131z olun h\u0131zl\u0131 bir \u015fekilde teklif ve f\u0131rsatlar\u0131n\u0131z\u0131 Mobil Add-in ile kapatman\u0131za, yak\u0131n\u0131mdakiler \u00f6zelli\u011fi ile bulundu\u011funuz b\u00f6lgedeki m\u00fc\u015fterileri ve m\u00fc\u015fterilerin a\u00e7\u0131k f\u0131rsatlar\u0131n\u0131 harita \u00fczerinde g\u00f6r\u00fcnt\u00fcleyebilmenizi sa\u011flar. Logo ERP entegrasyonu ile m\u00fc\u015fterilerinizin bor\u00e7 bakiyelerini g\u00f6r\u00fcnt\u00fcleyebildi\u011finiz gibi \u00fcr\u00fcnlerinizin stoklar\u0131na da yine bu entegrasyon ile eri\u015febilmenize yard\u0131mc\u0131 olur.<img decoding=\"async\" src=\"\/wp-content\/uploads\/2017\/04\/Setofbusinessicons-05.png\">Outlook Add-inLogo CRM ile mailleriniz entegre \u00e7al\u0131\u015farak mail g\u00f6nderen ki\u015finin CRM kay\u0131tlar\u0131na h\u0131zl\u0131ca eri\u015febilmenizi sa\u011flayan Outlook Add-in, uygulamalar aras\u0131nda ge\u00e7i\u015f yapmadan verilerinize zaman kaybetmeden eri\u015fmenizi sa\u011flar.<img decoding=\"async\" src=\"\/wp-content\/uploads\/2017\/04\/24_7.png\">T\u00fcm Belgelerin ve S\u00f6zle\u015fmelerin Tek Bir Yerde Toplanmas\u0131Toplu g\u00f6nderimlere, ili\u015fkili belgelere, e-postalara, s\u00f6zle\u015fmelere ve sat\u0131\u015f sonras\u0131 memnuniyet\/\u015fikayet kay\u0131tlar\u0131na tek platformdan ula\u015fman\u0131za, y\u00f6netmenize ve raporlaman\u0131za yard\u0131mc\u0131 olur.<img decoding=\"async\" src=\"\/wp-content\/uploads\/2017\/04\/3_5.png\">Zaman Y\u00f6netimiMS Exchange ve MS Outlook ile senkron \u00e7al\u0131\u015f\u0131r ve g\u00fcnl\u00fck \u2013 haftal\u0131k \u2013 ayl\u0131k ve y\u0131ll\u0131k g\u00f6r\u00fcn\u00fcmler \u015feklinde \u00f6zelle\u015ftirilebilen kurumsal CRM ajans\u0131 sayesinde; sat\u0131\u015f ekibinizin ve sat\u0131\u015f sonras\u0131 hizmet veren ekibinizin aktivitelerini, route y\u00f6netimini, g\u00f6r\u00fc\u015fme ve ziyaret planlar\u0131n\u0131 takip ederek; \u00a0etkin bir y\u00f6netim ve raporlama mekanizmas\u0131na sahip olman\u0131z\u0131 sa\u011flar.<img decoding=\"async\" src=\"\/wp-content\/uploads\/2017\/04\/21_5.png\">Belge &#8211; M\u00fc\u015fteri \u0130li\u015fkilendirilmesi\u0130stenildi\u011fi kadar ana klas\u00f6r ya da alt klas\u00f6r olu\u015fturabilir ve bu klas\u00f6rlerde belgelerinizi, \u015fablonlar\u0131n\u0131z\u0131, \u0131slak imzal\u0131 bir dok\u00fcman\u0131n taranm\u0131\u015f halini, gerekli \u015firket belgelerinizi (word, excel, pdf, \u00e7izim ya da resim\u2026vb.) saklaman\u0131za olanak verir. Bu belgelerinizi m\u00fc\u015fterilerinizle, g\u00f6r\u00fc\u015fme kay\u0131tlar\u0131n\u0131zla, f\u0131rsat ve teklif kay\u0131tlar\u0131n\u0131zla ya da sat\u0131\u015f sonras\u0131 hizmet kay\u0131tlar\u0131n\u0131zla ili\u015fkilendirir ve hangi m\u00fc\u015fterinizle hangi belgelerin ili\u015fkilendirildi\u011fini an\u0131nda g\u00f6r\u00fcnt\u00fcleyebilmenizi sa\u011flar.<img decoding=\"async\" src=\"\/wp-content\/uploads\/2017\/04\/6_6.png\">Aktivite Y\u00f6netimiSat\u0131\u015f veya sat\u0131\u015f sonras\u0131 hizmet veren ekiplerinizin t\u00fcm potansiyel veya mevcut m\u00fc\u015fteri route ziyaretlerini, g\u00f6r\u00fc\u015fmelerini, toplant\u0131 notlar\u0131n\u0131 detayl\u0131 bir \u015fekilde kay\u0131t alt\u0131nda tutar ve pivot tablo \u00f6zelli\u011fiyle raporlaman\u0131z\u0131 sa\u011flar. Dahas\u0131; m\u00fc\u015fterilerinizle hangi \u00e7al\u0131\u015fan\u0131n\u0131z hangi konuda g\u00f6r\u00fc\u015fm\u00fc\u015f oldu\u011funu ve g\u00f6r\u00fc\u015fme detaylar\u0131n\u0131n ne oldu\u011funa ula\u015fman\u0131za olanak vererek, i\u015fletmenizin kurumsal haf\u0131zas\u0131n\u0131 destekler.<img decoding=\"async\" src=\"\/wp-content\/uploads\/2017\/04\/14_5.png\">Tek Bir Ekrandan M\u00fc\u015fteri Y\u00f6netimiSat\u0131\u015f f\u0131rsatlar\u0131n\u0131z\u0131, proje ve ihale takiplerinizi t\u00fcm s\u00fcreciyle birlikte tek bir ekrandan takip ederek; f\u0131rsatlarla ilgili hangi tarihte kim taraf\u0131ndan ne i\u015flemler yap\u0131ld\u0131\u011f\u0131n\u0131, neler g\u00f6r\u00fc\u015f\u00fcld\u00fc\u011f\u00fcn\u00fc, hangi tekliflerin verilmi\u015f oldu\u011funu, ili\u015fkili belgeleriyle ve e-postalar\u0131yla birlikte g\u00f6rmenize ve y\u00f6netmenize yard\u0131mc\u0131 olur.<img decoding=\"async\" src=\"\/wp-content\/uploads\/2017\/04\/11_3.png\">Teklif Haz\u0131rlama S\u00fcreci \u00d6zelli\u011fiTeklif s\u00fcre\u00e7lerinize \u00f6zel tan\u0131mlanabilen alanlar, g\u00f6r\u00fcn\u00fcmler ve \u015fablonlar sayesinde daha h\u0131zl\u0131 bir \u015fekilde teklif haz\u0131rlaman\u0131za yard\u0131mc\u0131 olur. Ge\u00e7mi\u015f fiyat kontrol\u00fc, Opsiyonel Teklif, Alternatif Teklif ve \u00dcr\u00fcn \u0130li\u015fkilendirme \u00f6zellikleri sayesinde de daha esnek bir teklif s\u00fcreciniz olmas\u0131na olanak verir. \u0130htiyac\u0131n\u0131z do\u011frultusunda birka\u00e7 farkl\u0131 \u015fekilde kurgulanabilen teklif onay s\u00fcre\u00e7leri ve Logo yaz\u0131l\u0131m\u0131n\u0131z\u0131n veri taban\u0131ndan otomatik yap\u0131lan anl\u0131k cari hesap risk limiti ve stok kalan miktar\u0131 kontrolleri sayesinde \u201cinsana ba\u011fl\u0131 hata\u201cy\u0131 minimuma indirmenizi sa\u011flar.<img decoding=\"async\" src=\"\/wp-content\/uploads\/2017\/04\/2_9.png\">Sat\u0131\u015f Sonras\u0131 S\u00fcre\u00e7 Y\u00f6netimiSat\u0131\u015f sonras\u0131 s\u00fcre\u00e7lerinizi gerektirdi\u011fi \u015fekilde \u00f6zelle\u015ftirilebilen \u201cDestek Merkezi\u201d sayesinde m\u00fc\u015fteri memnuniyet \u2013 \u015fikayet s\u00fcre\u00e7lerinizi, teknik destek s\u00fcre\u00e7lerinizi veya IP santraliniz ile entegre olarak \u00e7a\u011fr\u0131 merkezi s\u00fcre\u00e7lerinizi y\u00f6netmenize yard\u0131mc\u0131 olur.<img decoding=\"async\" src=\"\/wp-content\/uploads\/2017\/04\/7_5.png\">ERP \u00c7\u00f6z\u00fcmleriyle Tam EntegrasyonLogo \u00fcr\u00fcnleri ile sa\u011flad\u0131\u011f\u0131 anl\u0131k entegrasyon sayesinde; m\u00fc\u015fterilerinizin cari hesap ekstrelerini, sipari\u015f ekstrelerini ve risk limitlerini takip edebilmenize olanak verir. Dahas\u0131; \u00fcr\u00fcnlerinizin anl\u0131k stok miktarlar\u0131n\u0131n kontrol edilmesi ve sat\u0131\u015fa d\u00f6n\u00fc\u015fen tekliflerin ERP \u00c7\u00f6z\u00fcmlerine sipari\u015f veya irsaliye olarak otomatik aktar\u0131labilmesi \u00f6zelliklerini sunar.<\/p>\n<p><a href=\"\/wp-content\/uploads\/2017\/04\/CRM_Urunleri_Fiyat_Listesi_2017.pdf\" target=\"_blank\">&nbsp; F\u0130YAT L\u0130STES\u0130 &nbsp;<\/a>&nbsp; | &nbsp;&nbsp;<a href=\"\/wp-content\/uploads\/2017\/04\/crm_brosur.pdf\" target=\"_blank\">&nbsp; BRO\u015e\u00dcR\u00dc \u0130ND\u0130R\u0130N &nbsp;<\/a>&nbsp;| &nbsp; &nbsp;<a href=\"\/index.php\/demo-talep-formu\" target=\"_blank\">&nbsp; DEMO TALEP ET &nbsp;<\/a><\/p>\n<p><!-- \/row --><\/p>\n","protected":false},"excerpt":{"rendered":"<p class=\"excerpt\">M\u00fc\u015fterilerinizle Etkile\u015fiminizi Art\u0131r\u0131n!Logo CRM, \u00fcr\u00fcn ya da hizmet satan, sat\u0131\u015f \u00f6ncesi, sat\u0131\u015f esnas\u0131 ve sonras\u0131ndaki s\u00fcre\u00e7lerinizi kontrol alt\u0131na alarak Logo ERP \u00e7\u00f6z\u00fcmleriyle entegre y\u00f6netmenizi sa\u011flayan bir CRM \u00e7\u00f6z\u00fcm\u00fcd\u00fcr. Tan\u0131t\u0131m Videosu \u0130\u00e7in T\u0131klay\u0131n\u0131z&#8230; Kurumsal HFFaf\u0131za Olu\u015fturmaPotansiyel ve sizle \u00e7al\u0131\u015fan m\u00fc\u015fterilerinizi, bayilerinizi, tedarik\u00e7ilerinizi vb. kolayca tan\u0131mlaman\u0131za, gruplaman\u0131za ve se\u00e7ili firma\/ki\u015fi ile ilgili g\u00f6r\u00fc\u015fmelerin tekliflerini haz\u0131rlaman\u0131za olanak sa\u011flar.Mobil [&hellip;]<\/p>\n","protected":false},"author":1,"featured_media":0,"parent":0,"menu_order":0,"comment_status":"closed","ping_status":"closed","template":"builder.php","meta":{"footnotes":""},"class_list":["post-1270","page","type-page","status-publish","hentry"],"aioseo_notices":[],"_links":{"self":[{"href":"https:\/\/www.emeks.biz.tr\/index.php\/wp-json\/wp\/v2\/pages\/1270","targetHints":{"allow":["GET"]}}],"collection":[{"href":"https:\/\/www.emeks.biz.tr\/index.php\/wp-json\/wp\/v2\/pages"}],"about":[{"href":"https:\/\/www.emeks.biz.tr\/index.php\/wp-json\/wp\/v2\/types\/page"}],"author":[{"embeddable":true,"href":"https:\/\/www.emeks.biz.tr\/index.php\/wp-json\/wp\/v2\/users\/1"}],"replies":[{"embeddable":true,"href":"https:\/\/www.emeks.biz.tr\/index.php\/wp-json\/wp\/v2\/comments?post=1270"}],"version-history":[{"count":3,"href":"https:\/\/www.emeks.biz.tr\/index.php\/wp-json\/wp\/v2\/pages\/1270\/revisions"}],"predecessor-version":[{"id":5148,"href":"https:\/\/www.emeks.biz.tr\/index.php\/wp-json\/wp\/v2\/pages\/1270\/revisions\/5148"}],"wp:attachment":[{"href":"https:\/\/www.emeks.biz.tr\/index.php\/wp-json\/wp\/v2\/media?parent=1270"}],"curies":[{"name":"wp","href":"https:\/\/api.w.org\/{rel}","templated":true}]}}