{"id":116,"date":"2017-04-18T14:06:28","date_gmt":"2017-04-18T11:06:28","guid":{"rendered":"http:\/\/www.emeks.biz.tr\/ana-sayfa\/"},"modified":"2025-03-28T00:53:18","modified_gmt":"2025-03-27T21:53:18","slug":"ana-sayfa","status":"publish","type":"page","link":"https:\/\/www.emeks.biz.tr\/","title":{"rendered":"Ana Sayfa"},"content":{"rendered":"<p>Logo ile \u0130hracat S\u00fcre\u00e7leriniz Elektronik Ortamda<br \/>\n\t\t\t\t\t\t\t\t\t\t\t\t\t\t\t\t\t\t\t\t\t\t\t\t\t\t\t\t\t\t\t\t\t\t\t\t\t\t\t\t01 Temmuz 2017 tarihi itibari ile \u0130hracat ve Tax-Free faturalar\u0131n\u0131n da e-Fatura uygulamas\u0131 kapsam\u0131na al\u0131nmas\u0131yla birlikte art\u0131k ihracat s\u00fcre\u00e7leri de elektronik ortama ta\u015f\u0131n\u0131yor. <a href=\"\/index.php\/ihracat\/\"><\/a><\/p>\n<p><!-- .container --><br \/>\n\t\t\t\t\t\t\t\t <!-- .overlay --><\/p>\n<p>Logo ile e-d\u00f6n\u00fc\u015f\u00fcme haz\u0131rs\u0131n\u0131z!<br \/>\n\t\t\t\t\t\t\t\t\t\t\t\t\t\t\t\t\t\t\t\t\t\t\t\t\t\t\t\t\t\t\t\t\t\t\t\t\t\t\t\tLogo&#8217; nun e-Defter, e-Ar\u015fiv, e-Fatura \u00e7\u00f6z\u00fcmleri vee-Logo \u00f6zel entegrat\u00f6rl\u00fck hizmeti hakk\u0131ndadetayl\u0131 bilgi i\u00e7in hemen bizimle ileti\u015fime ge\u00e7iniz.<br \/>\n\t\t\t\t\t\t\t\t\t\t\t\t\t\t\t\t\t\t\t\t\t\t\t\t\t\t\t\t\t\t\t\t\t\t\t\t\t\t\t\t<a href=\"https:\/\/www.emeks.biz.tr\/index.php\/e-devlet\/\"><br \/>\n\t\t\t\t\t\t\t\t\t\t\t\t\t\t\t&gt;\t\t\t\t\t\t\t\t\t\t\t\t\t\t<\/a><\/p>\n<p><!-- .container --><br \/>\n\t\t\t\t\t\t\t\t <!-- .overlay --><\/p>\n<p>M\u00fc\u015fteri \u0130li\u015fkileri S\u00fcre\u00e7lerinize De\u011fer Katan \u00c7\u00f6z\u00fcm!<br \/>\n\t\t\t\t\t\t\t\t\t\t\t\t\t\t\t\t\t\t\t\t\t\t\t\t\t\t\t\t\t\t\t\t\t\t\t\t\t\t\t\tLogo CRM sat\u0131\u015f \u00f6ncesi, sat\u0131\u015f esnas\u0131 ve sonras\u0131ndaki s\u00fcre\u00e7lerinizi u\u00e7tan uca y\u00f6neterek; modern, kolay ve anla\u015f\u0131l\u0131r aray\u00fcz\u00fcyle tam kapsaml\u0131 bir CRM \u00e7\u00f6z\u00fcm\u00fc sunar.<br \/>\n\t\t\t\t\t\t\t\t\t\t\t\t\t\t\t\t\t\t\t\t\t\t\t\t\t\t\t\t\t\t\t\t\t\t\t\t\t\t\t\t<a href=\"https:\/\/www.emeks.biz.tr\/index.php\/logo-crm\/\"><br \/>\n\t\t\t\t\t\t\t\t\t\t\t\t\t\t\t&gt;\t\t\t\t\t\t\t\t\t\t\t\t\t\t<\/a><\/p>\n<p><!-- .container --><br \/>\n\t\t\t\t\t\t\t\t <!-- .overlay --><\/p>\n<p>Logo Mind \u0130nsight<br \/>\n\t\t\t\t\t\t\t\t\t\t\t\t\t\t\t\t\t\t\t\t\t\t\t\t\t\t\t\t\t\t\t\t\t\t\t\t\t\t\t\tEsnek mimarisi, kolay kullan\u0131m\u0131 ve\u00a0interaktif g\u00f6rsel \u00f6geleri ile kullan\u0131c\u0131lara\u00a0ger\u00e7ek zamanl\u0131 veri analizi imkan\u0131 sunar.<br \/>\n\t\t\t\t\t\t\t\t\t\t\t\t\t\t\t\t\t\t\t\t\t\t\t\t\t\t\t\t\t\t\t\t\t\t\t\t\t\t\t\t<a href=\"https:\/\/www.emeks.biz.tr\/index.php\/logo-mind-insight\/\"><br \/>\n\t\t\t\t\t\t\t\t\t\t\t\t\t\t\t&gt;\t\t\t\t\t\t\t\t\t\t\t\t\t\t<\/a><\/p>\n<p><!-- .container --><br \/>\n\t\t\t\t\t\t\t\t <!-- .overlay --><\/p>\n<p>Logo Tiger Wings<br \/>\n\t\t\t\t\t\t\t\t\t\t\t\t\t\t\t\t\t\t\t\t\t\t\t\t\t\t\t\t\t\t\t\t\t\t\t\t\t\t\t\tMobil uyumlu aray\u00fcz\u00fc sayesinde zaman ve mekandan\u00a0ba\u011f\u0131ms\u0131z olarak kullanabilece\u011finiz Logo TigerWings,i\u015finizi h\u0131zl\u0131 ve kolay bir \u015fekilde y\u00f6netebilmenizive anl\u0131k takip edebilmenizi sa\u011flar.<br \/>\n\t\t\t\t\t\t\t\t\t\t\t\t\t\t\t\t\t\t\t\t\t\t\t\t\t\t\t\t\t\t\t\t\t\t\t\t\t\t\t\t<a href=\"https:\/\/www.emeks.biz.tr\/index.php\/tiger-wings\/\"><br \/>\n\t\t\t\t\t\t\t\t\t\t\t\t\t\t\t&gt;\t\t\t\t\t\t\t\t\t\t\t\t\t\t<\/a><\/p>\n<p><!-- .container --><br \/>\n\t\t\t\t\t\t\t\t <!-- .overlay --><\/p>\n","protected":false},"excerpt":{"rendered":"<p class=\"excerpt\">Logo ile \u0130hracat S\u00fcre\u00e7leriniz Elektronik Ortamda 01 Temmuz 2017 tarihi itibari ile \u0130hracat ve Tax-Free faturalar\u0131n\u0131n da e-Fatura uygulamas\u0131 kapsam\u0131na al\u0131nmas\u0131yla birlikte art\u0131k ihracat s\u00fcre\u00e7leri de elektronik ortama ta\u015f\u0131n\u0131yor. Logo ile e-d\u00f6n\u00fc\u015f\u00fcme haz\u0131rs\u0131n\u0131z! Logo&#8217; nun e-Defter, e-Ar\u015fiv, e-Fatura \u00e7\u00f6z\u00fcmleri vee-Logo \u00f6zel entegrat\u00f6rl\u00fck hizmeti hakk\u0131ndadetayl\u0131 bilgi i\u00e7in hemen bizimle ileti\u015fime ge\u00e7iniz. &gt; M\u00fc\u015fteri \u0130li\u015fkileri S\u00fcre\u00e7lerinize De\u011fer [&hellip;]<\/p>\n","protected":false},"author":1,"featured_media":0,"parent":0,"menu_order":0,"comment_status":"closed","ping_status":"closed","template":"builder.php","meta":{"footnotes":""},"class_list":["post-116","page","type-page","status-publish","hentry"],"aioseo_notices":[],"_links":{"self":[{"href":"https:\/\/www.emeks.biz.tr\/index.php\/wp-json\/wp\/v2\/pages\/116","targetHints":{"allow":["GET"]}}],"collection":[{"href":"https:\/\/www.emeks.biz.tr\/index.php\/wp-json\/wp\/v2\/pages"}],"about":[{"href":"https:\/\/www.emeks.biz.tr\/index.php\/wp-json\/wp\/v2\/types\/page"}],"author":[{"embeddable":true,"href":"https:\/\/www.emeks.biz.tr\/index.php\/wp-json\/wp\/v2\/users\/1"}],"replies":[{"embeddable":true,"href":"https:\/\/www.emeks.biz.tr\/index.php\/wp-json\/wp\/v2\/comments?post=116"}],"version-history":[{"count":139,"href":"https:\/\/www.emeks.biz.tr\/index.php\/wp-json\/wp\/v2\/pages\/116\/revisions"}],"predecessor-version":[{"id":5155,"href":"https:\/\/www.emeks.biz.tr\/index.php\/wp-json\/wp\/v2\/pages\/116\/revisions\/5155"}],"wp:attachment":[{"href":"https:\/\/www.emeks.biz.tr\/index.php\/wp-json\/wp\/v2\/media?parent=116"}],"curies":[{"name":"wp","href":"https:\/\/api.w.org\/{rel}","templated":true}]}}