{"id":1106,"date":"2017-04-23T23:25:04","date_gmt":"2017-04-23T20:25:04","guid":{"rendered":"http:\/\/www.emeks.biz.tr\/start-kopya\/"},"modified":"2025-03-28T00:53:18","modified_gmt":"2025-03-27T21:53:18","slug":"go-3","status":"publish","type":"page","link":"https:\/\/www.emeks.biz.tr\/index.php\/go-3\/","title":{"rendered":"GO 3"},"content":{"rendered":"<p><img decoding=\"async\" src=\"\/wp-content\/uploads\/2017\/04\/logo_go3.png\"><br \/>\n\t\t\t\t\t\t\t\t\t\t\t\t\t\t\t\t\t\t\t\t\t\t\t\t\t\t\t\t\t\t\t\t\t\t\t\t\t\u0130\u015f Uygulamalar\u0131n\u0131z\u0131 3. Boyuta Ta\u015f\u0131y\u0131n!Ki\u015fiselle\u015ftirilebilir, h\u0131zl\u0131, sade ve pratik aray\u00fczl\u00fc yepyeni bir platform GO 3 ile i\u015f uygulamalar\u0131n\u0131z\u0131 3. boyuta ta\u015f\u0131y\u0131n!<\/p>\n<p><a href=\"https:\/\/youtu.be\/mb2CYO7JPV0\">Tan\u0131t\u0131m Videosu \u0130\u00e7in T\u0131klay\u0131n\u0131z&#8230;<\/a><\/p>\n<p><img decoding=\"async\" src=\"\/wp-content\/uploads\/2017\/04\/2.png\">Uyumlu Yap\u0131Uyumlu yap\u0131s\u0131 sayesinde; da\u011f\u0131t\u0131m, in\u015faat, e\u011fitim, tekstil, medya, sa\u011fl\u0131k ve daha bir \u00e7ok sekt\u00f6rden i\u015fletmenin ihtiya\u00e7lar\u0131n\u0131 eksiksiz kar\u015f\u0131layarak i\u015f s\u00fcre\u00e7lerinizi h\u0131zland\u0131r\u0131r.<img decoding=\"async\" src=\"\/wp-content\/uploads\/2017\/04\/12_27.png\">Sade ve Pratik Aray\u00fczLogo GO 3&#8217;\u00fcn kullan\u0131c\u0131 dostu aray\u00fcz\u00fc ile kolay ve h\u0131zl\u0131 \u015fekilde veri giri\u015fi yapabilir, rapor ve uygulamalara kolayca ula\u015fabilirsiniz.<img decoding=\"async\" src=\"\/wp-content\/uploads\/2017\/04\/6.png\">\u00c7ok Y\u00f6nl\u00fc \u0130\u015flevsellikGO 3 ile Finans, Muhasebe, Sat\u0131\u015f, Sat\u0131n Alma, Stok Y\u00f6netimi, Raporlama gibi bir \u00e7ok i\u015flemi tek uygulama alt\u0131nda, rahatl\u0131kla kullanman\u0131z\u0131 sa\u011flar.<img decoding=\"async\" src=\"\/wp-content\/uploads\/2017\/04\/Setofbusinessicons-43.png\">Mobil UyumluLogo GO 3&#8217;\u00fcn sanal klavyesi ile b\u00fct\u00fcn i\u015flemlerinizi dokunmatik ekranl\u0131 notebook ve tabletlerden de kolayl\u0131kla yapabilirsiniz.<img decoding=\"async\" src=\"\/wp-content\/uploads\/2017\/04\/23_12.png\">Esnek PlatformLogo \u0130\u015f Ortaklar\u0131&#8217;n\u0131n geli\u015ftirdi\u011fi uygulama (APP) ve widgetlar\u0131 ekleyerek fonksiyon k\u00fcmesini ihtiya\u00e7lar\u0131n\u0131za g\u00f6re geni\u015fletebilirsiniz.<img decoding=\"async\" src=\"\/wp-content\/uploads\/2017\/04\/21_26.png\">H\u0131zl\u0131En \u00e7ok kulland\u0131\u011f\u0131n\u0131z fonksiyonlar\u0131, size \u00f6zel masa\u00fcst\u00fcne k\u0131sayol tu\u015fu olarak tan\u0131mlay\u0131p eri\u015fim a\u011fac\u0131nda kaybolmadan yaparak i\u015flemlerinizde h\u0131z kazanabilirsiniz.<img decoding=\"async\" src=\"\/wp-content\/uploads\/2017\/04\/Setofbusinessicons-08.png\">e-Devlet Uygulamalar\u0131yla UyumluGO 3; e-Fatura,e-Defter ve e-Ar\u015fiv gibi e-Devlet uygulamalar\u0131yla tam entegre olarak \u00e7al\u0131\u015f\u0131r.<img decoding=\"async\" src=\"\/wp-content\/uploads\/2017\/04\/14_12.png\">\u0130\u015f Zekas\u0131, CRM ve Bordro \u00c7\u00f6z\u00fcmleri ile EntegrasyonGO 3 ile kusursuz entegrasyona &nbsp;sahip olan Logo Mind \u0130nsight ile farkl\u0131 kaynaklardan elde edilen verileri detayl\u0131 analiz edebilirsiniz. Sat\u0131\u015f-Pazarlama veya teknik ekiplerinizin randevu, g\u00f6r\u00fc\u015fme, teklif, sat\u0131\u015f gibi i\u015f s\u00fcre\u00e7lerini ise Logo CRM \u00fczerinden GO 3 ile b\u00fct\u00fcnle\u015fik olarak takip edebilirsiniz. GO 3 ile entegre \u00e7al\u0131\u015fan Bordro Plus\u2019\u0131 kullanarak da sicil ve \u00fccret y\u00f6netimi gereksinimlerinizi tam anlam\u0131yla kar\u015f\u0131layabilirsiniz.&nbsp;<img decoding=\"async\" src=\"\/wp-content\/uploads\/2017\/04\/9_18.png\">Windows 10 ile UyumluGO 3, Microsoft&#8217;un Windows 10 i\u015fletim sistemi ile de uyumlu \u00e7al\u0131\u015fma imkan\u0131 sa\u011flar.<\/p>\n<p><a href=\"\/wp-content\/uploads\/2017\/04\/KOBI_Urunleri_Fiyat_Listesi_06022017_3.pdf\" target=\"_blank\">&nbsp; F\u0130YAT L\u0130STES\u0130 &nbsp;<\/a>&nbsp; | &nbsp; <a href=\"\/wp-content\/uploads\/2017\/04\/GO3Brosuru6.9.2016.pdf\" target=\"_blank\">&nbsp; BRO\u015e\u00dcR\u00dc \u0130ND\u0130R\u0130N &nbsp;<\/a>&nbsp; &nbsp;| &nbsp; &nbsp;<a href=\"\/index.php\/demo-talep-formu\" target=\"_blank\">&nbsp; DEMO TALEP ET &nbsp;<\/a><\/p>\n<p><!-- \/row --><\/p>\n","protected":false},"excerpt":{"rendered":"<p class=\"excerpt\">\u0130\u015f Uygulamalar\u0131n\u0131z\u0131 3. Boyuta Ta\u015f\u0131y\u0131n!Ki\u015fiselle\u015ftirilebilir, h\u0131zl\u0131, sade ve pratik aray\u00fczl\u00fc yepyeni bir platform GO 3 ile i\u015f uygulamalar\u0131n\u0131z\u0131 3. boyuta ta\u015f\u0131y\u0131n! Tan\u0131t\u0131m Videosu \u0130\u00e7in T\u0131klay\u0131n\u0131z&#8230; Uyumlu Yap\u0131Uyumlu yap\u0131s\u0131 sayesinde; da\u011f\u0131t\u0131m, in\u015faat, e\u011fitim, tekstil, medya, sa\u011fl\u0131k ve daha bir \u00e7ok sekt\u00f6rden i\u015fletmenin ihtiya\u00e7lar\u0131n\u0131 eksiksiz kar\u015f\u0131layarak i\u015f s\u00fcre\u00e7lerinizi h\u0131zland\u0131r\u0131r.Sade ve Pratik Aray\u00fczLogo GO 3&#8217;\u00fcn kullan\u0131c\u0131 dostu aray\u00fcz\u00fc [&hellip;]<\/p>\n","protected":false},"author":1,"featured_media":0,"parent":0,"menu_order":0,"comment_status":"closed","ping_status":"closed","template":"builder.php","meta":{"footnotes":""},"class_list":["post-1106","page","type-page","status-publish","hentry"],"aioseo_notices":[],"_links":{"self":[{"href":"https:\/\/www.emeks.biz.tr\/index.php\/wp-json\/wp\/v2\/pages\/1106","targetHints":{"allow":["GET"]}}],"collection":[{"href":"https:\/\/www.emeks.biz.tr\/index.php\/wp-json\/wp\/v2\/pages"}],"about":[{"href":"https:\/\/www.emeks.biz.tr\/index.php\/wp-json\/wp\/v2\/types\/page"}],"author":[{"embeddable":true,"href":"https:\/\/www.emeks.biz.tr\/index.php\/wp-json\/wp\/v2\/users\/1"}],"replies":[{"embeddable":true,"href":"https:\/\/www.emeks.biz.tr\/index.php\/wp-json\/wp\/v2\/comments?post=1106"}],"version-history":[{"count":3,"href":"https:\/\/www.emeks.biz.tr\/index.php\/wp-json\/wp\/v2\/pages\/1106\/revisions"}],"predecessor-version":[{"id":5149,"href":"https:\/\/www.emeks.biz.tr\/index.php\/wp-json\/wp\/v2\/pages\/1106\/revisions\/5149"}],"wp:attachment":[{"href":"https:\/\/www.emeks.biz.tr\/index.php\/wp-json\/wp\/v2\/media?parent=1106"}],"curies":[{"name":"wp","href":"https:\/\/api.w.org\/{rel}","templated":true}]}}