{"id":1063,"date":"2017-04-23T22:59:38","date_gmt":"2017-04-23T19:59:38","guid":{"rendered":"http:\/\/www.emeks.biz.tr\/tiger-3-kopya\/"},"modified":"2025-03-28T00:53:18","modified_gmt":"2025-03-27T21:53:18","slug":"start","status":"publish","type":"page","link":"https:\/\/www.emeks.biz.tr\/index.php\/start\/","title":{"rendered":"Start"},"content":{"rendered":"<p><img decoding=\"async\" src=\"\/wp-content\/uploads\/2017\/04\/logo_start.png\"><br \/>\n\t\t\t\t\t\t\t\t\t\t\t\t\t\t\t\t\t\t\t\t\t\t\t\t\t\t\t\t\t\t\t\t\t\t\t\t\t\u0130\u015f Hayat\u0131nda Yeni Bir &#8216;Start&#8217;START ile stok, maliyet, kasa, fatura, sipari\u015f, banka ve m\u00fc\u015fteri bilgilerinin y\u00f6netimini kolayl\u0131kla yapabilirsiniz.\u00a0START i\u015f y\u00fck\u00fcn\u00fcz\u00fc hafifletirken sizin de tek bir yerden i\u015fletmeniz ile ilgili her detay\u0131 takip etmenizi ve karl\u0131l\u0131\u011f\u0131n\u0131z\u0131 art\u0131rman\u0131z\u0131 sa\u011flar.<\/p>\n<p><img decoding=\"async\" src=\"\/wp-content\/uploads\/2017\/04\/24_1.png\">Bilgi Y\u00f6netimiStok, maliyet, kasa, fatura, sipari\u015f, banka ve m\u00fc\u015fteri bilgilerini rahatl\u0131kla y\u00f6netmenizi sa\u011flar.<img decoding=\"async\" src=\"\/wp-content\/uploads\/2017\/04\/9_1.png\">Tek Bir Yerden Detayl\u0131 Takip\u0130\u015f y\u00fck\u00fcn\u00fcz\u00fc hafifletmek i\u00e7in, tek bir yerden i\u015fletmeniz ile ilgili her detay\u0131 takip etmenizi sa\u011flayarak karl\u0131l\u0131\u011f\u0131n\u0131z\u0131 art\u0131r\u0131r.\u00a0<img decoding=\"async\" src=\"\/wp-content\/uploads\/2017\/04\/22.png\">K\u00fc\u00e7\u00fck \u0130\u015fletmeler \u0130\u00e7in Etkin \u0130\u015flem Y\u00f6netimiEmlak\u00e7\u0131, sigortac\u0131, poliklinik, k\u0131rtasiye, \u00e7i\u00e7ek\u00e7i, pastahane, parf\u00fcmeri, dershane ve \u00a0galeri gibi muhasebesini d\u0131\u015far\u0131dan takip eden, tek kullan\u0131c\u0131l\u0131, k\u00fc\u00e7\u00fck \u00f6l\u00e7ekli i\u015fletmenizin g\u00fcnl\u00fck i\u015flemlerini daha etkin ve verimli bir \u015fekilde y\u00f6netebilmenizi sa\u011flar.\u00a0<\/p>\n<p><a href=\"\/wp-content\/uploads\/2017\/04\/KOBI_Urunleri_Fiyat_Listesi_06022017_3.pdf\" target=\"_blank\">F\u0130YAT L\u0130STES\u0130 &nbsp;<\/a>&nbsp; &nbsp; &nbsp;<a href=\"\/wp-content\/uploads\/2017\/04\/Start_Brosur_Web_2014_1.pdf\" target=\"_blank\">&nbsp; BRO\u015e\u00dcR\u00dc \u0130ND\u0130R\u0130N &nbsp;<\/a>&nbsp; &nbsp;<a href=\"\/index.php\/demo-talep-formu\" target=\"_blank\">&nbsp; DEMO TALEP ET &nbsp;<\/a><\/p>\n<p><!-- \/row --><\/p>\n","protected":false},"excerpt":{"rendered":"<p class=\"excerpt\">\u0130\u015f Hayat\u0131nda Yeni Bir &#8216;Start&#8217;START ile stok, maliyet, kasa, fatura, sipari\u015f, banka ve m\u00fc\u015fteri bilgilerinin y\u00f6netimini kolayl\u0131kla yapabilirsiniz.\u00a0START i\u015f y\u00fck\u00fcn\u00fcz\u00fc hafifletirken sizin de tek bir yerden i\u015fletmeniz ile ilgili her detay\u0131 takip etmenizi ve karl\u0131l\u0131\u011f\u0131n\u0131z\u0131 art\u0131rman\u0131z\u0131 sa\u011flar. Bilgi Y\u00f6netimiStok, maliyet, kasa, fatura, sipari\u015f, banka ve m\u00fc\u015fteri bilgilerini rahatl\u0131kla y\u00f6netmenizi sa\u011flar.Tek Bir Yerden Detayl\u0131 Takip\u0130\u015f y\u00fck\u00fcn\u00fcz\u00fc [&hellip;]<\/p>\n","protected":false},"author":1,"featured_media":0,"parent":0,"menu_order":0,"comment_status":"closed","ping_status":"closed","template":"builder.php","meta":{"footnotes":""},"class_list":["post-1063","page","type-page","status-publish","hentry"],"aioseo_notices":[],"_links":{"self":[{"href":"https:\/\/www.emeks.biz.tr\/index.php\/wp-json\/wp\/v2\/pages\/1063","targetHints":{"allow":["GET"]}}],"collection":[{"href":"https:\/\/www.emeks.biz.tr\/index.php\/wp-json\/wp\/v2\/pages"}],"about":[{"href":"https:\/\/www.emeks.biz.tr\/index.php\/wp-json\/wp\/v2\/types\/page"}],"author":[{"embeddable":true,"href":"https:\/\/www.emeks.biz.tr\/index.php\/wp-json\/wp\/v2\/users\/1"}],"replies":[{"embeddable":true,"href":"https:\/\/www.emeks.biz.tr\/index.php\/wp-json\/wp\/v2\/comments?post=1063"}],"version-history":[{"count":3,"href":"https:\/\/www.emeks.biz.tr\/index.php\/wp-json\/wp\/v2\/pages\/1063\/revisions"}],"predecessor-version":[{"id":5150,"href":"https:\/\/www.emeks.biz.tr\/index.php\/wp-json\/wp\/v2\/pages\/1063\/revisions\/5150"}],"wp:attachment":[{"href":"https:\/\/www.emeks.biz.tr\/index.php\/wp-json\/wp\/v2\/media?parent=1063"}],"curies":[{"name":"wp","href":"https:\/\/api.w.org\/{rel}","templated":true}]}}