{"id":1039,"date":"2017-04-23T22:42:59","date_gmt":"2017-04-23T19:42:59","guid":{"rendered":"http:\/\/www.emeks.biz.tr\/tiger-3-kopya\/"},"modified":"2025-03-28T00:53:18","modified_gmt":"2025-03-27T21:53:18","slug":"tiger-3","status":"publish","type":"page","link":"https:\/\/www.emeks.biz.tr\/index.php\/tiger-3\/","title":{"rendered":"Tiger 3"},"content":{"rendered":"<p><img loading=\"lazy\" decoding=\"async\" width=\"1\" height=\"1\" src=\"http:\/\/www.emeks.biz.tr\/wp-content\/uploads\/2017\/04\/tiger3-1.png\" \/>\t\t\t\t\t\t\t\t\t\t\t\t\t\t\t\t\t\t\t\t\t\t\t<\/p>\n<p>Tiger 3ERP kavram\u0131n\u0131n yeniden yorumlanmas\u0131yla farkl\u0131 bir platform \u00fczerinde geli\u015ftirilen Tiger 3, zengin \u00f6zelliklerinin yan\u0131 s\u0131ra, de\u011fi\u015fen ihtiya\u00e7lara kolayl\u0131kla uyum sa\u011flayan esnek bir yap\u0131ya sahiptir. Uygun sahip olma ko\u015fullar\u0131 ile t\u00fcm sekt\u00f6rlerde; sat\u0131\u015f, da\u011f\u0131t\u0131m, hizmet alanlar\u0131nda faaliyet g\u00f6steren i\u015fletmelere, kurumsal ve operasyonel anlamda tam kapsaml\u0131 \u00e7\u00f6z\u00fcm sunar.<\/p>\n<p><img decoding=\"async\" src=\"\/wp-content\/uploads\/2017\/04\/21_37.png\">H\u0131zl\u0131 Adaptasyon \u0130mkan\u0131Sa\u011flad\u0131\u011f\u0131 kolay kullan\u0131c\u0131 aray\u00fcz\u00fc sayesinde, \u00f6\u011frenim s\u00fcrecini minimuma indirerek, uygulaman\u0131n i\u015fletmeniz i\u00e7erisinde h\u0131zl\u0131 bir \u015fekilde kullan\u0131ma ge\u00e7mesini sa\u011flar.<img decoding=\"async\" src=\"http:\/\/www.emeks.biz.tr\/wp-content\/uploads\/2017\/04\/Setofbusinessicons-38.png\">App in AppTiger 3 app in app yakla\u015f\u0131m\u0131 ile i\u015f uygulamalar\u0131n\u0131z\u0131 b\u00fcy\u00fct\u00fcp geli\u015ftirerek yeni \u00f6zelliklerin tek t\u0131kla app ya da widget olarak eklenmesine olanak sa\u011flar. Platform ba\u011f\u0131ms\u0131z geli\u015ftirilen bu uygulamalar ile zaman ve mekan ba\u011f\u0131ms\u0131z istedi\u011finiz bilgiye an\u0131nda ula\u015fabilirsiniz.<img decoding=\"async\" src=\"http:\/\/www.emeks.biz.tr\/wp-content\/uploads\/2017\/04\/11_21.png\">Kullan\u0131\u015fl\u0131 ve Pratik Aray\u00fczYeni nesil teknoloji ile geli\u015ftirilen Tiger 3 Enterprise&#8217;\u0131n g\u00f6z yormayan estetik tasar\u0131m\u0131 ve \u00fcr\u00fcn i\u00e7i arama motoru sayesinde istedi\u011finiz t\u00fcm bilgilere ve en s\u0131k kulland\u0131\u011f\u0131n\u0131z i\u015flemlere kolayl\u0131kla ula\u015fabilirsiniz.<img decoding=\"async\" src=\"http:\/\/www.emeks.biz.tr\/wp-content\/uploads\/2017\/04\/2_38.png\">Entegre \u00c7al\u0131\u015fan Mod\u00fcler Yap\u0131\u0130\u015fletmenizin t\u00fcm ihtiya\u00e7lar\u0131 d\u00fc\u015f\u00fcn\u00fclerek geli\u015ftirilmi\u015f mod\u00fcler yap\u0131 sayesinde, entegre \u00e7al\u0131\u015fan t\u00fcm mod\u00fcller i\u00e7in bilginin sisteme bir kere tan\u0131mlanmas\u0131 yeterlidir. Kullan\u0131c\u0131lar yetkileri dahilinde sistemde yer alan bilgilere ula\u015fabilir. B\u00f6ylece b\u00f6l\u00fcmler ve s\u00fcre\u00e7ler aras\u0131 \u201cortak bir dil\u201d olu\u015fur ve ileti\u015fim y\u00fck\u00fc azal\u0131r.<img decoding=\"async\" src=\"http:\/\/www.emeks.biz.tr\/wp-content\/uploads\/2017\/04\/13_13_5.png\">Ki\u015fiselle\u015ftirilebilen Aray\u00fcz \u0130mkan\u0131H\u0131zl\u0131, ak\u0131c\u0131 ve kullan\u0131c\u0131 rol\u00fcne g\u00f6re ki\u015fiselle\u015ftirilebilen aray\u00fcz tasar\u0131m\u0131 sayesinde, tek tu\u015fla yeni masa\u00fcst\u00fc ekleyebilir, diledi\u011finiz fonksiyonlar\u0131 k\u0131sayol olarak tan\u0131mlayabilirsiniz.<img decoding=\"async\" src=\"http:\/\/www.emeks.biz.tr\/wp-content\/uploads\/2017\/04\/13_13_5.png\">\u0130\u015fletmenin Tamam\u0131yla Uyumlu Yap\u0131ERP \u00e7\u00f6z\u00fcm\u00fc olan Tiger 3 i\u015fletmenizin t\u00fcm yap\u0131lar\u0131yla sa\u011flad\u0131\u011f\u0131 uyum sayesinde, kurumsal ve operasyonel stratejileri destekledi\u011fi gibi i\u00e7 ve d\u0131\u015f pazarda rekabet \u00fcst\u00fcnl\u00fc\u011f\u00fc sa\u011flayarak sa\u011fl\u0131kl\u0131 bir \u015fekilde b\u00fcy\u00fcmenize yard\u0131mc\u0131 olur.<img decoding=\"async\" src=\"http:\/\/www.emeks.biz.tr\/wp-content\/uploads\/2017\/04\/11_19.png\">e-Devlet \u00c7\u00f6z\u00fcmleriyle Uyumlu Yap\u0131Tiger 3; e-Fatura, e-Defter ve e-Ar\u015fiv gibi e-devlet sistemleriyle uyumlu bir \u00e7al\u0131\u015fma imkan\u0131 sa\u011flar.<img decoding=\"async\" src=\"http:\/\/www.emeks.biz.tr\/wp-content\/uploads\/2017\/04\/setofbusinessicons-09.png\">\u0130\u015fletmelere \u00d6zel Uygulama Geli\u015ftirme\u0130\u015fletmelerin ihtiya\u00e7lar\u0131na g\u00f6re yeni i\u015flevsel uyarlamalar ger\u00e7ekle\u015ftirebilmek i\u00e7in geli\u015ftirilmi\u015f \u201cObject Designer ve Logo Objects\u201c uyarlama ara\u00e7lar\u0131n\u0131 bar\u0131nd\u0131r\u0131r.<img decoding=\"async\" src=\"http:\/\/www.emeks.biz.tr\/wp-content\/uploads\/2017\/04\/8_10.png\">A\u00e7\u0131k ve Esnek Mimari\u0130li\u015fkisel veritaban\u0131 deste\u011finin yan\u0131 s\u0131ra, y\u00f6netilebilir ve izlenebilir sistem mimarisi ile Tiger 3 , g\u00fcvenli bir ortam ve y\u00fcksek performansl\u0131 bir ERP hizmeti sunar.<img decoding=\"async\" src=\"http:\/\/www.emeks.biz.tr\/wp-content\/uploads\/2017\/04\/16_13.png\">Sekt\u00f6rel \u00c7\u00f6z\u00fcmlerERP \u00e7\u00f6z\u00fcmleri i\u00e7in Logo \u00c7\u00f6z\u00fcm Ortaklar\u0131 taraf\u0131ndan geli\u015ftirilmi\u015f 200\u2019\u00fcn \u00fczerinde sekt\u00f6rel i \u015f uygulamalar\u0131 sayesinde, i\u015fletmenizin ihtiyac\u0131 olan uygulamaya bir \u00e7\u00f6z\u00fcm alt\u0131nda rahatl\u0131kla ula\u015fabilirsiniz.<img decoding=\"async\" src=\"http:\/\/www.emeks.biz.tr\/wp-content\/uploads\/2017\/04\/12_30.png\">Esnek ve G\u00fcvenilir Altyap\u0131Tiger 3 zengin \u00f6zelliklerinin yan\u0131 s\u0131ra, de\u011fi\u015fen ihtiya\u00e7lar\u0131n\u0131za kolayl\u0131kla uyum sa\u011flayan esnek ve g\u00fcvenilir bir ERP hizmeti sa\u011flar.<\/p>\n<p><a href=\"\/wp-content\/uploads\/2017\/04\/Tiger_3_Fiyat_Listesi_06022017_1.pdf\" target=\"_blank\">&nbsp; F\u0130YAT L\u0130STES\u0130 &nbsp;<\/a>&nbsp; | &nbsp; <a href=\"\/wp-content\/uploads\/2017\/04\/Tiger3ERPBrosuru6.9.2016.pdf\" target=\"_blank\">&nbsp; BRO\u015e\u00dcR\u00dc \u0130ND\u0130R\u0130N &nbsp;<\/a>&nbsp; | &nbsp; &nbsp;<a href=\"\/index.php\/demo-talep-formu\" target=\"_blank\">&nbsp; DEMO TALEP ET &nbsp;<\/a><\/p>\n<p><!-- \/row --><\/p>\n","protected":false},"excerpt":{"rendered":"<p class=\"excerpt\">Tiger 3ERP kavram\u0131n\u0131n yeniden yorumlanmas\u0131yla farkl\u0131 bir platform \u00fczerinde geli\u015ftirilen Tiger 3, zengin \u00f6zelliklerinin yan\u0131 s\u0131ra, de\u011fi\u015fen ihtiya\u00e7lara kolayl\u0131kla uyum sa\u011flayan esnek bir yap\u0131ya sahiptir. Uygun sahip olma ko\u015fullar\u0131 ile t\u00fcm sekt\u00f6rlerde; sat\u0131\u015f, da\u011f\u0131t\u0131m, hizmet alanlar\u0131nda faaliyet g\u00f6steren i\u015fletmelere, kurumsal ve operasyonel anlamda tam kapsaml\u0131 \u00e7\u00f6z\u00fcm sunar. H\u0131zl\u0131 Adaptasyon \u0130mkan\u0131Sa\u011flad\u0131\u011f\u0131 kolay kullan\u0131c\u0131 aray\u00fcz\u00fc sayesinde, \u00f6\u011frenim [&hellip;]<\/p>\n","protected":false},"author":1,"featured_media":0,"parent":0,"menu_order":0,"comment_status":"closed","ping_status":"closed","template":"builder.php","meta":{"footnotes":""},"class_list":["post-1039","page","type-page","status-publish","hentry"],"aioseo_notices":[],"_links":{"self":[{"href":"https:\/\/www.emeks.biz.tr\/index.php\/wp-json\/wp\/v2\/pages\/1039","targetHints":{"allow":["GET"]}}],"collection":[{"href":"https:\/\/www.emeks.biz.tr\/index.php\/wp-json\/wp\/v2\/pages"}],"about":[{"href":"https:\/\/www.emeks.biz.tr\/index.php\/wp-json\/wp\/v2\/types\/page"}],"author":[{"embeddable":true,"href":"https:\/\/www.emeks.biz.tr\/index.php\/wp-json\/wp\/v2\/users\/1"}],"replies":[{"embeddable":true,"href":"https:\/\/www.emeks.biz.tr\/index.php\/wp-json\/wp\/v2\/comments?post=1039"}],"version-history":[{"count":2,"href":"https:\/\/www.emeks.biz.tr\/index.php\/wp-json\/wp\/v2\/pages\/1039\/revisions"}],"predecessor-version":[{"id":4659,"href":"https:\/\/www.emeks.biz.tr\/index.php\/wp-json\/wp\/v2\/pages\/1039\/revisions\/4659"}],"wp:attachment":[{"href":"https:\/\/www.emeks.biz.tr\/index.php\/wp-json\/wp\/v2\/media?parent=1039"}],"curies":[{"name":"wp","href":"https:\/\/api.w.org\/{rel}","templated":true}]}}